{"id":693418,"date":"2025-08-27T14:13:56","date_gmt":"2025-08-27T11:13:56","guid":{"rendered":"https:\/\/roveyayinevi.com.tr\/index.php\/urun\/gelenekten-gelecege-halkoyunlari\/"},"modified":"2026-01-29T02:05:54","modified_gmt":"2026-01-28T23:05:54","slug":"gelenekten-gelecege-halkoyunlari","status":"publish","type":"product","link":"https:\/\/roveyayinevi.com.tr\/index.php\/urun\/gelenekten-gelecege-halkoyunlari\/","title":{"rendered":"Gelenekten Gelece\u011fe Halkoyunlar\u0131"},"content":{"rendered":"<p>T\u00fcrkiye Halk Oyunlar\u0131n\u0131, yaln\u0131zca tek bir k\u00fclt\u00fcre mal edip, T\u00fcrk Halk Oyunlar\u0131 \u015feklinde genelleme ve bunu illere g\u00f6re adland\u0131rma \u00e7abas\u0131, ulusal k\u00fclt\u00fcrleri homojenmi\u015f gibi g\u00f6rmekten kaynaklanan siyasi bir yakla\u015f\u0131md\u0131r. Oysaki ulusal k\u00fclt\u00fcr i\u00e7inde, \u00e7ok farkl\u0131 dokular\u0131n olmas\u0131 yad\u0131rganacak, utan\u0131lacak bir durum olmaktan \u00f6te, sosyal bilimlerin do\u011frulad\u0131\u011f\u0131 ve herkesin kabullendi\u011fi bir ger\u00e7ekliktir. Bunun yokmu\u015f gibi alg\u0131lanmas\u0131 k\u00fclt\u00fcrel kimli\u011fin inkar\u0131 anlam\u0131na gelmektedir. Anadolu&#8217;da herkes bar tutup, halay m\u0131 \u00e7ekmektedir, yoksa zeybek oynay\u0131p, horon mu tepmektedir? <\/p>\n","protected":false},"excerpt":{"rendered":"<p>T\u00fcrkiye Halk Oyunlar\u0131n\u0131, yaln\u0131zca tek bir k\u00fclt\u00fcre mal edip, T\u00fcrk Halk Oyunlar\u0131 \u015feklinde genelleme ve bunu illere g\u00f6re adland\u0131rma \u00e7abas\u0131, ulusal k\u00fclt\u00fcrleri homojenmi\u015f gibi g\u00f6rmekten kaynaklanan<span class=\"excerpt-hellip\"> [\u2026]<\/span><\/p>\n","protected":false},"featured_media":0,"template":"","meta":{"_monsterinsights_skip_tracking":false,"_monsterinsights_sitenote_active":false,"_monsterinsights_sitenote_note":"","_monsterinsights_sitenote_category":0},"product_brand":[],"product_cat":[13633,12324],"product_tag":[],"class_list":{"0":"post-693418","1":"product","2":"type-product","3":"status-publish","5":"product_cat-kultur-ve-bilim","6":"product_cat-sosyoloji","7":"pa_cilt-ciltsiz","8":"pa_tur-kitap","9":"pa_yayinevi-utopya-yayinevi","10":"pa_yazar-mesude-egilmez","12":"first","13":"instock","14":"sale","15":"shipping-taxable","16":"purchasable","17":"product-type-simple"},"_links":{"self":[{"href":"https:\/\/roveyayinevi.com.tr\/index.php\/wp-json\/wp\/v2\/product\/693418","targetHints":{"allow":["GET"]}}],"collection":[{"href":"https:\/\/roveyayinevi.com.tr\/index.php\/wp-json\/wp\/v2\/product"}],"about":[{"href":"https:\/\/roveyayinevi.com.tr\/index.php\/wp-json\/wp\/v2\/types\/product"}],"wp:attachment":[{"href":"https:\/\/roveyayinevi.com.tr\/index.php\/wp-json\/wp\/v2\/media?parent=693418"}],"wp:term":[{"taxonomy":"product_brand","embeddable":true,"href":"https:\/\/roveyayinevi.com.tr\/index.php\/wp-json\/wp\/v2\/product_brand?post=693418"},{"taxonomy":"product_cat","embeddable":true,"href":"https:\/\/roveyayinevi.com.tr\/index.php\/wp-json\/wp\/v2\/product_cat?post=693418"},{"taxonomy":"product_tag","embeddable":true,"href":"https:\/\/roveyayinevi.com.tr\/index.php\/wp-json\/wp\/v2\/product_tag?post=693418"}],"curies":[{"name":"wp","href":"https:\/\/api.w.org\/{rel}","templated":true}]}}