{"id":693416,"date":"2025-08-27T14:13:56","date_gmt":"2025-08-27T11:13:56","guid":{"rendered":"https:\/\/roveyayinevi.com.tr\/index.php\/urun\/egitime-felsefi-ve-ideolojik-yaklasimlar\/"},"modified":"2026-01-29T02:05:54","modified_gmt":"2026-01-28T23:05:54","slug":"egitime-felsefi-ve-ideolojik-yaklasimlar","status":"publish","type":"product","link":"https:\/\/roveyayinevi.com.tr\/index.php\/urun\/egitime-felsefi-ve-ideolojik-yaklasimlar\/","title":{"rendered":"E\u011fitime Felsefi ve \u0130deolojik Yakla\u015f\u0131mlar"},"content":{"rendered":"<p>Elinizdeki kitap, Amerikal\u0131 profes\u00f6r Gerald L. Gutek&#8217;in \u015eikogo Loyola \u00dcniversi&#8217;nde \u00f6\u011fretmen e\u011fitimi program\u0131na y\u00f6nelik olarak yapt\u0131\u011f\u0131 ara\u015ft\u0131rma ve \u00e7al\u0131\u015fmalar\u0131n\u0131n sonucunda ortaya \u00e7\u0131km\u0131\u015ft\u0131r. E\u011fitime ili\u015fkin felsefi ve ideolojik d\u00fc\u015f\u00fcnceler ile kuramlar\u0131 hem kaynaklar\u0131, hem de geli\u015fimleri bak\u0131m\u0131nda tarihsel bir s\u00fcre\u00e7 i\u00e7inde de\u011ferlendiren eser, bu nedenle e\u011fitim d\u00fc\u015f\u00fcnceleri tarihe de bir \u0131\u015f\u0131k tutmaktad\u0131r. Eserde, felsefi sistemler, ideolojiler ve kuramlar\u0131n baz ald\u0131klar\u0131 kavramlar irdelenip kapsaml\u0131 olarak a\u00e7\u0131klanm\u0131\u015f, s\u00f6zgelimi \u00dctopyac\u0131l\u0131\u011f\u0131n Liberalizmi ele\u015ftirisi, \u00e7a\u011fda\u015f e\u011fitime Varolu\u015f\u00e7ulu\u011fun getirdi\u011fi ele\u015ftiri gibi konulara yer verilmesi sistem ve kurumlar aras\u0131nda kar\u015f\u0131la\u015ft\u0131rma yap\u0131lmas\u0131na olanak sa\u011flam\u0131\u015ft\u0131r. Ayr\u0131ca eserin bir di\u011fer \u00f6nemli niteli\u011fi birbirine kar\u015ft\u0131r\u0131lan &#8216;felsefi sistem&#8217;, &#8216;ideoloji&#8217; ve &#8216;kuram&#8217; kavramlar\u0131na a\u00e7\u0131kl\u0131k getirerek bunlar aras\u0131ndaki ili\u015fkileri serimlemi\u015f olmas\u0131d\u0131r. Kitap, \u00f6ncelikle \u00f6\u011fretmen e\u011fitimi programlar\u0131ndaki e\u011fitim felsefesi ya da e\u011fitimin k\u00fclt\u00fcrel temelleri gibi derslerde kullan\u0131lmak \u00fczere tasarlam\u0131\u015f olmakla birlikte, i\u00e7erdi\u011fi konular nedeniyle e\u011fitim felsefesinin yan\u0131 s\u0131ra, e\u011fitim sosyolojisi, e\u011fitim tarihi alanlar\u0131nda ve e\u011fitimle ilgili di\u011fer dersler ve yap\u0131lacak ara\u015ft\u0131rmalarda yararlan\u0131labilecek temel bir kaynak olma \u00f6zelli\u011fi ta\u015f\u0131maktad\u0131r. <\/p>\n","protected":false},"excerpt":{"rendered":"<p>Elinizdeki kitap, Amerikal\u0131 profes\u00f6r Gerald L. Gutek&#8217;in \u015eikogo Loyola \u00dcniversi&#8217;nde \u00f6\u011fretmen e\u011fitimi program\u0131na y\u00f6nelik olarak yapt\u0131\u011f\u0131 ara\u015ft\u0131rma ve \u00e7al\u0131\u015fmalar\u0131n\u0131n sonucunda ortaya \u00e7\u0131km\u0131\u015ft\u0131r. E\u011fitime ili\u015fkin felsefi ve<span class=\"excerpt-hellip\"> [\u2026]<\/span><\/p>\n","protected":false},"featured_media":0,"template":"","meta":{"_monsterinsights_skip_tracking":false,"_monsterinsights_sitenote_active":false,"_monsterinsights_sitenote_note":"","_monsterinsights_sitenote_category":0},"product_brand":[],"product_cat":[12389,12388],"product_tag":[],"class_list":{"0":"post-693416","1":"product","2":"type-product","3":"status-publish","5":"product_cat-diger-felsefe","6":"product_cat-felsefe","7":"pa_cilt-ciltsiz","8":"pa_tur-kitap","9":"pa_yayinevi-utopya-yayinevi","10":"pa_yazar-gerald-l-gutek","12":"first","13":"instock","14":"sale","15":"shipping-taxable","16":"purchasable","17":"product-type-simple"},"_links":{"self":[{"href":"https:\/\/roveyayinevi.com.tr\/index.php\/wp-json\/wp\/v2\/product\/693416","targetHints":{"allow":["GET"]}}],"collection":[{"href":"https:\/\/roveyayinevi.com.tr\/index.php\/wp-json\/wp\/v2\/product"}],"about":[{"href":"https:\/\/roveyayinevi.com.tr\/index.php\/wp-json\/wp\/v2\/types\/product"}],"wp:attachment":[{"href":"https:\/\/roveyayinevi.com.tr\/index.php\/wp-json\/wp\/v2\/media?parent=693416"}],"wp:term":[{"taxonomy":"product_brand","embeddable":true,"href":"https:\/\/roveyayinevi.com.tr\/index.php\/wp-json\/wp\/v2\/product_brand?post=693416"},{"taxonomy":"product_cat","embeddable":true,"href":"https:\/\/roveyayinevi.com.tr\/index.php\/wp-json\/wp\/v2\/product_cat?post=693416"},{"taxonomy":"product_tag","embeddable":true,"href":"https:\/\/roveyayinevi.com.tr\/index.php\/wp-json\/wp\/v2\/product_tag?post=693416"}],"curies":[{"name":"wp","href":"https:\/\/api.w.org\/{rel}","templated":true}]}}