{"id":693415,"date":"2025-08-27T14:13:56","date_gmt":"2025-08-27T11:13:56","guid":{"rendered":"https:\/\/roveyayinevi.com.tr\/index.php\/urun\/suyun-ekonomi-politigi\/"},"modified":"2026-01-29T02:05:54","modified_gmt":"2026-01-28T23:05:54","slug":"suyun-ekonomi-politigi","status":"publish","type":"product","link":"https:\/\/roveyayinevi.com.tr\/index.php\/urun\/suyun-ekonomi-politigi\/","title":{"rendered":"Suyun Ekonomi-Politi\u011fi"},"content":{"rendered":"<p>Karl Marx, yerinden edilme yoluyla kullan\u0131m de\u011ferlerinin nas\u0131l metalara d\u00f6n\u00fc\u015ft\u00fcr\u00fcld\u00fc\u011f\u00fcn\u00fc anlatt\u0131ktan sonra (demiryollar\u0131 \u00f6rne\u011fini verir), yerlerinden edilmeleri ve metaya d\u00f6n\u00fc\u015ft\u00fcr\u00fclmeleri d\u00fc\u015f\u00fcn\u00fclemeyece\u011finden, iki kullan\u0131m de\u011ferinin t\u00fcm\u00fcyle analiz \u00e7er\u00e7evesi d\u0131\u015f\u0131nda kald\u0131\u011f\u0131n\u0131 s\u00f6ylemi\u015fti: temiz hava ve temiz su.  Bug\u00fcne kadar insanl\u0131k suyun bedava oldu\u011funu san\u0131yordu. \u015eimdi ender oldu\u011funu biliyoruz. \u015eu halde onu ender mallar\u0131 y\u00f6netti\u011fimiz kurallara g\u00f6re y\u00f6netmemiz gerekiyor: piyasan\u0131n demir yasalar\u0131. Piyasan\u0131n olmad\u0131\u011f\u0131 yerde sahte-piyasa yaratal\u0131m.  Bu, pratikte \u015fu anlama geliyor: Her t\u00fcrl\u00fc  \u00e7ekilme noktas\u0131n\u0131  (kuyular, su birikintileri, g\u00f6ller, \u0131rmaklar, kaynaklar) denetim alt\u0131na al. Suyu borulara doldur. Onu uzaklara g\u00f6nder. Su talebini yaratan antropolojik imgeyi t\u00fcrde\u015fle\u015ftir (kokusuz insan, g\u00fcndelik du\u015flar vb.). Ancak arz ve talep bir uroborouros olu\u015fturuyor: kendi kuyru\u011funu yiyen y\u0131lan&#8230; <\/p>\n","protected":false},"excerpt":{"rendered":"<p>Karl Marx, yerinden edilme yoluyla kullan\u0131m de\u011ferlerinin nas\u0131l metalara d\u00f6n\u00fc\u015ft\u00fcr\u00fcld\u00fc\u011f\u00fcn\u00fc anlatt\u0131ktan sonra (demiryollar\u0131 \u00f6rne\u011fini verir), yerlerinden edilmeleri ve metaya d\u00f6n\u00fc\u015ft\u00fcr\u00fclmeleri d\u00fc\u015f\u00fcn\u00fclemeyece\u011finden, iki kullan\u0131m de\u011ferinin t\u00fcm\u00fcyle analiz<span class=\"excerpt-hellip\"> [\u2026]<\/span><\/p>\n","protected":false},"featured_media":0,"template":"","meta":{"_monsterinsights_skip_tracking":false,"_monsterinsights_sitenote_active":false,"_monsterinsights_sitenote_note":"","_monsterinsights_sitenote_category":0},"product_brand":[],"product_cat":[12965,12337],"product_tag":[],"class_list":{"0":"post-693415","1":"product","2":"type-product","3":"status-publish","5":"product_cat-genel-politika","6":"product_cat-politika-siyaset","7":"pa_cilt-ciltsiz","8":"pa_tur-kitap","9":"pa_yayinevi-utopya-yayinevi","10":"pa_yazar-jean-robert","12":"first","13":"instock","14":"sale","15":"shipping-taxable","16":"purchasable","17":"product-type-simple"},"_links":{"self":[{"href":"https:\/\/roveyayinevi.com.tr\/index.php\/wp-json\/wp\/v2\/product\/693415","targetHints":{"allow":["GET"]}}],"collection":[{"href":"https:\/\/roveyayinevi.com.tr\/index.php\/wp-json\/wp\/v2\/product"}],"about":[{"href":"https:\/\/roveyayinevi.com.tr\/index.php\/wp-json\/wp\/v2\/types\/product"}],"wp:attachment":[{"href":"https:\/\/roveyayinevi.com.tr\/index.php\/wp-json\/wp\/v2\/media?parent=693415"}],"wp:term":[{"taxonomy":"product_brand","embeddable":true,"href":"https:\/\/roveyayinevi.com.tr\/index.php\/wp-json\/wp\/v2\/product_brand?post=693415"},{"taxonomy":"product_cat","embeddable":true,"href":"https:\/\/roveyayinevi.com.tr\/index.php\/wp-json\/wp\/v2\/product_cat?post=693415"},{"taxonomy":"product_tag","embeddable":true,"href":"https:\/\/roveyayinevi.com.tr\/index.php\/wp-json\/wp\/v2\/product_tag?post=693415"}],"curies":[{"name":"wp","href":"https:\/\/api.w.org\/{rel}","templated":true}]}}