{"id":693414,"date":"2025-08-27T14:13:56","date_gmt":"2025-08-27T11:13:56","guid":{"rendered":"https:\/\/roveyayinevi.com.tr\/index.php\/urun\/sanatin-felsefesi-felsefenin-sanati\/"},"modified":"2026-01-29T02:05:54","modified_gmt":"2026-01-28T23:05:54","slug":"sanatin-felsefesi-felsefenin-sanati","status":"publish","type":"product","link":"https:\/\/roveyayinevi.com.tr\/index.php\/urun\/sanatin-felsefesi-felsefenin-sanati\/","title":{"rendered":"Sanat\u0131n Felsefesi Felsefenin Sanat\u0131"},"content":{"rendered":"<p>Bu kitap, sanat\u0131n ne\u2019li\u011fi \u00fczerine kafa yoran filozof, d\u00fc\u015f\u00fcn\u00fcr ve sanat\u00e7\u0131lar\u0131n metinlerinden olu\u015fuyor. Sartre, Croce, Dewey ve Heidegger\u2019e ait ilk be\u015f metin sanat\u0131n \u2018ne\u2019li\u011fine de\u011finiyor; estetik alan\u0131na yeni tart\u0131\u015fmalar getiriyor. Hemen ard\u0131ndan Taminiaux da Heidegger\u2019in \u2018Sanat Yap\u0131t\u0131n\u0131n K\u00f6keni\u2019 adl\u0131 \u00f6nemli \u00e7al\u0131\u015fmas\u0131n\u0131n izini s\u00fcr\u00fcyor. Adorno\u2019nun yaz\u0131s\u0131, yak\u0131n arkada\u015f\u0131 Benjamin\u2019in \u2018Mekanik Yeniden \u00dcretim \u00c7a\u011f\u0131nda Sanat Yap\u0131t\u0131\u2019 adl\u0131 \u00fcnl\u00fc makalesine bir ele\u015ftiri niteli\u011fi ta\u015f\u0131yor. Lukacs burjuvazinin bireycilik anlay\u0131\u015f\u0131yla, suland\u0131r\u0131lm\u0131\u015f bir ger\u00e7ek\u00e7ili\u011fin birbirlerini besledi\u011fini; ancak, bunlar\u0131n perspektifsizliklerinin ortaya serilmesini ve ala\u015fa\u011f\u0131 edilmesi gerekti\u011fini savunuyor. Camus ise, gerek kapitalist gerek totaliter rejimlerin sanattaki yarat\u0131c\u0131 d\u00fcrt\u00fcy\u00fc \u00f6ld\u00fcrd\u00fc\u011f\u00fcn\u00fc ileri s\u00fcrerek, her t\u00fcrl\u00fc dayatmac\u0131 zihniyete kar\u015f\u0131 ba\u015fkald\u0131rmay\u0131 \u00f6\u011f\u00fctl\u00fcyor. Langer, bilimde ve sanatta soyutlamadan ne anla\u015f\u0131lmas\u0131 gerekti\u011fine e\u011filirken; Greenberg ve Krauss ise \u2018ki\u00e7\u2019 konusuna el at\u0131yorlar. Ele\u015ftirmen ve sanat tarih\u00e7isi Fried, minimal ve kavramsal sanat yanl\u0131lar\u0131n\u0131n sald\u0131r\u0131lar\u0131na kar\u015f\u0131, resim sanat\u0131n\u0131n s\u00f6zc\u00fcl\u00fc\u011f\u00fcn\u00fc yap\u0131yor. Kaprow do\u011fal \u00e7evredeki insan eylemlerine, Smithson da ba\u015fl\u0131ba\u015f\u0131na do\u011fal \u00e7evreye dikkat \u00e7ekerek, bir yandan sanata yeni alanlar \u00f6nerirlerken bir yandan da galeri ve k\u00fcrat\u00f6rlerin dayatmalar\u0131na nas\u0131l kar\u015f\u0131 \u00e7\u0131k\u0131lmas\u0131 gerekti\u011fine kafa yoruyor. Buren, Atkinson ve Baldwin resim sanat\u0131n\u0131n egemenli\u011fine ba\u015fkald\u0131r\u0131rken, Manzoni ve Schier ise resim sanat\u0131n\u0131n h\u00e2l\u00e2 s\u00f6yleyecek bir \u015feyleri oldu\u011funu savunuyor. Son olarak Rose, g\u00f6rsel bir imge olarak cinsel beden politikalar\u0131 \u00fczerine d\u00fc\u015f\u00fcn\u00fcyor; yeni bir dille tarihin yeniden yaz\u0131lmas\u0131 gerekti\u011fine i\u015faret ediyor. Topluca bak\u0131ld\u0131\u011f\u0131nda, kitaptaki metinler sanata ili\u015fkin belli bir d\u00fc\u015f\u00fcncenin izini s\u00fcrmekten \u00e7ok, farkl\u0131 d\u00fc\u015f\u00fcnce ve yakla\u015f\u0131mlar\u0131 yans\u0131t\u0131yor, yeni a\u00e7\u0131l\u0131mlar \u00f6neriyorlar. Sanat\u0131n Felsefesi, Felsefenin Sanat\u0131 \u2018\u00e7a\u011fda\u015f sanat\u2019 ve \u2018d\u00fc\u015f\u00fcnce\u2019 konular\u0131nda kafa yoranlar\u0131n, i\u015f \u00fcretenlerin okumas\u0131 gereken bir kitap. <\/p>\n","protected":false},"excerpt":{"rendered":"<p>Bu kitap, sanat\u0131n ne\u2019li\u011fi \u00fczerine kafa yoran filozof, d\u00fc\u015f\u00fcn\u00fcr ve sanat\u00e7\u0131lar\u0131n metinlerinden olu\u015fuyor. Sartre, Croce, Dewey ve Heidegger\u2019e ait ilk be\u015f metin sanat\u0131n \u2018ne\u2019li\u011fine de\u011finiyor; estetik<span class=\"excerpt-hellip\"> [\u2026]<\/span><\/p>\n","protected":false},"featured_media":0,"template":"","meta":{"_monsterinsights_skip_tracking":false,"_monsterinsights_sitenote_active":false,"_monsterinsights_sitenote_note":"","_monsterinsights_sitenote_category":0},"product_brand":[],"product_cat":[12388,15309],"product_tag":[],"class_list":{"0":"post-693414","1":"product","2":"type-product","3":"status-publish","5":"product_cat-felsefe","6":"product_cat-felsefi-akimlar","7":"pa_cilt-ciltsiz","8":"pa_tur-kitap","9":"pa_yayinevi-utopya-yayinevi","10":"pa_yazar-derleme","12":"first","13":"instock","14":"sale","15":"shipping-taxable","16":"purchasable","17":"product-type-simple"},"_links":{"self":[{"href":"https:\/\/roveyayinevi.com.tr\/index.php\/wp-json\/wp\/v2\/product\/693414","targetHints":{"allow":["GET"]}}],"collection":[{"href":"https:\/\/roveyayinevi.com.tr\/index.php\/wp-json\/wp\/v2\/product"}],"about":[{"href":"https:\/\/roveyayinevi.com.tr\/index.php\/wp-json\/wp\/v2\/types\/product"}],"wp:attachment":[{"href":"https:\/\/roveyayinevi.com.tr\/index.php\/wp-json\/wp\/v2\/media?parent=693414"}],"wp:term":[{"taxonomy":"product_brand","embeddable":true,"href":"https:\/\/roveyayinevi.com.tr\/index.php\/wp-json\/wp\/v2\/product_brand?post=693414"},{"taxonomy":"product_cat","embeddable":true,"href":"https:\/\/roveyayinevi.com.tr\/index.php\/wp-json\/wp\/v2\/product_cat?post=693414"},{"taxonomy":"product_tag","embeddable":true,"href":"https:\/\/roveyayinevi.com.tr\/index.php\/wp-json\/wp\/v2\/product_tag?post=693414"}],"curies":[{"name":"wp","href":"https:\/\/api.w.org\/{rel}","templated":true}]}}