{"id":693410,"date":"2025-08-27T14:13:55","date_gmt":"2025-08-27T11:13:55","guid":{"rendered":"https:\/\/roveyayinevi.com.tr\/index.php\/urun\/egitim-ve-iktidar\/"},"modified":"2026-01-29T02:05:54","modified_gmt":"2026-01-28T23:05:54","slug":"egitim-ve-iktidar","status":"publish","type":"product","link":"https:\/\/roveyayinevi.com.tr\/index.php\/urun\/egitim-ve-iktidar\/","title":{"rendered":"E\u011fitim ve \u0130ktidar"},"content":{"rendered":"<p>E\u011fitim, m\u00fcfredat, ders kitaplar\u0131 gibi konular, sadece sosyolojik bir modernite projesinin par\u00e7as\u0131 de\u011fildir; siyasal iktidar\u0131 ve devleti ilgilendiren s\u0131n\u0131fsal bir boyut da s\u00f6z konusudur. E\u011fitim ve ders kitaplar\u0131, modern kapitalist devletlerin en \u00f6nemli ideolojik ara\u00e7lar\u0131ndan biridir. Siyasal iktidar ya da devlet, \u2018zor\u2019un yan\u0131 s\u0131ra, bir ideoloji gibi de \u00e7al\u0131\u015ft\u0131r\u0131lan e\u011fitimle kendini egemen k\u0131lmaya \u00e7al\u0131\u015f\u0131r. T\u00fcrkiye\u2019de ders kitaplar\u0131nda tarih bilgisi\/bilimi sava\u015flara endekslenir, sosyal olgular g\u00f6rmezden gelinir, kad\u0131n cinsi erkek kar\u015f\u0131s\u0131nda \u2018a\u015fa\u011f\u0131lan\u0131r\u2019, farkl\u0131l\u0131klar d\u0131\u015flan\u0131p \u2018benzerlik ve birlik\u2019ler y\u00fcceltilir ve b\u00f6ylece e\u011fitim sistemi tam bir ideolojik ayg\u0131ta d\u00f6n\u00fc\u015f\u00fcr, ola\u011fan\u00fcst\u00fc d\u00f6nemlerde ise t\u00fcmden siyasal iktidarlar\u0131n g\u00fcd\u00fcm\u00fcne girer. \u2018T\u00fcrk ders kitaplar\u0131, Frans\u0131z Devrimi sonras\u0131 demokratik de\u011ferleri i\u00e7eren yurtta\u015fl\u0131\u011fa dayal\u0131 milliyet\u00e7ilikle \u0131rk, k\u00fclt\u00fcr ve tarihsel k\u00f6klere a\u011f\u0131rl\u0131k veren Alman Romantik gelene\u011fini ifade eden etnik milliyet\u00e7ilik aras\u0131nda yer alan milliyet\u00e7i bir anlay\u0131\u015f\u0131n gerilimlerini ta\u015f\u0131m\u0131\u015ft\u0131r.\u2019 Siyasal yap\u0131 ve devlet \u00f6rg\u00fctlenmesi gibi e\u011fitim alan\u0131nda da bi\u00e7imsel bir demokrasi ile \u2018T\u00fcrk\u00e7\u00fc milliyet\u00e7ilik\u2019 i\u00e7 i\u00e7e ge\u00e7irilmeye \u00e7al\u0131\u015f\u0131lm\u0131\u015f; Ayd\u0131nlanma ve moderniteye dayal\u0131 bir yurtta\u015fl\u0131k \u00e7er\u00e7evesinde anlamland\u0131r\u0131lan jakoben\/otoriter bir siyasal yap\u0131 \u00e7o\u011fu zaman tek kimlik\u00e7i etnik bir milliyet\u00e7ilikle desteklenmi\u015ftir. Kitap, 27 May\u0131s ve 12 Eyl\u00fcl\u2019\u00fcn politika ve e\u011fitsel uygulamalar\u0131n\u0131n son derece otoriter, yer yer totaliter kristalle\u015fmesinin e\u011fitim ve ders kitaplar\u0131 \u00fczerindeki yans\u0131mas\u0131n\u0131 demokratik ve milliyet\u00e7i de\u011ferler a\u00e7\u0131s\u0131ndan sorgularken, e\u011fitimin i\u00e7erik ve tan\u0131m\u0131na da ele\u015ftirel bir yakla\u015f\u0131m getirmektedir. <\/p>\n","protected":false},"excerpt":{"rendered":"<p>E\u011fitim, m\u00fcfredat, ders kitaplar\u0131 gibi konular, sadece sosyolojik bir modernite projesinin par\u00e7as\u0131 de\u011fildir; siyasal iktidar\u0131 ve devleti ilgilendiren s\u0131n\u0131fsal bir boyut da s\u00f6z konusudur. E\u011fitim ve<span class=\"excerpt-hellip\"> [\u2026]<\/span><\/p>\n","protected":false},"featured_media":0,"template":"","meta":{"_monsterinsights_skip_tracking":false,"_monsterinsights_sitenote_active":false,"_monsterinsights_sitenote_note":"","_monsterinsights_sitenote_category":0},"product_brand":[],"product_cat":[12965,12337],"product_tag":[],"class_list":{"0":"post-693410","1":"product","2":"type-product","3":"status-publish","5":"product_cat-genel-politika","6":"product_cat-politika-siyaset","7":"pa_cilt-ciltsiz","8":"pa_tur-kitap","9":"pa_yayinevi-utopya-yayinevi","10":"pa_yazar-kemal-inal","12":"first","13":"instock","14":"sale","15":"shipping-taxable","16":"purchasable","17":"product-type-simple"},"_links":{"self":[{"href":"https:\/\/roveyayinevi.com.tr\/index.php\/wp-json\/wp\/v2\/product\/693410","targetHints":{"allow":["GET"]}}],"collection":[{"href":"https:\/\/roveyayinevi.com.tr\/index.php\/wp-json\/wp\/v2\/product"}],"about":[{"href":"https:\/\/roveyayinevi.com.tr\/index.php\/wp-json\/wp\/v2\/types\/product"}],"wp:attachment":[{"href":"https:\/\/roveyayinevi.com.tr\/index.php\/wp-json\/wp\/v2\/media?parent=693410"}],"wp:term":[{"taxonomy":"product_brand","embeddable":true,"href":"https:\/\/roveyayinevi.com.tr\/index.php\/wp-json\/wp\/v2\/product_brand?post=693410"},{"taxonomy":"product_cat","embeddable":true,"href":"https:\/\/roveyayinevi.com.tr\/index.php\/wp-json\/wp\/v2\/product_cat?post=693410"},{"taxonomy":"product_tag","embeddable":true,"href":"https:\/\/roveyayinevi.com.tr\/index.php\/wp-json\/wp\/v2\/product_tag?post=693410"}],"curies":[{"name":"wp","href":"https:\/\/api.w.org\/{rel}","templated":true}]}}