{"id":693408,"date":"2025-08-27T14:13:54","date_gmt":"2025-08-27T11:13:54","guid":{"rendered":"https:\/\/roveyayinevi.com.tr\/index.php\/urun\/devlet-tartismalari\/"},"modified":"2026-01-29T02:05:54","modified_gmt":"2026-01-28T23:05:54","slug":"devlet-tartismalari","status":"publish","type":"product","link":"https:\/\/roveyayinevi.com.tr\/index.php\/urun\/devlet-tartismalari\/","title":{"rendered":"Devlet Tart\u0131\u015fmalar\u0131"},"content":{"rendered":"<p>Bu derlemede yer alan bildiriler kapitalist devlete y\u00f6nelik belli bir yakla\u015f\u0131m\u0131 ortaya koymaktad\u0131r; bu yakla\u015f\u0131m 1970&#8217;lerde Sosyalist \u0130ktisat\u00e7\u0131lar Konferans\u0131&#8217;n\u0131n (CSE) \u00e7al\u0131\u015fma gruplar\u0131 i\u00e7erisinde geli\u015ftirilmi\u015ftir. S\u00f6z konusu bildiriler toplu m\u00fczakerelerden yola \u00e7\u0131k\u0131larak haz\u0131rlanm\u0131\u015fsa da, CSE i\u00e7indeki ve hatta ilgili \u00e7al\u0131\u015fma gruplar\u0131 i\u00e7indeki bir uzla\u015fmay\u0131 ifade etmekten uzakt\u0131r. Bu bildirilerin se\u00e7ilme nedeni de CSE i\u00e7erisinde y\u00fcr\u00fct\u00fclen \u00e7al\u0131\u015fmalar\u0131n tipik birer yans\u0131mas\u0131 olmalar\u0131 de\u011fil, devlet konusunda ayr\u0131cal\u0131kl\u0131 bir kuramsal yakla\u015f\u0131m sergilemeleridir. <\/p>\n","protected":false},"excerpt":{"rendered":"<p>Bu derlemede yer alan bildiriler kapitalist devlete y\u00f6nelik belli bir yakla\u015f\u0131m\u0131 ortaya koymaktad\u0131r; bu yakla\u015f\u0131m 1970&#8217;lerde Sosyalist \u0130ktisat\u00e7\u0131lar Konferans\u0131&#8217;n\u0131n (CSE) \u00e7al\u0131\u015fma gruplar\u0131 i\u00e7erisinde geli\u015ftirilmi\u015ftir. S\u00f6z konusu<span class=\"excerpt-hellip\"> [\u2026]<\/span><\/p>\n","protected":false},"featured_media":0,"template":"","meta":{"_monsterinsights_skip_tracking":false,"_monsterinsights_sitenote_active":false,"_monsterinsights_sitenote_note":"","_monsterinsights_sitenote_category":0},"product_brand":[],"product_cat":[12338,12337],"product_tag":[],"class_list":{"0":"post-693408","1":"product","2":"type-product","3":"status-publish","5":"product_cat-dunya-siyaseti-ve-politikasi","6":"product_cat-politika-siyaset","7":"pa_cilt-ciltsiz","8":"pa_tur-kitap","9":"pa_yayinevi-utopya-yayinevi","10":"pa_yazar-kolektif","12":"first","13":"instock","14":"sale","15":"shipping-taxable","16":"purchasable","17":"product-type-simple"},"_links":{"self":[{"href":"https:\/\/roveyayinevi.com.tr\/index.php\/wp-json\/wp\/v2\/product\/693408","targetHints":{"allow":["GET"]}}],"collection":[{"href":"https:\/\/roveyayinevi.com.tr\/index.php\/wp-json\/wp\/v2\/product"}],"about":[{"href":"https:\/\/roveyayinevi.com.tr\/index.php\/wp-json\/wp\/v2\/types\/product"}],"wp:attachment":[{"href":"https:\/\/roveyayinevi.com.tr\/index.php\/wp-json\/wp\/v2\/media?parent=693408"}],"wp:term":[{"taxonomy":"product_brand","embeddable":true,"href":"https:\/\/roveyayinevi.com.tr\/index.php\/wp-json\/wp\/v2\/product_brand?post=693408"},{"taxonomy":"product_cat","embeddable":true,"href":"https:\/\/roveyayinevi.com.tr\/index.php\/wp-json\/wp\/v2\/product_cat?post=693408"},{"taxonomy":"product_tag","embeddable":true,"href":"https:\/\/roveyayinevi.com.tr\/index.php\/wp-json\/wp\/v2\/product_tag?post=693408"}],"curies":[{"name":"wp","href":"https:\/\/api.w.org\/{rel}","templated":true}]}}