{"id":693406,"date":"2025-08-27T14:13:54","date_gmt":"2025-08-27T11:13:54","guid":{"rendered":"https:\/\/roveyayinevi.com.tr\/index.php\/urun\/yazgin\/"},"modified":"2026-01-29T02:05:54","modified_gmt":"2026-01-28T23:05:54","slug":"yazgin","status":"publish","type":"product","link":"https:\/\/roveyayinevi.com.tr\/index.php\/urun\/yazgin\/","title":{"rendered":"Yaz\u2019g\u0131n"},"content":{"rendered":"<p>Y\u00fcz\u00fcm\u00fc \u00e7\u00f6le tuttum; yoktum&#8230; Sesimin rengi, b\u00fcsb\u00fct\u00fcn kum&#8230; Sustum&#8230;Kaybolmak kendine d\u00f6nmektir bir yerde,kavu\u015fmak en uzak \u00fctopya&#8230;biliyorum&#8230;Ey u\u011fultulu kuyular\u0131n s\u0131cak solu\u011fu,yaln\u0131zl\u0131\u011f\u0131 y\u00fcz\u00fcme vuran kum!kimler geldi kayboldubu \u0131ss\u0131z \u00e7\u00f6lde,ben nereye gidiyorum? ! .. <\/p>\n","protected":false},"excerpt":{"rendered":"<p>Y\u00fcz\u00fcm\u00fc \u00e7\u00f6le tuttum; yoktum&#8230; Sesimin rengi, b\u00fcsb\u00fct\u00fcn kum&#8230; Sustum&#8230;Kaybolmak kendine d\u00f6nmektir bir yerde,kavu\u015fmak en uzak \u00fctopya&#8230;biliyorum&#8230;Ey u\u011fultulu kuyular\u0131n s\u0131cak solu\u011fu,yaln\u0131zl\u0131\u011f\u0131 y\u00fcz\u00fcme vuran kum!kimler geldi kayboldubu \u0131ss\u0131z<span class=\"excerpt-hellip\"> [\u2026]<\/span><\/p>\n","protected":false},"featured_media":0,"template":"","meta":{"_monsterinsights_skip_tracking":false,"_monsterinsights_sitenote_active":false,"_monsterinsights_sitenote_note":"","_monsterinsights_sitenote_category":0},"product_brand":[],"product_cat":[12291,12509],"product_tag":[],"class_list":{"0":"post-693406","1":"product","2":"type-product","3":"status-publish","5":"product_cat-edebiyat","6":"product_cat-siir","7":"pa_cilt-ciltsiz","8":"pa_tur-kitap","9":"pa_yayinevi-utopya-yayinevi","10":"pa_yazar-bulent-samci","12":"first","13":"instock","14":"sale","15":"shipping-taxable","16":"purchasable","17":"product-type-simple"},"_links":{"self":[{"href":"https:\/\/roveyayinevi.com.tr\/index.php\/wp-json\/wp\/v2\/product\/693406","targetHints":{"allow":["GET"]}}],"collection":[{"href":"https:\/\/roveyayinevi.com.tr\/index.php\/wp-json\/wp\/v2\/product"}],"about":[{"href":"https:\/\/roveyayinevi.com.tr\/index.php\/wp-json\/wp\/v2\/types\/product"}],"wp:attachment":[{"href":"https:\/\/roveyayinevi.com.tr\/index.php\/wp-json\/wp\/v2\/media?parent=693406"}],"wp:term":[{"taxonomy":"product_brand","embeddable":true,"href":"https:\/\/roveyayinevi.com.tr\/index.php\/wp-json\/wp\/v2\/product_brand?post=693406"},{"taxonomy":"product_cat","embeddable":true,"href":"https:\/\/roveyayinevi.com.tr\/index.php\/wp-json\/wp\/v2\/product_cat?post=693406"},{"taxonomy":"product_tag","embeddable":true,"href":"https:\/\/roveyayinevi.com.tr\/index.php\/wp-json\/wp\/v2\/product_tag?post=693406"}],"curies":[{"name":"wp","href":"https:\/\/api.w.org\/{rel}","templated":true}]}}