{"id":693405,"date":"2025-08-27T14:13:54","date_gmt":"2025-08-27T11:13:54","guid":{"rendered":"https:\/\/roveyayinevi.com.tr\/index.php\/urun\/uluslararasi-belgelerde-azinlik-haklari\/"},"modified":"2026-01-29T02:05:54","modified_gmt":"2026-01-28T23:05:54","slug":"uluslararasi-belgelerde-azinlik-haklari","status":"publish","type":"product","link":"https:\/\/roveyayinevi.com.tr\/index.php\/urun\/uluslararasi-belgelerde-azinlik-haklari\/","title":{"rendered":"Uluslararas\u0131 Belgelerde Az\u0131nl\u0131k Haklar\u0131"},"content":{"rendered":"<p>T\u00fcrkiye\u2019nin Avrupa Birli\u011fi\u2019ne \u00fcyelik s\u00fcrecinde ger\u00e7ekle\u015ftirdi\u011fi yasal reformlar \u00e7er\u00e7evesinde, az\u0131nl\u0131k haklar\u0131 kamuoyunda daha fazla tart\u0131\u015f\u0131l\u0131r bir konu haline gelmi\u015ftir. Az\u0131nl\u0131k haklar\u0131n\u0131n uluslararas\u0131 hukuktaki temellerinin bilinmesi, bu bak\u0131mdan \u00f6nemlidir. Uluslararas\u0131 insan haklar\u0131 hukukunun bir par\u00e7as\u0131 olan az\u0131nl\u0131k haklar\u0131 konusunda, \u00f6zellikle 1990\u2019l\u0131 y\u0131llar\u0131n ba\u015f\u0131ndan itibaren uluslararas\u0131 ve b\u00f6lgesel d\u00fczeyde daha ayr\u0131nt\u0131l\u0131 \u00e7al\u0131\u015fmalar yap\u0131lmakta ve bu konuda belgeler \u00fcretilmektedir. Birle\u015fmi\u015f Milletler, Avrupa Konseyi ve Avrupa G\u00fcvenlik ve \u0130\u015fbirli\u011fi Te\u015fkilat\u0131\u2019n\u0131n az\u0131nl\u0131k haklar\u0131yla ilgili temel belgelerinin yer ald\u0131\u011f\u0131 bu kitap, \u00f6\u011frencilerin, bilim insanlar\u0131n\u0131n, hukuk\u00e7ular\u0131n, gazetecilerin ve konuya ilgi duyan herkesin yararlanaca\u011f\u0131 temel bir ba\u015fvuru kayna\u011f\u0131 olma \u00f6zelli\u011fi ta\u015f\u0131maktad\u0131r. <\/p>\n","protected":false},"excerpt":{"rendered":"<p>T\u00fcrkiye\u2019nin Avrupa Birli\u011fi\u2019ne \u00fcyelik s\u00fcrecinde ger\u00e7ekle\u015ftirdi\u011fi yasal reformlar \u00e7er\u00e7evesinde, az\u0131nl\u0131k haklar\u0131 kamuoyunda daha fazla tart\u0131\u015f\u0131l\u0131r bir konu haline gelmi\u015ftir. Az\u0131nl\u0131k haklar\u0131n\u0131n uluslararas\u0131 hukuktaki temellerinin bilinmesi, bu<span class=\"excerpt-hellip\"> [\u2026]<\/span><\/p>\n","protected":false},"featured_media":0,"template":"","meta":{"_monsterinsights_skip_tracking":false,"_monsterinsights_sitenote_active":false,"_monsterinsights_sitenote_note":"","_monsterinsights_sitenote_category":0},"product_brand":[],"product_cat":[12965,12337],"product_tag":[],"class_list":{"0":"post-693405","1":"product","2":"type-product","3":"status-publish","5":"product_cat-genel-politika","6":"product_cat-politika-siyaset","7":"pa_cilt-ciltsiz","8":"pa_tur-kitap","9":"pa_yayinevi-utopya-yayinevi","10":"pa_yazar-zeri-inanc","12":"first","13":"instock","14":"sale","15":"shipping-taxable","16":"purchasable","17":"product-type-simple"},"_links":{"self":[{"href":"https:\/\/roveyayinevi.com.tr\/index.php\/wp-json\/wp\/v2\/product\/693405","targetHints":{"allow":["GET"]}}],"collection":[{"href":"https:\/\/roveyayinevi.com.tr\/index.php\/wp-json\/wp\/v2\/product"}],"about":[{"href":"https:\/\/roveyayinevi.com.tr\/index.php\/wp-json\/wp\/v2\/types\/product"}],"wp:attachment":[{"href":"https:\/\/roveyayinevi.com.tr\/index.php\/wp-json\/wp\/v2\/media?parent=693405"}],"wp:term":[{"taxonomy":"product_brand","embeddable":true,"href":"https:\/\/roveyayinevi.com.tr\/index.php\/wp-json\/wp\/v2\/product_brand?post=693405"},{"taxonomy":"product_cat","embeddable":true,"href":"https:\/\/roveyayinevi.com.tr\/index.php\/wp-json\/wp\/v2\/product_cat?post=693405"},{"taxonomy":"product_tag","embeddable":true,"href":"https:\/\/roveyayinevi.com.tr\/index.php\/wp-json\/wp\/v2\/product_tag?post=693405"}],"curies":[{"name":"wp","href":"https:\/\/api.w.org\/{rel}","templated":true}]}}