{"id":693402,"date":"2025-08-27T14:13:53","date_gmt":"2025-08-27T11:13:53","guid":{"rendered":"https:\/\/roveyayinevi.com.tr\/index.php\/urun\/zamanin-ruhu\/"},"modified":"2026-01-29T02:05:54","modified_gmt":"2026-01-28T23:05:54","slug":"zamanin-ruhu","status":"publish","type":"product","link":"https:\/\/roveyayinevi.com.tr\/index.php\/urun\/zamanin-ruhu\/","title":{"rendered":"Zaman\u0131n Ruhu"},"content":{"rendered":"<p>Bu kitapta yer alan yaz\u0131lar, T\u00fcrkiye&#8217;nin 2000&#8217;li y\u0131llarda y\u00f6neldi\u011fi yeni d\u00f6nem(ec)e de\u011fginler. Neo-liberal ekonomik politikalar\u0131n, T\u00fcrkiye burjuvazisinin y\u00fckselen fraksiyonu, Anadolu&#8217;nun [iktisaden liberal, k\u00fclt\u00fcrel a\u00e7\u0131dan muhafazak\u00e2r] kaplanlar\u0131 ve onlar\u0131n temsilcisi AKP eliyle pervas\u0131zca ve frensizce, iktisad\u00ee ve toplumsal ya\u015fam\u0131n b\u00fct\u00fcn alanlar\u0131n\u0131 kapsayacak tarzda yayg\u0131nla\u015ft\u0131r\u0131ld\u0131\u011f\u0131 bir d\u00f6nem.Bu yaz\u0131lar, AKP iktidar\u0131n\u0131n ayn\u0131 zamanda, &#8220;neo-Con&#8221; olarak nitelenebilecek bir projenin temsilcisi oldu\u011fu bilinciyle, sermaye birikimi ve kullan\u0131m\u0131ndaki bu kritik de\u011fi\u015fimlere e\u015flik eden k\u00fclt\u00fcrel iklim de\u011fi\u015fikli\u011fini a\u00e7\u0131mlamaya \u00e7al\u0131\u015f\u0131yor. Ancak bu metinler, &#8220;Ulusal Sol&#8221;un yapmaya e\u011filimli oldu\u011fu \u00fczere, AKP iktidar\u0131n\u0131 T\u00fcrk siyasal ya\u015fam\u0131nda radikal bir kopu\u015f (ya da daha abs\u00fcrt bir tan\u0131mla &#8220;geriye d\u00f6n\u00fc\u015f&#8221;) olarak de\u011fil, daha \u00e7ok &#8220;s\u00fcregenlik i\u00e7inde bir kopu\u015f&#8221;, olarak tan\u0131ml\u0131yor. Bunun i\u00e7indir ki, yaz\u0131lar\u0131n bir b\u00f6l\u00fcm\u00fcnde, \u00f6zellikle K\u00fcrt Sorunu ve hukuk alan\u0131nda AKP iktidar\u0131 boyunca, sona erdi\u011fi savlanan &#8220;vesayet rejimi&#8221;nde neyin\/nelerin de\u011fi\u015fti\u011fini sorgulanmakta.Ama sorgulamak yetmiyor. Kitap, neo-liberal\/neo-Con AKP sultas\u0131na kar\u015f\u0131 ne darbeci \u00f6zlemlere, ne de sand\u0131k yan\u0131lsamalar\u0131na prim vermeksizin, ger\u00e7ek ve otantik bir &#8220;Anadolu Bahar\u0131&#8221;na \u00e7a\u011f\u0131r\u0131yor okuru. Tekel direni\u015finin ve 1 May\u0131s Meydan\u0131&#8217;n\u0131n sokak sokak kazan\u0131lmas\u0131 s\u00fcrecinin toplumsal muhalefet a\u00e7\u0131s\u0131ndan i\u00e7erdi\u011fi dersleri izleyerek.\u00f6zetle, &#8220;Zaman\u0131n Ruhu&#8221; (AKP, Muhafazak\u00e2rl\u0131k, Milliyet\u00e7ilik)&#8217;te derlenen yaz\u0131lar, bu \u00fclkenin i\u00e7inden ge\u00e7ti\u011fi kritik kesite tan\u0131kl\u0131k ederken, ko\u015fullar\u0131 e\u015fit, adil ve \u00f6zg\u00fcrl\u00fck\u00e7\u00fc, payla\u015f\u0131mc\u0131 bir d\u00fcnyaya do\u011fru d\u00f6n\u00fc\u015ft\u00fcrme d\u00fc\u015f\u00fcn\u00fc payla\u015f\u0131yor\u2026Bu \u00fclkedeki milyonlarla birlikte\u2026 <\/p>\n","protected":false},"excerpt":{"rendered":"<p>Bu kitapta yer alan yaz\u0131lar, T\u00fcrkiye&#8217;nin 2000&#8217;li y\u0131llarda y\u00f6neldi\u011fi yeni d\u00f6nem(ec)e de\u011fginler. Neo-liberal ekonomik politikalar\u0131n, T\u00fcrkiye burjuvazisinin y\u00fckselen fraksiyonu, Anadolu&#8217;nun [iktisaden liberal, k\u00fclt\u00fcrel a\u00e7\u0131dan muhafazak\u00e2r] kaplanlar\u0131<span class=\"excerpt-hellip\"> [\u2026]<\/span><\/p>\n","protected":false},"featured_media":0,"template":"","meta":{"_monsterinsights_skip_tracking":false,"_monsterinsights_sitenote_active":false,"_monsterinsights_sitenote_note":"","_monsterinsights_sitenote_category":0},"product_brand":[],"product_cat":[12337,14543],"product_tag":[],"class_list":{"0":"post-693402","1":"product","2":"type-product","3":"status-publish","5":"product_cat-politika-siyaset","6":"product_cat-turkiye-siyaseti-ve-politikasi","7":"pa_cilt-ciltsiz","8":"pa_tur-kitap","9":"pa_yayinevi-utopya-yayinevi","10":"pa_yazar-temel-demirer","12":"first","13":"instock","14":"sale","15":"shipping-taxable","16":"purchasable","17":"product-type-simple"},"_links":{"self":[{"href":"https:\/\/roveyayinevi.com.tr\/index.php\/wp-json\/wp\/v2\/product\/693402","targetHints":{"allow":["GET"]}}],"collection":[{"href":"https:\/\/roveyayinevi.com.tr\/index.php\/wp-json\/wp\/v2\/product"}],"about":[{"href":"https:\/\/roveyayinevi.com.tr\/index.php\/wp-json\/wp\/v2\/types\/product"}],"wp:attachment":[{"href":"https:\/\/roveyayinevi.com.tr\/index.php\/wp-json\/wp\/v2\/media?parent=693402"}],"wp:term":[{"taxonomy":"product_brand","embeddable":true,"href":"https:\/\/roveyayinevi.com.tr\/index.php\/wp-json\/wp\/v2\/product_brand?post=693402"},{"taxonomy":"product_cat","embeddable":true,"href":"https:\/\/roveyayinevi.com.tr\/index.php\/wp-json\/wp\/v2\/product_cat?post=693402"},{"taxonomy":"product_tag","embeddable":true,"href":"https:\/\/roveyayinevi.com.tr\/index.php\/wp-json\/wp\/v2\/product_tag?post=693402"}],"curies":[{"name":"wp","href":"https:\/\/api.w.org\/{rel}","templated":true}]}}