{"id":693398,"date":"2025-08-27T14:13:52","date_gmt":"2025-08-27T11:13:52","guid":{"rendered":"https:\/\/roveyayinevi.com.tr\/index.php\/urun\/yeni-sifre-aykiri-tezler\/"},"modified":"2026-01-29T02:05:54","modified_gmt":"2026-01-28T23:05:54","slug":"yeni-sifre-aykiri-tezler","status":"publish","type":"product","link":"https:\/\/roveyayinevi.com.tr\/index.php\/urun\/yeni-sifre-aykiri-tezler\/","title":{"rendered":"Yeni \u015eifre &#8211; Ayk\u0131r\u0131 Tezler"},"content":{"rendered":"<p>&#8220;Cehalet, ayr\u0131cal\u0131kl\u0131 s\u0131n\u0131f\u0131n ustaca kulland\u0131\u011f\u0131 bir silaht\u0131r.&#8221; K. MarxTart\u0131\u015fmalar\u0131 uzun s\u00fcredir devam etmesine ra\u011fmen &#8220;k\u00fcreselle\u015fme&#8221; tezi, bir kez daha iflas etmi\u015ftir. Emperyalizmi &#8220;\u015firin&#8221; k\u0131larak halklar\u0131n g\u00fcndemine yeniden sokmak, art\u0131k anlams\u0131zd\u0131r. Kapitalist d\u00fcnya sistemiyle T\u00fcrkiye&#8217;deki neo-liberal politikalar\u0131n ele\u015ftiri, &#8220;k\u00fcresel&#8221; emperyalimle T\u00fcrkiye kapitalizminin &#8216;d\u00fc\u015f\u00fck yo\u011funluklu demokrasi&#8217;sinin yeni \u015fifresinide k\u0131r\u0131yor. <\/p>\n","protected":false},"excerpt":{"rendered":"<p>&#8220;Cehalet, ayr\u0131cal\u0131kl\u0131 s\u0131n\u0131f\u0131n ustaca kulland\u0131\u011f\u0131 bir silaht\u0131r.&#8221; K. MarxTart\u0131\u015fmalar\u0131 uzun s\u00fcredir devam etmesine ra\u011fmen &#8220;k\u00fcreselle\u015fme&#8221; tezi, bir kez daha iflas etmi\u015ftir. Emperyalizmi &#8220;\u015firin&#8221; k\u0131larak halklar\u0131n g\u00fcndemine<span class=\"excerpt-hellip\"> [\u2026]<\/span><\/p>\n","protected":false},"featured_media":0,"template":"","meta":{"_monsterinsights_skip_tracking":false,"_monsterinsights_sitenote_active":false,"_monsterinsights_sitenote_note":"","_monsterinsights_sitenote_category":0},"product_brand":[],"product_cat":[12337,14706],"product_tag":[],"class_list":{"0":"post-693398","1":"product","2":"type-product","3":"status-publish","5":"product_cat-politika-siyaset","6":"product_cat-siyaset-bilimi","7":"pa_cilt-ciltsiz","8":"pa_tur-kitap","9":"pa_yayinevi-utopya-yayinevi","10":"pa_yazar-ibrahim-gezici","12":"first","13":"instock","14":"sale","15":"shipping-taxable","16":"purchasable","17":"product-type-simple"},"_links":{"self":[{"href":"https:\/\/roveyayinevi.com.tr\/index.php\/wp-json\/wp\/v2\/product\/693398","targetHints":{"allow":["GET"]}}],"collection":[{"href":"https:\/\/roveyayinevi.com.tr\/index.php\/wp-json\/wp\/v2\/product"}],"about":[{"href":"https:\/\/roveyayinevi.com.tr\/index.php\/wp-json\/wp\/v2\/types\/product"}],"wp:attachment":[{"href":"https:\/\/roveyayinevi.com.tr\/index.php\/wp-json\/wp\/v2\/media?parent=693398"}],"wp:term":[{"taxonomy":"product_brand","embeddable":true,"href":"https:\/\/roveyayinevi.com.tr\/index.php\/wp-json\/wp\/v2\/product_brand?post=693398"},{"taxonomy":"product_cat","embeddable":true,"href":"https:\/\/roveyayinevi.com.tr\/index.php\/wp-json\/wp\/v2\/product_cat?post=693398"},{"taxonomy":"product_tag","embeddable":true,"href":"https:\/\/roveyayinevi.com.tr\/index.php\/wp-json\/wp\/v2\/product_tag?post=693398"}],"curies":[{"name":"wp","href":"https:\/\/api.w.org\/{rel}","templated":true}]}}