{"id":693397,"date":"2025-08-27T14:13:52","date_gmt":"2025-08-27T11:13:52","guid":{"rendered":"https:\/\/roveyayinevi.com.tr\/index.php\/urun\/arap-hiristiyanlar\/"},"modified":"2026-01-29T02:05:54","modified_gmt":"2026-01-28T23:05:54","slug":"arap-hiristiyanlar","status":"publish","type":"product","link":"https:\/\/roveyayinevi.com.tr\/index.php\/urun\/arap-hiristiyanlar\/","title":{"rendered":"Arap H\u0131ristiyanlar"},"content":{"rendered":"<p>Palmira Krali\u00e7esi Zennubiya\u2019n\u0131n kenti gibi kadim tarihiyle karde\u015flik bah\u00e7esi, k\u00f6kleri k\u0131rm\u0131z\u0131 topraklar\u0131n derinliklerine uzanan zeytin ve defne a\u011fa\u00e7lar\u0131 aras\u0131ndaki ortak ya\u015fam k\u00fclt\u00fcr\u00fcyle donanm\u0131\u015f Asi\u2019nin \u00e7ocuklar\u0131na hayat veren Antakya&#8230; Peygamber Muhammed\u2019in insanl\u0131\u011fa getirdi\u011fi mesaj ile Aristoteles\u2019in Sokrates\u2019in Peygamber Musa Ve \u0130sa Mesih\u2019in mesajlar\u0131n\u0131n tarih i\u00e7inde e\u015fit\u00e7e kavranarak, sa\u011flam bir k\u00fclt\u00fcr merkezi Do\u011fu\u2019nun Krali\u00e7esi Antakya&#8230; \u0130nsanl\u0131\u011f\u0131n d\u00fc\u015f\u00fcnsel tarihindeki h\u00fcmanizmaya dayanan Antakya&#8230; Burada bayramlar\u0131n ard\u0131 arkas\u0131 kesilmez: Ramazan, Kurban, \u011eadir Hum, Paskalya, Pesah&#8230; Farkl\u0131 din, mezhep ve etnik grup mensuplar\u0131n\u0131n ayn\u0131 masada toplanmas\u0131 i\u00e7in merasime gerek yok, ne mizansen var nede yapayl\u0131k&#8230; Bu kitap, Antakya kimli\u011fi i\u00e7inde Arap H\u0131ristiyanlar\u0131 etnik ve dini kimlikleriyle ele alarak b\u00fct\u00fcnselli\u011fin ve farkl\u0131l\u0131klar\u0131n renkli\u011fiyle topluluklar aras\u0131 ili\u015fkilerin \u00f6zg\u00fcl boyutunu g\u00f6stererek; \u00e7ok dilli, \u00e7ok k\u00fclt\u00fcrl\u00fc olan b\u00f6lgenin, dinlerin-mezheplerin e\u015fit\u00e7e kavranmas\u0131 a\u00e7\u0131s\u0131ndan ciddi ara\u015ft\u0131rmalara de\u011fer nitelikte oldu\u011funu; d\u00fcnyada ya\u015fanan etnik ve dini \u00e7at\u0131\u015fmalara kar\u015f\u0131 \u00f6rnek bir model olabilece\u011fine ve bar\u0131\u015f k\u00fclt\u00fcr\u00fcn\u00fcn geli\u015ftirilmesi i\u00e7in katk\u0131 sa\u011flayaca\u011f\u0131n\u0131 d\u00fc\u015f\u00fcn\u00fcyoruz&#8230; <\/p>\n","protected":false},"excerpt":{"rendered":"<p>Palmira Krali\u00e7esi Zennubiya\u2019n\u0131n kenti gibi kadim tarihiyle karde\u015flik bah\u00e7esi, k\u00f6kleri k\u0131rm\u0131z\u0131 topraklar\u0131n derinliklerine uzanan zeytin ve defne a\u011fa\u00e7lar\u0131 aras\u0131ndaki ortak ya\u015fam k\u00fclt\u00fcr\u00fcyle donanm\u0131\u015f Asi\u2019nin \u00e7ocuklar\u0131na hayat<span class=\"excerpt-hellip\"> [\u2026]<\/span><\/p>\n","protected":false},"featured_media":0,"template":"","meta":{"_monsterinsights_skip_tracking":false,"_monsterinsights_sitenote_active":false,"_monsterinsights_sitenote_note":"","_monsterinsights_sitenote_category":0},"product_brand":[],"product_cat":[15499,13488],"product_tag":[],"class_list":{"0":"post-693397","1":"product","2":"type-product","3":"status-publish","5":"product_cat-antropoloji","6":"product_cat-toplum-ve-insan","7":"pa_cilt-ciltsiz","8":"pa_tur-kitap","9":"pa_yayinevi-utopya-yayinevi","10":"pa_yazar-tevfik-usluoglu","12":"first","13":"instock","14":"sale","15":"shipping-taxable","16":"purchasable","17":"product-type-simple"},"_links":{"self":[{"href":"https:\/\/roveyayinevi.com.tr\/index.php\/wp-json\/wp\/v2\/product\/693397","targetHints":{"allow":["GET"]}}],"collection":[{"href":"https:\/\/roveyayinevi.com.tr\/index.php\/wp-json\/wp\/v2\/product"}],"about":[{"href":"https:\/\/roveyayinevi.com.tr\/index.php\/wp-json\/wp\/v2\/types\/product"}],"wp:attachment":[{"href":"https:\/\/roveyayinevi.com.tr\/index.php\/wp-json\/wp\/v2\/media?parent=693397"}],"wp:term":[{"taxonomy":"product_brand","embeddable":true,"href":"https:\/\/roveyayinevi.com.tr\/index.php\/wp-json\/wp\/v2\/product_brand?post=693397"},{"taxonomy":"product_cat","embeddable":true,"href":"https:\/\/roveyayinevi.com.tr\/index.php\/wp-json\/wp\/v2\/product_cat?post=693397"},{"taxonomy":"product_tag","embeddable":true,"href":"https:\/\/roveyayinevi.com.tr\/index.php\/wp-json\/wp\/v2\/product_tag?post=693397"}],"curies":[{"name":"wp","href":"https:\/\/api.w.org\/{rel}","templated":true}]}}