{"id":693396,"date":"2025-08-27T14:13:52","date_gmt":"2025-08-27T11:13:52","guid":{"rendered":"https:\/\/roveyayinevi.com.tr\/index.php\/urun\/etik\/"},"modified":"2026-04-16T02:03:08","modified_gmt":"2026-04-15T23:03:08","slug":"etik","status":"publish","type":"product","link":"https:\/\/roveyayinevi.com.tr\/index.php\/urun\/etik\/","title":{"rendered":"Etik"},"content":{"rendered":"<p>Bu Etik 1970lerin ba\u015f\u0131nda ilk yay\u0131mland\u0131\u011f\u0131 s\u0131ralarda, etik sorunlarla u\u011fra\u015fmak bug\u00fcn oldu\u011fu gibi moda de\u011fildi. Ge\u00e7en yirmibe\u015f-otuz y\u0131lda etik, felsefede en \u00e7ok u\u011fra\u015f\u0131lan alanlardan biri oldu, \u00e7e\u015fitli meslek etikleri d\u00fcnyada da bizde de bir patlama g\u00f6sterdi.Ne var ki, d\u00fcnyadaki siyasal ve bilimsel geli\u015fmelerin yaratt\u0131\u011f\u0131 gereksinimlerden dolay\u0131, &#8216;etik&#8217;le \u00e7ok u\u011fra\u015f\u0131lmakla birlikte, eti\u011fe bak\u0131\u015f de\u011fi\u015fmemi\u015ftir. Etik bug\u00fcn de bir normlar alan\u0131 olarak g\u00f6r\u00fclmekte ve ondan, bize ya\u015farken ne yapmam\u0131z gerekti\u011fini s\u00f6ylemesi beklenmektedir.\u0130oanna Ku\u00e7uradi&#8217;nin Eti\u011fi ise, insanlar\u0131n ba\u015fka insanlarla ve kendileriyle ili\u015fkilerine ve bu ili\u015fkilerde eylemde bulunurken kar\u015f\u0131la\u015f\u0131lan de\u011fer sorunlar\u0131na, bu arada da normlara ili\u015fkin sorunlara bir \u0131\u015f\u0131k tutma giri\u015fimidir. Birka\u00e7 yoldan ortaya koymaya \u00e7al\u0131\u015ft\u0131\u011f\u0131 \u015fey, ya\u015farken do\u011fru ya da de\u011ferli eylemde bulunabilmenin bir bilgi sorunu oldu\u011fu, birka\u00e7 \u00e7e\u015fitten bilgiye ba\u011fl\u0131 bir sorun oldu\u011fudur. <\/p>\n","protected":false},"excerpt":{"rendered":"<p>Bu Etik 1970lerin ba\u015f\u0131nda ilk yay\u0131mland\u0131\u011f\u0131 s\u0131ralarda, etik sorunlarla u\u011fra\u015fmak bug\u00fcn oldu\u011fu gibi moda de\u011fildi. Ge\u00e7en yirmibe\u015f-otuz y\u0131lda etik, felsefede en \u00e7ok u\u011fra\u015f\u0131lan alanlardan biri oldu,<span class=\"excerpt-hellip\"> [\u2026]<\/span><\/p>\n","protected":false},"featured_media":0,"template":"","meta":{"_monsterinsights_skip_tracking":false,"_monsterinsights_sitenote_active":false,"_monsterinsights_sitenote_note":"","_monsterinsights_sitenote_category":0},"product_brand":[],"product_cat":[15319,12388],"product_tag":[],"class_list":{"0":"post-693396","1":"product","2":"type-product","3":"status-publish","5":"product_cat-etik","6":"product_cat-felsefe","7":"pa_cilt-ciltsiz","8":"pa_tur-kitap","9":"pa_yayinevi-turkiye-felsefe-kurumu","10":"pa_yazar-ioanna-kucuradi","12":"first","13":"instock","14":"sale","15":"shipping-taxable","16":"purchasable","17":"product-type-simple"},"_links":{"self":[{"href":"https:\/\/roveyayinevi.com.tr\/index.php\/wp-json\/wp\/v2\/product\/693396","targetHints":{"allow":["GET"]}}],"collection":[{"href":"https:\/\/roveyayinevi.com.tr\/index.php\/wp-json\/wp\/v2\/product"}],"about":[{"href":"https:\/\/roveyayinevi.com.tr\/index.php\/wp-json\/wp\/v2\/types\/product"}],"wp:attachment":[{"href":"https:\/\/roveyayinevi.com.tr\/index.php\/wp-json\/wp\/v2\/media?parent=693396"}],"wp:term":[{"taxonomy":"product_brand","embeddable":true,"href":"https:\/\/roveyayinevi.com.tr\/index.php\/wp-json\/wp\/v2\/product_brand?post=693396"},{"taxonomy":"product_cat","embeddable":true,"href":"https:\/\/roveyayinevi.com.tr\/index.php\/wp-json\/wp\/v2\/product_cat?post=693396"},{"taxonomy":"product_tag","embeddable":true,"href":"https:\/\/roveyayinevi.com.tr\/index.php\/wp-json\/wp\/v2\/product_tag?post=693396"}],"curies":[{"name":"wp","href":"https:\/\/api.w.org\/{rel}","templated":true}]}}