{"id":693395,"date":"2025-08-27T14:13:52","date_gmt":"2025-08-27T11:13:52","guid":{"rendered":"https:\/\/roveyayinevi.com.tr\/index.php\/urun\/sanatin-boyutlari\/"},"modified":"2026-01-29T02:05:54","modified_gmt":"2026-01-28T23:05:54","slug":"sanatin-boyutlari","status":"publish","type":"product","link":"https:\/\/roveyayinevi.com.tr\/index.php\/urun\/sanatin-boyutlari\/","title":{"rendered":"Sanat\u0131n Boyutlar\u0131"},"content":{"rendered":"<p>\u00c7evreyi, \u00e7evremizdekileri \u00f6vmek ya da yermek i\u00e7in de\u011fil, kendimizi \u00f6nce do\u011fru tan\u0131mak, sonra da a\u015fmak i\u00e7in sanat ka\u00e7\u0131n\u0131lmazd\u0131r. Be\u011fenilerimizin bizi, ki\u015fili\u011fimizi en a\u00e7\u0131k ve se\u00e7ik ortaya koyan y\u00f6n\u00fcm\u00fcz\u00fc olu\u015fturdu\u011funu fark etti\u011fimizde sanat\u0131 bir ba\u015fka boyutuyla da \u00f6\u011frenmemiz gerekti\u011finin bilincine varabiliriz. Sanat\u0131 kavramadan, t\u00fcm boyutlar\u0131yla yakalayamadan kendimiz olmay\u0131z, ki\u015filik kazanamay\u0131z diye d\u00fc\u015f\u00fcn\u00fcyorum. Bu kitap, \u00f6nce kendimi bulmak ve s\u0131namak i\u00e7in, sonra da bu niyette olanlara belki bir katk\u0131s\u0131 olur diye haz\u0131rland\u0131. <\/p>\n","protected":false},"excerpt":{"rendered":"<p>\u00c7evreyi, \u00e7evremizdekileri \u00f6vmek ya da yermek i\u00e7in de\u011fil, kendimizi \u00f6nce do\u011fru tan\u0131mak, sonra da a\u015fmak i\u00e7in sanat ka\u00e7\u0131n\u0131lmazd\u0131r. Be\u011fenilerimizin bizi, ki\u015fili\u011fimizi en a\u00e7\u0131k ve se\u00e7ik ortaya<span class=\"excerpt-hellip\"> [\u2026]<\/span><\/p>\n","protected":false},"featured_media":0,"template":"","meta":{"_monsterinsights_skip_tracking":false,"_monsterinsights_sitenote_active":false,"_monsterinsights_sitenote_note":"","_monsterinsights_sitenote_category":0},"product_brand":[],"product_cat":[22066,13527],"product_tag":[],"class_list":{"0":"post-693395","1":"product","2":"type-product","3":"status-publish","5":"product_cat-sanat-sureli-yayinlar","6":"product_cat-sureli-yayinlar","7":"pa_cilt-ciltsiz","8":"pa_tur-kitap","9":"pa_yayinevi-utopya-yayinevi","10":"pa_yazar-sitki-m-erinc","12":"first","13":"instock","14":"sale","15":"shipping-taxable","16":"purchasable","17":"product-type-simple"},"_links":{"self":[{"href":"https:\/\/roveyayinevi.com.tr\/index.php\/wp-json\/wp\/v2\/product\/693395","targetHints":{"allow":["GET"]}}],"collection":[{"href":"https:\/\/roveyayinevi.com.tr\/index.php\/wp-json\/wp\/v2\/product"}],"about":[{"href":"https:\/\/roveyayinevi.com.tr\/index.php\/wp-json\/wp\/v2\/types\/product"}],"wp:attachment":[{"href":"https:\/\/roveyayinevi.com.tr\/index.php\/wp-json\/wp\/v2\/media?parent=693395"}],"wp:term":[{"taxonomy":"product_brand","embeddable":true,"href":"https:\/\/roveyayinevi.com.tr\/index.php\/wp-json\/wp\/v2\/product_brand?post=693395"},{"taxonomy":"product_cat","embeddable":true,"href":"https:\/\/roveyayinevi.com.tr\/index.php\/wp-json\/wp\/v2\/product_cat?post=693395"},{"taxonomy":"product_tag","embeddable":true,"href":"https:\/\/roveyayinevi.com.tr\/index.php\/wp-json\/wp\/v2\/product_tag?post=693395"}],"curies":[{"name":"wp","href":"https:\/\/api.w.org\/{rel}","templated":true}]}}