{"id":693394,"date":"2025-08-27T14:13:52","date_gmt":"2025-08-27T11:13:52","guid":{"rendered":"https:\/\/roveyayinevi.com.tr\/index.php\/urun\/reklamin-toplumsal-yansimalari-ve-yeni-reklam-bicimleri\/"},"modified":"2026-01-29T02:05:54","modified_gmt":"2026-01-28T23:05:54","slug":"reklamin-toplumsal-yansimalari-ve-yeni-reklam-bicimleri","status":"publish","type":"product","link":"https:\/\/roveyayinevi.com.tr\/index.php\/urun\/reklamin-toplumsal-yansimalari-ve-yeni-reklam-bicimleri\/","title":{"rendered":"Reklam\u0131n Toplumsal Yans\u0131malar\u0131 ve Yeni Reklam Bi\u00e7imleri"},"content":{"rendered":"<p>Gazete Reklamlar\u0131nda Cumhuriyet\u2019in Medeniyetle \u0130mtihan\u0131 -Funda \u015eenol Cantek- Reklamlar Ve Milliyet\u00e7ilik: Reklamlarla Pop\u00fclerle\u015fen Milliyet\u00e7i De\u011ferler -\u015eahinde Yavuz- Reklam Diline Dilbilimsel Bir Bak\u0131\u015f -I\u015f\u0131l \u0130nce \u00d6zy\u0131ld\u0131r\u0131m- Otomobil Reklamlar\u0131nda \u00d6teki Olarak Kad\u0131n: Modern \u00d6znenin Eril \u0130n\u015fas\u0131 -Serpil Ayg\u00fcn Cengiz- Reklam Hukuku ve \u00d6zdenetim -Erdem T\u00fcrkekul- Reklamc\u0131l\u0131\u011f\u0131n Yeni Y\u00fcz\u00fc: \u0130nternet Reklamc\u0131l\u0131\u011f\u0131 -M\u00fcge Elden- A\u00e7\u0131khava (Outdoor) Reklamc\u0131l\u0131\u011f\u0131 -Nil\u00fcfer Sezer- Halkla \u0130ili\u015fkiler Ama\u00e7l\u0131 Reklamc\u0131l\u0131k &#8211; Kurumsal Reklamc\u0131l\u0131k -Aydemir Okay- Sosyal Boyutlu Reklamlar -Mesude Canan \u00d6zt\u00fcrk- <\/p>\n","protected":false},"excerpt":{"rendered":"<p>Gazete Reklamlar\u0131nda Cumhuriyet\u2019in Medeniyetle \u0130mtihan\u0131 -Funda \u015eenol Cantek- Reklamlar Ve Milliyet\u00e7ilik: Reklamlarla Pop\u00fclerle\u015fen Milliyet\u00e7i De\u011ferler -\u015eahinde Yavuz- Reklam Diline Dilbilimsel Bir Bak\u0131\u015f -I\u015f\u0131l \u0130nce \u00d6zy\u0131ld\u0131r\u0131m- Otomobil<span class=\"excerpt-hellip\"> [\u2026]<\/span><\/p>\n","protected":false},"featured_media":0,"template":"","meta":{"_monsterinsights_skip_tracking":false,"_monsterinsights_sitenote_active":false,"_monsterinsights_sitenote_note":"","_monsterinsights_sitenote_category":0},"product_brand":[],"product_cat":[15983,13488],"product_tag":[],"class_list":{"0":"post-693394","1":"product","2":"type-product","3":"status-publish","5":"product_cat-iletisim-ve-medya","6":"product_cat-toplum-ve-insan","7":"pa_cilt-ciltsiz","8":"pa_tur-kitap","9":"pa_yayinevi-utopya-yayinevi","10":"pa_yazar-kolektif","12":"first","13":"instock","14":"sale","15":"shipping-taxable","16":"purchasable","17":"product-type-simple"},"_links":{"self":[{"href":"https:\/\/roveyayinevi.com.tr\/index.php\/wp-json\/wp\/v2\/product\/693394","targetHints":{"allow":["GET"]}}],"collection":[{"href":"https:\/\/roveyayinevi.com.tr\/index.php\/wp-json\/wp\/v2\/product"}],"about":[{"href":"https:\/\/roveyayinevi.com.tr\/index.php\/wp-json\/wp\/v2\/types\/product"}],"wp:attachment":[{"href":"https:\/\/roveyayinevi.com.tr\/index.php\/wp-json\/wp\/v2\/media?parent=693394"}],"wp:term":[{"taxonomy":"product_brand","embeddable":true,"href":"https:\/\/roveyayinevi.com.tr\/index.php\/wp-json\/wp\/v2\/product_brand?post=693394"},{"taxonomy":"product_cat","embeddable":true,"href":"https:\/\/roveyayinevi.com.tr\/index.php\/wp-json\/wp\/v2\/product_cat?post=693394"},{"taxonomy":"product_tag","embeddable":true,"href":"https:\/\/roveyayinevi.com.tr\/index.php\/wp-json\/wp\/v2\/product_tag?post=693394"}],"curies":[{"name":"wp","href":"https:\/\/api.w.org\/{rel}","templated":true}]}}