{"id":693392,"date":"2025-08-27T14:13:51","date_gmt":"2025-08-27T11:13:51","guid":{"rendered":"https:\/\/roveyayinevi.com.tr\/index.php\/urun\/medya-okuryazarligi-elkitabi\/"},"modified":"2026-01-29T02:05:54","modified_gmt":"2026-01-28T23:05:54","slug":"medya-okuryazarligi-elkitabi","status":"publish","type":"product","link":"https:\/\/roveyayinevi.com.tr\/index.php\/urun\/medya-okuryazarligi-elkitabi\/","title":{"rendered":"Medya Okuryazarl\u0131\u011f\u0131 Elkitab\u0131"},"content":{"rendered":"<p>Medya okuryazarl\u0131\u011f\u0131 art\u0131k yediden yetmi\u015fe herkesin gereksinimi olan bir e\u011fitim haline gelmi\u015f durumda. Zira medya, hayat\u0131m\u0131z\u0131n neredeyse her an\u0131nda ve her t\u00fcrl\u00fc mekan\u0131nda bize sadece enformasyon vermekle kalm\u0131yor, ayn\u0131 zamanda de\u011ferlerimizi, bak\u0131\u015f a\u00e7\u0131m\u0131z\u0131 ve hatta kimli\u011fimizi \u015fekillendirmeye devam ediyor. Bir kitle ileti\u015fim arac\u0131n\u0131 ya da ortam\u0131n\u0131 (medium) kullanmak, sadece teknik anlamda birtak\u0131m bilgiler edinmenin \u00f6tesinde ba\u015fka t\u00fcr bilgilenme ve bilin\u00e7lenmeyi de gerektiriyor. Medya kar\u015f\u0131s\u0131nda ele\u015ftirel bir bilin\u00e7 ve fark\u0131ndal\u0131k kazanmak, her \u015feyden \u00f6nce medyan\u0131n m\u00fclkiyeti, grameri (dili) ve ideolojik i\u015flevlerini bilmeyi i\u00e7eriyor. Medya Okuryazarl\u0131\u011f\u0131 Elkitab\u0131, bi\u00e7im ve i\u00e7erik itibariyle lisans ve lisans \u00fcst\u00fc d\u00fczeyler i\u00e7in tasarlanan bir ders kitab\u0131 format\u0131nda. Ayn\u0131 zamanda medya konusunda ele\u015ftirel bir duru\u015f edinmek isteyen herkes i\u00e7in bir k\u0131lavuz kitap niteli\u011fi de ta\u015f\u0131d\u0131\u011f\u0131na inan\u0131yoruz. <\/p>\n","protected":false},"excerpt":{"rendered":"<p>Medya okuryazarl\u0131\u011f\u0131 art\u0131k yediden yetmi\u015fe herkesin gereksinimi olan bir e\u011fitim haline gelmi\u015f durumda. Zira medya, hayat\u0131m\u0131z\u0131n neredeyse her an\u0131nda ve her t\u00fcrl\u00fc mekan\u0131nda bize sadece enformasyon<span class=\"excerpt-hellip\"> [\u2026]<\/span><\/p>\n","protected":false},"featured_media":0,"template":"","meta":{"_monsterinsights_skip_tracking":false,"_monsterinsights_sitenote_active":false,"_monsterinsights_sitenote_note":"","_monsterinsights_sitenote_category":0},"product_brand":[],"product_cat":[22061,13488],"product_tag":[],"class_list":{"0":"post-693392","1":"product","2":"type-product","3":"status-publish","5":"product_cat-sosyal-medya-ve-iletisim","6":"product_cat-toplum-ve-insan","7":"pa_cilt-ciltsiz","8":"pa_tur-kitap","9":"pa_yayinevi-utopya-yayinevi","10":"pa_yazar-kemal-inal","12":"first","13":"instock","14":"sale","15":"shipping-taxable","16":"purchasable","17":"product-type-simple"},"_links":{"self":[{"href":"https:\/\/roveyayinevi.com.tr\/index.php\/wp-json\/wp\/v2\/product\/693392","targetHints":{"allow":["GET"]}}],"collection":[{"href":"https:\/\/roveyayinevi.com.tr\/index.php\/wp-json\/wp\/v2\/product"}],"about":[{"href":"https:\/\/roveyayinevi.com.tr\/index.php\/wp-json\/wp\/v2\/types\/product"}],"wp:attachment":[{"href":"https:\/\/roveyayinevi.com.tr\/index.php\/wp-json\/wp\/v2\/media?parent=693392"}],"wp:term":[{"taxonomy":"product_brand","embeddable":true,"href":"https:\/\/roveyayinevi.com.tr\/index.php\/wp-json\/wp\/v2\/product_brand?post=693392"},{"taxonomy":"product_cat","embeddable":true,"href":"https:\/\/roveyayinevi.com.tr\/index.php\/wp-json\/wp\/v2\/product_cat?post=693392"},{"taxonomy":"product_tag","embeddable":true,"href":"https:\/\/roveyayinevi.com.tr\/index.php\/wp-json\/wp\/v2\/product_tag?post=693392"}],"curies":[{"name":"wp","href":"https:\/\/api.w.org\/{rel}","templated":true}]}}