{"id":693388,"date":"2025-08-27T14:13:50","date_gmt":"2025-08-27T11:13:50","guid":{"rendered":"https:\/\/roveyayinevi.com.tr\/index.php\/urun\/turkiye-kirsali-yoksullasirken-nicin-dik-kulak-oldum\/"},"modified":"2026-01-29T02:05:54","modified_gmt":"2026-01-28T23:05:54","slug":"turkiye-kirsali-yoksullasirken-nicin-dik-kulak-oldum","status":"publish","type":"product","link":"https:\/\/roveyayinevi.com.tr\/index.php\/urun\/turkiye-kirsali-yoksullasirken-nicin-dik-kulak-oldum\/","title":{"rendered":"T\u00fcrkiye K\u0131rsal\u0131 Yoksulla\u015f\u0131rken Ni\u00e7in Dik Kulak Oldum"},"content":{"rendered":"<p>Bu kitapta yer alan iki ara\u015ft\u0131rma,  Ni\u00e7in \u2018dikkulak\u2019 oldum?\u2019: Gerileyen T\u00fcrkiye K\u0131rsal\u0131nda Kliyantelizmin Yeniden \u00dcretimi  ile  Bizim K\u00f6yde Yoksulluk Yok ki!\u2019 ya da Yoksulluktan Yoksullu\u011fa T\u00fcrkiye K\u0131rsal\u0131 \u00dczerine Notlar  IMF, DB ve DT\u00d6 patentli k\u0131rsal y\u0131k\u0131m arkaplan\u0131nda, T\u00fcrkiye\u2019nin g\u00f6reli varl\u0131kl\u0131 say\u0131lan bir b\u00f6lgesinin, Ege\u2019nin turistik merkezlerinden Dat\u00e7a il\u00e7esinin k\u0131rsal\u0131nda ger\u00e7ekle\u015ftirildi&#8230; <\/p>\n","protected":false},"excerpt":{"rendered":"<p>Bu kitapta yer alan iki ara\u015ft\u0131rma, Ni\u00e7in \u2018dikkulak\u2019 oldum?\u2019: Gerileyen T\u00fcrkiye K\u0131rsal\u0131nda Kliyantelizmin Yeniden \u00dcretimi ile Bizim K\u00f6yde Yoksulluk Yok ki!\u2019 ya da Yoksulluktan Yoksullu\u011fa T\u00fcrkiye<span class=\"excerpt-hellip\"> [\u2026]<\/span><\/p>\n","protected":false},"featured_media":0,"template":"","meta":{"_monsterinsights_skip_tracking":false,"_monsterinsights_sitenote_active":false,"_monsterinsights_sitenote_note":"","_monsterinsights_sitenote_category":0},"product_brand":[],"product_cat":[12835,12324],"product_tag":[],"class_list":{"0":"post-693388","1":"product","2":"type-product","3":"status-publish","5":"product_cat-genel-sosyoloji","6":"product_cat-sosyoloji","7":"pa_cilt-ciltsiz","8":"pa_tur-kitap","9":"pa_yayinevi-utopya-yayinevi","10":"pa_yazar-sibel-ozbudun","12":"first","13":"instock","14":"sale","15":"shipping-taxable","16":"purchasable","17":"product-type-simple"},"_links":{"self":[{"href":"https:\/\/roveyayinevi.com.tr\/index.php\/wp-json\/wp\/v2\/product\/693388","targetHints":{"allow":["GET"]}}],"collection":[{"href":"https:\/\/roveyayinevi.com.tr\/index.php\/wp-json\/wp\/v2\/product"}],"about":[{"href":"https:\/\/roveyayinevi.com.tr\/index.php\/wp-json\/wp\/v2\/types\/product"}],"wp:attachment":[{"href":"https:\/\/roveyayinevi.com.tr\/index.php\/wp-json\/wp\/v2\/media?parent=693388"}],"wp:term":[{"taxonomy":"product_brand","embeddable":true,"href":"https:\/\/roveyayinevi.com.tr\/index.php\/wp-json\/wp\/v2\/product_brand?post=693388"},{"taxonomy":"product_cat","embeddable":true,"href":"https:\/\/roveyayinevi.com.tr\/index.php\/wp-json\/wp\/v2\/product_cat?post=693388"},{"taxonomy":"product_tag","embeddable":true,"href":"https:\/\/roveyayinevi.com.tr\/index.php\/wp-json\/wp\/v2\/product_tag?post=693388"}],"curies":[{"name":"wp","href":"https:\/\/api.w.org\/{rel}","templated":true}]}}