{"id":693387,"date":"2025-08-27T14:13:50","date_gmt":"2025-08-27T11:13:50","guid":{"rendered":"https:\/\/roveyayinevi.com.tr\/index.php\/urun\/turkiye-egitim-sistemi\/"},"modified":"2026-01-29T02:05:54","modified_gmt":"2026-01-28T23:05:54","slug":"turkiye-egitim-sistemi","status":"publish","type":"product","link":"https:\/\/roveyayinevi.com.tr\/index.php\/urun\/turkiye-egitim-sistemi\/","title":{"rendered":"T\u00fcrkiye E\u011fitim Sistemi"},"content":{"rendered":"<p>Bu kitap, e\u011fitim sistemimizi tan\u0131ma ve tan\u0131tma \u00e7abas\u0131n\u0131n bir \u00fcr\u00fcn\u00fcd\u00fcr. Kitapta, bakanl\u0131k, okullar, \u00f6\u011fretmenler ve \u00f6\u011frencileriyle e\u011fitim sistemimizin tarihsel s\u00fcre\u00e7 i\u00e7inde geli\u015fimi ve bug\u00fcnk\u00fc durumu genel \u00f6zellikleriyle anlat\u0131lmakta; sistemin i\u00e7inde nelerin olup bitti\u011fi g\u00f6sterilmeye \u00e7al\u0131\u015f\u0131lmaktad\u0131r: Bu sistem neden vard\u0131r, sistemin ger\u00e7ek yap\u0131s\u0131 nedir, sistem var olma nedenine uygun hizmet vermekte midir, sistemin aksayan yanlar\u0131 varsa nerededir ve neden aksamaktad\u0131r gibi sorulara yan\u0131t aranmakta; sistemin istenen hizmetleri verebilmesi i\u00e7in neler yap\u0131lmas\u0131 gerekti\u011fi tart\u0131\u015f\u0131lmaktad\u0131r. Ba\u015fka bir deyi\u015fle, sistemin i\u00e7 g\u00f6r\u00fcnt\u00fcs\u00fcn\u00fc belirginle\u015ftirerek, sorunlar\u0131 saptay\u0131p \u00e7\u00f6z\u00fcm \u00fcretme denemesidir.70 milyonu ilgilendiren bir sistemle ilgili sorunlar\u0131n sa\u011fl\u0131kl\u0131 bir bi\u00e7imde saptanmas\u0131 ve ge\u00e7erli \u00e7\u00f6z\u00fcmlerin \u00fcretilmesi, ancak geni\u015f ve farkl\u0131 kesimlerin katk\u0131lar\u0131yla m\u00fcmk\u00fcnd\u00fcr. \u00c7al\u0131\u015fman\u0131n bir amac\u0131 da e\u011fitim sisteminin sorunlar\u0131n\u0131 belirleme ve \u00e7\u00f6z\u00fcm aray\u0131\u015flar\u0131 konusunda yeni tart\u0131\u015fma ve aray\u0131\u015flara kap\u0131 a\u00e7makt\u0131r. E\u011fitim sistemiyle ilgili verilere, ara\u015ft\u0131rma sonu\u00e7lar\u0131na ve yazar\u0131n yorumlar\u0131na dayal\u0131 sistemin i\u00e7 g\u00f6r\u00fcnt\u00fcs\u00fc, ilgilenenlerin ele\u015ftiri ve yorumlar\u0131yla netle\u015fecektir.Bu kitab\u0131n, e\u011fitim sistemimizle ilgili yaz\u0131n alan\u0131ndaki bir bo\u015flu\u011fu dolduraca\u011f\u0131, ders kitab\u0131 ya da yard\u0131mc\u0131 kitap olarak kullan\u0131labilece\u011fi d\u00fc\u015f\u00fcn\u00fclmektedir. <\/p>\n","protected":false},"excerpt":{"rendered":"<p>Bu kitap, e\u011fitim sistemimizi tan\u0131ma ve tan\u0131tma \u00e7abas\u0131n\u0131n bir \u00fcr\u00fcn\u00fcd\u00fcr. Kitapta, bakanl\u0131k, okullar, \u00f6\u011fretmenler ve \u00f6\u011frencileriyle e\u011fitim sistemimizin tarihsel s\u00fcre\u00e7 i\u00e7inde geli\u015fimi ve bug\u00fcnk\u00fc durumu genel<span class=\"excerpt-hellip\"> [\u2026]<\/span><\/p>\n","protected":false},"featured_media":0,"template":"","meta":{"_monsterinsights_skip_tracking":false,"_monsterinsights_sitenote_active":false,"_monsterinsights_sitenote_note":"","_monsterinsights_sitenote_category":0},"product_brand":[],"product_cat":[12312,12304],"product_tag":[],"class_list":{"0":"post-693387","1":"product","2":"type-product","3":"status-publish","5":"product_cat-diger","6":"product_cat-tarih","7":"pa_cilt-ciltsiz","8":"pa_tur-kitap","9":"pa_yayinevi-utopya-yayinevi","10":"pa_yazar-rifat-okcabol","12":"first","13":"instock","14":"sale","15":"shipping-taxable","16":"purchasable","17":"product-type-simple"},"_links":{"self":[{"href":"https:\/\/roveyayinevi.com.tr\/index.php\/wp-json\/wp\/v2\/product\/693387","targetHints":{"allow":["GET"]}}],"collection":[{"href":"https:\/\/roveyayinevi.com.tr\/index.php\/wp-json\/wp\/v2\/product"}],"about":[{"href":"https:\/\/roveyayinevi.com.tr\/index.php\/wp-json\/wp\/v2\/types\/product"}],"wp:attachment":[{"href":"https:\/\/roveyayinevi.com.tr\/index.php\/wp-json\/wp\/v2\/media?parent=693387"}],"wp:term":[{"taxonomy":"product_brand","embeddable":true,"href":"https:\/\/roveyayinevi.com.tr\/index.php\/wp-json\/wp\/v2\/product_brand?post=693387"},{"taxonomy":"product_cat","embeddable":true,"href":"https:\/\/roveyayinevi.com.tr\/index.php\/wp-json\/wp\/v2\/product_cat?post=693387"},{"taxonomy":"product_tag","embeddable":true,"href":"https:\/\/roveyayinevi.com.tr\/index.php\/wp-json\/wp\/v2\/product_tag?post=693387"}],"curies":[{"name":"wp","href":"https:\/\/api.w.org\/{rel}","templated":true}]}}