{"id":693381,"date":"2025-08-27T14:13:49","date_gmt":"2025-08-27T11:13:49","guid":{"rendered":"https:\/\/roveyayinevi.com.tr\/index.php\/urun\/resmin-elestirisi-uzerine\/"},"modified":"2026-01-29T02:05:54","modified_gmt":"2026-01-28T23:05:54","slug":"resmin-elestirisi-uzerine","status":"publish","type":"product","link":"https:\/\/roveyayinevi.com.tr\/index.php\/urun\/resmin-elestirisi-uzerine\/","title":{"rendered":"Resmin Ele\u015ftirisi \u00dczerine"},"content":{"rendered":"<p>Ayd\u0131n olman\u0131n, olabilmenin ilk g\u00f6stergelerinden biri sanatt\u0131r. Sanat i\u00e7inde de  resim , en kolay ve en s\u0131k ili\u015fki kurulabilen, en \u00e7abuk alg\u0131lanabilen aland\u0131r. Resmin al\u0131c\u0131s\u0131na sundu\u011fu t\u00fcm olanaklara kar\u015f\u0131n, acaba biz resme bakmas\u0131n\u0131, resmi okumas\u0131n\u0131 ve de\u011ferlendirmesini bilebiliyor muyuz? Bildi\u011fimiz bizi ayd\u0131n yapmaya yeterli mi? S\u0131tk\u0131 M, Erin\u00e7, bu kitab\u0131nda, resme bakman\u0131n bir yolunu, resmi yorumlamada bize tan\u0131nan olanaklardan birini, en anla\u015f\u0131l\u0131r bir y\u00f6ntemle vermeye \u00e7al\u0131\u015fmaktad\u0131r. <\/p>\n","protected":false},"excerpt":{"rendered":"<p>Ayd\u0131n olman\u0131n, olabilmenin ilk g\u00f6stergelerinden biri sanatt\u0131r. Sanat i\u00e7inde de resim , en kolay ve en s\u0131k ili\u015fki kurulabilen, en \u00e7abuk alg\u0131lanabilen aland\u0131r. Resmin al\u0131c\u0131s\u0131na sundu\u011fu<span class=\"excerpt-hellip\"> [\u2026]<\/span><\/p>\n","protected":false},"featured_media":0,"template":"","meta":{"_monsterinsights_skip_tracking":false,"_monsterinsights_sitenote_active":false,"_monsterinsights_sitenote_note":"","_monsterinsights_sitenote_category":0},"product_brand":[],"product_cat":[12409,12408],"product_tag":[],"class_list":{"0":"post-693381","1":"product","2":"type-product","3":"status-publish","5":"product_cat-fotograf-sinema-tiyatro","6":"product_cat-sanat","7":"pa_cilt-ciltsiz","8":"pa_tur-kitap","9":"pa_yayinevi-utopya-yayinevi","10":"pa_yazar-sitki-m-erinc","12":"first","13":"instock","14":"sale","15":"shipping-taxable","16":"purchasable","17":"product-type-simple"},"_links":{"self":[{"href":"https:\/\/roveyayinevi.com.tr\/index.php\/wp-json\/wp\/v2\/product\/693381","targetHints":{"allow":["GET"]}}],"collection":[{"href":"https:\/\/roveyayinevi.com.tr\/index.php\/wp-json\/wp\/v2\/product"}],"about":[{"href":"https:\/\/roveyayinevi.com.tr\/index.php\/wp-json\/wp\/v2\/types\/product"}],"wp:attachment":[{"href":"https:\/\/roveyayinevi.com.tr\/index.php\/wp-json\/wp\/v2\/media?parent=693381"}],"wp:term":[{"taxonomy":"product_brand","embeddable":true,"href":"https:\/\/roveyayinevi.com.tr\/index.php\/wp-json\/wp\/v2\/product_brand?post=693381"},{"taxonomy":"product_cat","embeddable":true,"href":"https:\/\/roveyayinevi.com.tr\/index.php\/wp-json\/wp\/v2\/product_cat?post=693381"},{"taxonomy":"product_tag","embeddable":true,"href":"https:\/\/roveyayinevi.com.tr\/index.php\/wp-json\/wp\/v2\/product_tag?post=693381"}],"curies":[{"name":"wp","href":"https:\/\/api.w.org\/{rel}","templated":true}]}}