{"id":693380,"date":"2025-08-27T14:13:49","date_gmt":"2025-08-27T11:13:49","guid":{"rendered":"https:\/\/roveyayinevi.com.tr\/index.php\/urun\/yerel-secimlerde-basari\/"},"modified":"2026-04-16T02:03:08","modified_gmt":"2026-04-15T23:03:08","slug":"yerel-secimlerde-basari","status":"publish","type":"product","link":"https:\/\/roveyayinevi.com.tr\/index.php\/urun\/yerel-secimlerde-basari\/","title":{"rendered":"Yerel Se\u00e7imlerde Ba\u015far\u0131"},"content":{"rendered":"<p>Yazarlar\u0131n\u0131n uzun y\u0131llar\u0131 bulan kampanya deneyimlerinden s\u00fcz\u00fclen bu kitap, yerel se\u00e7im m\u00fccadelesine girecek adaylara, aday adaylar\u0131na, belediye ba\u015fkanlar\u0131na ve onlar\u0131n ekiplerine kampanya s\u00fcrecinde do\u011fru ve cesur kararlar almakta yard\u0131mc\u0131 olmay\u0131 vaat ediyor. Hepsi bu! Bu kitap; i\u015fin teorik boyutlar\u0131nda hapsolmadan, \u00e7ok farkl\u0131 ko\u015ful ve konjonkt\u00fcrlerde olu\u015fmu\u015f ba\u015far\u0131 \u00f6rnekleriyle g\u00f6z boyamadan, m\u00fcmk\u00fcn olan en pratik bilgi ve deneyimleri usul usul anlatarak yararl\u0131 olmay\u0131 ama\u00e7l\u0131yor. Hepsi bu! Etkili bir se\u00e7im kampanyas\u0131 y\u00fcr\u00fctmek, \u00e7ok iyi bir avukat taraf\u0131ndan, eldeki t\u00fcm belge ve kan\u0131tlarla mahkemede hak aramaya benzer; belki her zaman kazanmay\u0131 garanti etmez ama yap\u0131lmas\u0131 \u015fartt\u0131r. Bu kitap, yerel siyasetteki \u2018davas\u0131n\u0131\u2019 kazanmak isteyen adaylar i\u00e7in gerekli b\u00fct\u00fcn temel bilgileri sunuyor. Hepsi bu! <\/p>\n","protected":false},"excerpt":{"rendered":"<p>Yazarlar\u0131n\u0131n uzun y\u0131llar\u0131 bulan kampanya deneyimlerinden s\u00fcz\u00fclen bu kitap, yerel se\u00e7im m\u00fccadelesine girecek adaylara, aday adaylar\u0131na, belediye ba\u015fkanlar\u0131na ve onlar\u0131n ekiplerine kampanya s\u00fcrecinde do\u011fru ve cesur<span class=\"excerpt-hellip\"> [\u2026]<\/span><\/p>\n","protected":false},"featured_media":0,"template":"","meta":{"_monsterinsights_skip_tracking":false,"_monsterinsights_sitenote_active":false,"_monsterinsights_sitenote_note":"","_monsterinsights_sitenote_category":0},"product_brand":[],"product_cat":[13059,12337],"product_tag":[],"class_list":{"0":"post-693380","1":"product","2":"type-product","3":"status-publish","5":"product_cat-diger-politika-siyaset","6":"product_cat-politika-siyaset","7":"pa_tur-kitap","8":"pa_yayinevi-mediacat-kitaplari","9":"pa_yazar-bulent-kilic","11":"first","12":"instock","13":"sale","14":"shipping-taxable","15":"purchasable","16":"product-type-simple"},"_links":{"self":[{"href":"https:\/\/roveyayinevi.com.tr\/index.php\/wp-json\/wp\/v2\/product\/693380","targetHints":{"allow":["GET"]}}],"collection":[{"href":"https:\/\/roveyayinevi.com.tr\/index.php\/wp-json\/wp\/v2\/product"}],"about":[{"href":"https:\/\/roveyayinevi.com.tr\/index.php\/wp-json\/wp\/v2\/types\/product"}],"wp:attachment":[{"href":"https:\/\/roveyayinevi.com.tr\/index.php\/wp-json\/wp\/v2\/media?parent=693380"}],"wp:term":[{"taxonomy":"product_brand","embeddable":true,"href":"https:\/\/roveyayinevi.com.tr\/index.php\/wp-json\/wp\/v2\/product_brand?post=693380"},{"taxonomy":"product_cat","embeddable":true,"href":"https:\/\/roveyayinevi.com.tr\/index.php\/wp-json\/wp\/v2\/product_cat?post=693380"},{"taxonomy":"product_tag","embeddable":true,"href":"https:\/\/roveyayinevi.com.tr\/index.php\/wp-json\/wp\/v2\/product_tag?post=693380"}],"curies":[{"name":"wp","href":"https:\/\/api.w.org\/{rel}","templated":true}]}}