{"id":693379,"date":"2025-08-27T14:13:48","date_gmt":"2025-08-27T11:13:48","guid":{"rendered":"https:\/\/roveyayinevi.com.tr\/index.php\/urun\/turkiyede-cocuk-emegi\/"},"modified":"2026-01-29T02:05:54","modified_gmt":"2026-01-28T23:05:54","slug":"turkiyede-cocuk-emegi","status":"publish","type":"product","link":"https:\/\/roveyayinevi.com.tr\/index.php\/urun\/turkiyede-cocuk-emegi\/","title":{"rendered":"T\u00fcrkiye\u2019de \u00c7ocuk Eme\u011fi"},"content":{"rendered":"<p>\u00c7ocuk eme\u011fi \u00e7o\u011fu \u00fclkede h\u00e2l\u00e2 yayg\u0131n bir olgu, hem de onca \u00f6nleme ra\u011fmen. Madencilikten fuhu\u015fa, sokak sat\u0131c\u0131l\u0131\u011f\u0131ndan \u00e7\u0131rakl\u0131\u011fa de\u011fin her t\u00fcrl\u00fc i\u015fte \u00e7al\u0131\u015ft\u0131r\u0131l\u0131yor \u00e7ocuklar. Oyun oynamas\u0131 gereken, e\u011fitim \u00e7a\u011f\u0131nda olan y\u00fcz binlerce \u00e7ocuk, birka\u00e7 kuru\u015f ad\u0131na son derece tehlikeli i\u015flerde emek g\u00fcc\u00fc olarak insafs\u0131zca kullan\u0131l\u0131yor. Soruldu\u011funda, \u201cekmek paras\u0131\u201d i\u00e7in diyorlar; elbette \u00e7al\u0131\u015fmalar\u0131n\u0131n ilk nedeni olarak yoksulluk g\u00f6steriliyor. \u00c7al\u0131\u015fan \u00e7ocuklar\u0131n neredeyse t\u00fcm\u00fc yoksul ama onlar\u0131n \u00e7al\u0131\u015fmalar\u0131 yoksulluklar\u0131n\u0131n ortadan kalkmas\u0131n\u0131 sa\u011flam\u0131yor. \u00c7ok say\u0131da ulusal ve uluslararas\u0131 \u00f6rg\u00fct, \u00e7ocuk eme\u011finin en az\u0131ndan d\u00fczenli \u015fartlarda ve \u00e7ocu\u011fun onurunu k\u0131rmadan ger\u00e7ekle\u015fmesi i\u00e7in \u00e7aba g\u00f6steriyor. Yasal d\u00fczenlemeler, e\u011fitime y\u00f6nlendirmeler, aileleri ve \u00e7ocuklar\u0131 bilgilendirmeler, \u00e7e\u015fitli oryantasyon programlar\u0131, plan ve projeler, \u00e7e\u015fitli merkezler\u2026 Maalesef bunlar k\u0131smen ba\u015far\u0131l\u0131 oluyor. \u00c7ocuklar her t\u00fcrl\u00fc krizde ilk beka stratejilerinden biri olarak piyasa ya da pazarda \u00e7al\u0131\u015fmaya s\u00fcr\u00fcl\u00fcyorlar. Sanki bir kader gibi \u00e7ocuklar, i\u015f hayat\u0131 i\u00e7inde yeti\u015fkinler gibi\/kadar yer almaya devam ediyorlar. Ne yapmal\u0131? Ne yapmal\u0131 da \u00e7ocuklar\u0131, i\u015f yerine okula, angarya yerine oyun oynamaya, k\u00f6t\u00fc ko\u015fullarda \u00e7al\u0131\u015fmak yerine \u015feker de yiyebilecekleri ortamlara \u00e7ekmeli?T\u00fcrkiye\u2019de \u00c7ocuk Eme\u011fi\u2019nde yer alan ve \u00fclkemizde konuya dair en deneyimli ve bilgili kalemlerin yazd\u0131\u011f\u0131 makaleler, bu sorulara naifli\u011fe, kestirme \u00e7\u00f6z\u00fcmlere, \u00e7ocuk\u00e7a h\u00fcmanizme ka\u00e7madan yan\u0131tlar ar\u0131yor. T\u00fcrkiye gibi \u00e7ocuk eme\u011finin kapitalist ili\u015fkiler sisteminde epey yer tuttu\u011fu bir \u00fclkede, kitab\u0131n makaleleri en az\u0131ndan bilgi ve bilin\u00e7 d\u00fczeyinde bir duyarl\u0131l\u0131k i\u00e7in kap\u0131lar\u0131 aralamaya \u00e7al\u0131\u015f\u0131yor. <\/p>\n","protected":false},"excerpt":{"rendered":"<p>\u00c7ocuk eme\u011fi \u00e7o\u011fu \u00fclkede h\u00e2l\u00e2 yayg\u0131n bir olgu, hem de onca \u00f6nleme ra\u011fmen. Madencilikten fuhu\u015fa, sokak sat\u0131c\u0131l\u0131\u011f\u0131ndan \u00e7\u0131rakl\u0131\u011fa de\u011fin her t\u00fcrl\u00fc i\u015fte \u00e7al\u0131\u015ft\u0131r\u0131l\u0131yor \u00e7ocuklar. Oyun oynamas\u0131<span class=\"excerpt-hellip\"> [\u2026]<\/span><\/p>\n","protected":false},"featured_media":0,"template":"","meta":{"_monsterinsights_skip_tracking":false,"_monsterinsights_sitenote_active":false,"_monsterinsights_sitenote_note":"","_monsterinsights_sitenote_category":0},"product_brand":[],"product_cat":[12835,12324],"product_tag":[],"class_list":{"0":"post-693379","1":"product","2":"type-product","3":"status-publish","5":"product_cat-genel-sosyoloji","6":"product_cat-sosyoloji","7":"pa_cilt-ciltsiz","8":"pa_tur-kitap","9":"pa_yayinevi-utopya-yayinevi","10":"pa_yazar-derleme","12":"first","13":"instock","14":"sale","15":"shipping-taxable","16":"purchasable","17":"product-type-simple"},"_links":{"self":[{"href":"https:\/\/roveyayinevi.com.tr\/index.php\/wp-json\/wp\/v2\/product\/693379","targetHints":{"allow":["GET"]}}],"collection":[{"href":"https:\/\/roveyayinevi.com.tr\/index.php\/wp-json\/wp\/v2\/product"}],"about":[{"href":"https:\/\/roveyayinevi.com.tr\/index.php\/wp-json\/wp\/v2\/types\/product"}],"wp:attachment":[{"href":"https:\/\/roveyayinevi.com.tr\/index.php\/wp-json\/wp\/v2\/media?parent=693379"}],"wp:term":[{"taxonomy":"product_brand","embeddable":true,"href":"https:\/\/roveyayinevi.com.tr\/index.php\/wp-json\/wp\/v2\/product_brand?post=693379"},{"taxonomy":"product_cat","embeddable":true,"href":"https:\/\/roveyayinevi.com.tr\/index.php\/wp-json\/wp\/v2\/product_cat?post=693379"},{"taxonomy":"product_tag","embeddable":true,"href":"https:\/\/roveyayinevi.com.tr\/index.php\/wp-json\/wp\/v2\/product_tag?post=693379"}],"curies":[{"name":"wp","href":"https:\/\/api.w.org\/{rel}","templated":true}]}}