{"id":693377,"date":"2025-08-27T14:13:48","date_gmt":"2025-08-27T11:13:48","guid":{"rendered":"https:\/\/roveyayinevi.com.tr\/index.php\/urun\/toplumsal-degisme-surecinde-siyaset-ve-ozgurlukler\/"},"modified":"2026-01-29T02:05:54","modified_gmt":"2026-01-28T23:05:54","slug":"toplumsal-degisme-surecinde-siyaset-ve-ozgurlukler","status":"publish","type":"product","link":"https:\/\/roveyayinevi.com.tr\/index.php\/urun\/toplumsal-degisme-surecinde-siyaset-ve-ozgurlukler\/","title":{"rendered":"Toplumsal De\u011fi\u015fme S\u00fcrecinde Siyaset ve \u00d6zg\u00fcrl\u00fckler"},"content":{"rendered":"<p>Toplumsal De\u011fi\u015fme S\u00fcrecinde Siyaset Ve \u00d6zg\u00fcrl\u00fckler Cumhuriyet Halk Partisi ve Adalet Partisi \u00dczerine Bir \u0130nceleme  \u00d6zg\u00fcrl\u00fck, birey ve gruplar\u0131n iktidar ve di\u011fer toplumsal konumlar kar\u015f\u0131s\u0131nda sahip oldu\u011fu haklar toplam\u0131d\u0131r. Bu toplam\u0131n hacmini; toplumsal s\u0131n\u0131flar\u0131n niceli\u011fi, niteli\u011fi ve bunlar\u0131n kendi s\u0131n\u0131f \u00e7\u0131karlar\u0131 do\u011frultusunda iktidar kar\u015f\u0131s\u0131nda ortaya koyduklar\u0131 talepleri ve m\u00fccadeleleri belirlemektedir. Siyasal partiler, bu m\u00fccadelelerin \u00f6nemli taraflar\u0131ndan biridir. Modern toplumlarda, demokratik ve kat\u0131l\u0131mc\u0131 bir d\u00fczenin \u00f6nemli ara\u00e7lar\u0131 olan siyasal partiler, toplumsal g\u00fc\u00e7lerin desteklerini alarak iktidara gelmeyi hedefleyen olu\u015fumlard\u0131r. Bu anlam\u0131yla toplumsal g\u00fc\u00e7lerin \u00f6zg\u00fcrl\u00fck taleplerinin hangi etkenlerle ortaya \u00e7\u0131kt\u0131\u011f\u0131 ve bunlar\u0131n siyasal partilerin \u00f6zg\u00fcrl\u00fcklere yakla\u015f\u0131mlar\u0131n\u0131 nas\u0131l etkiledi\u011fi, \u00f6zg\u00fcrl\u00fcklerin geli\u015fimi a\u00e7\u0131s\u0131ndan \u00f6nemlidir. Elinizdeki bu \u00e7al\u0131\u015fman\u0131n ekseni, 1960-1980 d\u00f6nemi T\u00fcrkiye&#8217;sindeki toplumsal de\u011fi\u015fmelerin CHP ve AP&#8217;nin \u00f6zg\u00fcrl\u00fcklere yakla\u015f\u0131mlar\u0131n\u0131 nas\u0131l etkiledi\u011fidir. <\/p>\n","protected":false},"excerpt":{"rendered":"<p>Toplumsal De\u011fi\u015fme S\u00fcrecinde Siyaset Ve \u00d6zg\u00fcrl\u00fckler Cumhuriyet Halk Partisi ve Adalet Partisi \u00dczerine Bir \u0130nceleme \u00d6zg\u00fcrl\u00fck, birey ve gruplar\u0131n iktidar ve di\u011fer toplumsal konumlar kar\u015f\u0131s\u0131nda sahip<span class=\"excerpt-hellip\"> [\u2026]<\/span><\/p>\n","protected":false},"featured_media":0,"template":"","meta":{"_monsterinsights_skip_tracking":false,"_monsterinsights_sitenote_active":false,"_monsterinsights_sitenote_note":"","_monsterinsights_sitenote_category":0},"product_brand":[],"product_cat":[16098,12337],"product_tag":[],"class_list":{"0":"post-693377","1":"product","2":"type-product","3":"status-publish","5":"product_cat-politik-akimlar-hareketler","6":"product_cat-politika-siyaset","7":"pa_cilt-ciltsiz","8":"pa_tur-kitap","9":"pa_yayinevi-utopya-yayinevi","10":"pa_yazar-kolektif","12":"first","13":"instock","14":"sale","15":"shipping-taxable","16":"purchasable","17":"product-type-simple"},"_links":{"self":[{"href":"https:\/\/roveyayinevi.com.tr\/index.php\/wp-json\/wp\/v2\/product\/693377","targetHints":{"allow":["GET"]}}],"collection":[{"href":"https:\/\/roveyayinevi.com.tr\/index.php\/wp-json\/wp\/v2\/product"}],"about":[{"href":"https:\/\/roveyayinevi.com.tr\/index.php\/wp-json\/wp\/v2\/types\/product"}],"wp:attachment":[{"href":"https:\/\/roveyayinevi.com.tr\/index.php\/wp-json\/wp\/v2\/media?parent=693377"}],"wp:term":[{"taxonomy":"product_brand","embeddable":true,"href":"https:\/\/roveyayinevi.com.tr\/index.php\/wp-json\/wp\/v2\/product_brand?post=693377"},{"taxonomy":"product_cat","embeddable":true,"href":"https:\/\/roveyayinevi.com.tr\/index.php\/wp-json\/wp\/v2\/product_cat?post=693377"},{"taxonomy":"product_tag","embeddable":true,"href":"https:\/\/roveyayinevi.com.tr\/index.php\/wp-json\/wp\/v2\/product_tag?post=693377"}],"curies":[{"name":"wp","href":"https:\/\/api.w.org\/{rel}","templated":true}]}}