{"id":693366,"date":"2025-08-27T14:13:46","date_gmt":"2025-08-27T11:13:46","guid":{"rendered":"https:\/\/roveyayinevi.com.tr\/index.php\/urun\/bilimlerin-vicdani-psikiyatri\/"},"modified":"2026-01-29T02:05:53","modified_gmt":"2026-01-28T23:05:53","slug":"bilimlerin-vicdani-psikiyatri","status":"publish","type":"product","link":"https:\/\/roveyayinevi.com.tr\/index.php\/urun\/bilimlerin-vicdani-psikiyatri\/","title":{"rendered":"Bilimlerin Vicdan\u0131 Psikiyatri"},"content":{"rendered":"<p>Psikiyatri, \u00e7a\u011fda\u015f d\u00fcnyan\u0131n i\u015fleyi\u015finde ne eksikse onu tamaml\u0131yor, bu sayede do\u011fas\u0131nda ta\u015f\u0131d\u0131\u011f\u0131 ka\u00e7\u0131n\u0131lmaz \u00e7eli\u015fkilerden insan\u0131 ve insanl\u0131k sistemini kurtar\u0131yor . Bir t\u0131p dal\u0131 olan psikiyatriye b\u00f6yle bir i\u015flev bi\u00e7en yazar,  Bilimlerin Vicdan\u0131 Psikiyatri de bu tezini kan\u0131tlamaya \u00e7al\u0131\u015fman\u0131n yan\u0131 s\u0131ra ruh sa\u011fl\u0131\u011f\u0131yla ilgili \u00e7evrelerde genellikle el de\u011fmemi\u015f alanlar olan,  d\u00fc\u015f\u00fcnce tarihindeki dalgalanmalar\u0131n psikodinami\u011fi ,  bir sembol \u00fcreticisi olarak insan ,  ruh-beden ikilemi ,  psikoterapinin bilimselle\u015fmesi ,  zaman\u0131n ruhu  sorunlar\u0131na el atmaktad\u0131r.  Bilimlerin Vicdan\u0131: Psikiyatri , psikiyatri i\u00e7inde olduk\u00e7a \u015fiddetli tart\u0131\u015fmalara neden olan  travma ve onun bellekle ve ki\u015filik ili\u015fkileri ,  din ve psikoterapi ,  felsefe ve psikiyatri  konular\u0131nda tart\u0131\u015fmaya kat\u0131lmakta;  a\u015fk ya\u015fant\u0131s\u0131n\u0131n sa\u011fl\u0131kl\u0131 ve hastal\u0131kl\u0131 yanlar\u0131  gibi \u00e7etrefilli bir alanda fikir y\u00fcr\u00fctmektedir.  Bilimlerin Vicdan\u0131: Psikiyatri , \u00fclkemizdeki k\u00fclt\u00fcrel atmosfere de kay\u0131ts\u0131z kalmamakta,  s\u00f6zl\u00fc ve yaz\u0131l\u0131 k\u00fclt\u00fcr\u00fcn ortas\u0131nda: T\u00fcrkiye\u2019de  ya\u015fananlara nas\u0131l bak\u0131lmas\u0131 gerekti\u011fi \u00fczerinde durmaktad\u0131r. <\/p>\n","protected":false},"excerpt":{"rendered":"<p>Psikiyatri, \u00e7a\u011fda\u015f d\u00fcnyan\u0131n i\u015fleyi\u015finde ne eksikse onu tamaml\u0131yor, bu sayede do\u011fas\u0131nda ta\u015f\u0131d\u0131\u011f\u0131 ka\u00e7\u0131n\u0131lmaz \u00e7eli\u015fkilerden insan\u0131 ve insanl\u0131k sistemini kurtar\u0131yor . Bir t\u0131p dal\u0131 olan psikiyatriye b\u00f6yle<span class=\"excerpt-hellip\"> [\u2026]<\/span><\/p>\n","protected":false},"featured_media":0,"template":"","meta":{"_monsterinsights_skip_tracking":false,"_monsterinsights_sitenote_active":false,"_monsterinsights_sitenote_note":"","_monsterinsights_sitenote_category":0},"product_brand":[],"product_cat":[12358,12357],"product_tag":[],"class_list":{"0":"post-693366","1":"product","2":"type-product","3":"status-publish","5":"product_cat-genel-psikoloji","6":"product_cat-psikoloji","7":"pa_cilt-ciltsiz","8":"pa_tur-kitap","9":"pa_yayinevi-utopya-yayinevi","10":"pa_yazar-erol-goka","12":"first","13":"instock","14":"sale","15":"shipping-taxable","16":"purchasable","17":"product-type-simple"},"_links":{"self":[{"href":"https:\/\/roveyayinevi.com.tr\/index.php\/wp-json\/wp\/v2\/product\/693366","targetHints":{"allow":["GET"]}}],"collection":[{"href":"https:\/\/roveyayinevi.com.tr\/index.php\/wp-json\/wp\/v2\/product"}],"about":[{"href":"https:\/\/roveyayinevi.com.tr\/index.php\/wp-json\/wp\/v2\/types\/product"}],"wp:attachment":[{"href":"https:\/\/roveyayinevi.com.tr\/index.php\/wp-json\/wp\/v2\/media?parent=693366"}],"wp:term":[{"taxonomy":"product_brand","embeddable":true,"href":"https:\/\/roveyayinevi.com.tr\/index.php\/wp-json\/wp\/v2\/product_brand?post=693366"},{"taxonomy":"product_cat","embeddable":true,"href":"https:\/\/roveyayinevi.com.tr\/index.php\/wp-json\/wp\/v2\/product_cat?post=693366"},{"taxonomy":"product_tag","embeddable":true,"href":"https:\/\/roveyayinevi.com.tr\/index.php\/wp-json\/wp\/v2\/product_tag?post=693366"}],"curies":[{"name":"wp","href":"https:\/\/api.w.org\/{rel}","templated":true}]}}