{"id":693361,"date":"2025-08-27T14:13:45","date_gmt":"2025-08-27T11:13:45","guid":{"rendered":"https:\/\/roveyayinevi.com.tr\/index.php\/urun\/11-eylulden-afganistana-abd-imparatorlugu\/"},"modified":"2026-01-29T02:05:53","modified_gmt":"2026-01-28T23:05:53","slug":"11-eylulden-afganistana-abd-imparatorlugu","status":"publish","type":"product","link":"https:\/\/roveyayinevi.com.tr\/index.php\/urun\/11-eylulden-afganistana-abd-imparatorlugu\/","title":{"rendered":"11 Eyl\u00fcl\u2019den Afganistan\u2019a ABD \u0130mparatorlu\u011fu"},"content":{"rendered":"<p>ABD&#8217;nin 11 Eyl\u00fcl sald\u0131r\u0131s\u0131ndan sonra hayata ge\u00e7irmeye soyundu\u011fu &#8220;D\u00fcnya \u0130mparatorlu\u011fu&#8221; distopyas\u0131n\u0131n analiz edildi\u011fi bu yap\u0131tta, farkl\u0131 \u00fclkelerden yazarlar, 11 Eyl\u00fcl sald\u0131r\u0131s\u0131n\u0131, ABD patentli &#8220;YDD&#8221; ter\u00f6r\u00fc ve &#8220;YDD&#8217;nin b\u00fcy\u00fcyen k\u00fcresel e\u015fitsizlikleri arkaplan\u0131nda yorumluyor, 11 Eyl\u00fcl dura\u011f\u0131n\u0131n ard\u0131ndan k\u00fcreselle\u015fmenin &#8220;\u00f6zg\u00fcrl\u00fck ve demokrasi&#8221; vaatlerinin nas\u0131l bir karabasana d\u00f6n\u00fc\u015ft\u00fc\u011f\u00fcn\u00fc irdeliyorlar. ABD&#8217;nin 11 Eyl\u00fcl sald\u0131r\u0131lar\u0131n\u0131, gerek\u00e7e g\u00f6stererek giri\u015fti\u011fi Afganistan harekat\u0131 s\u00fcresince sivil halk\u0131n u\u011frad\u0131\u011f\u0131 k\u0131y\u0131m ve y\u0131k\u0131ma ili\u015fkin olgusal bilgilerin de yer ald\u0131\u011f\u0131 yap\u0131tta, \u00e7e\u015fitli kalemlerden, ABD&#8217;nin ger\u00e7ek niyetleri ve ABD taraf\u0131ndan bir a\u00e7maza s\u00fcr\u00fcklenen Afganistan&#8217;\u0131n gelece\u011fi tart\u0131\u015f\u0131l\u0131yor. <\/p>\n","protected":false},"excerpt":{"rendered":"<p>ABD&#8217;nin 11 Eyl\u00fcl sald\u0131r\u0131s\u0131ndan sonra hayata ge\u00e7irmeye soyundu\u011fu &#8220;D\u00fcnya \u0130mparatorlu\u011fu&#8221; distopyas\u0131n\u0131n analiz edildi\u011fi bu yap\u0131tta, farkl\u0131 \u00fclkelerden yazarlar, 11 Eyl\u00fcl sald\u0131r\u0131s\u0131n\u0131, ABD patentli &#8220;YDD&#8221; ter\u00f6r\u00fc ve<span class=\"excerpt-hellip\"> [\u2026]<\/span><\/p>\n","protected":false},"featured_media":0,"template":"","meta":{"_monsterinsights_skip_tracking":false,"_monsterinsights_sitenote_active":false,"_monsterinsights_sitenote_note":"","_monsterinsights_sitenote_category":0},"product_brand":[],"product_cat":[12338,12337],"product_tag":[],"class_list":{"0":"post-693361","1":"product","2":"type-product","3":"status-publish","5":"product_cat-dunya-siyaseti-ve-politikasi","6":"product_cat-politika-siyaset","7":"pa_cilt-ciltsiz","8":"pa_tur-kitap","9":"pa_yayinevi-utopya-yayinevi","10":"pa_yazar-kolektif","12":"first","13":"instock","14":"sale","15":"shipping-taxable","16":"purchasable","17":"product-type-simple"},"_links":{"self":[{"href":"https:\/\/roveyayinevi.com.tr\/index.php\/wp-json\/wp\/v2\/product\/693361","targetHints":{"allow":["GET"]}}],"collection":[{"href":"https:\/\/roveyayinevi.com.tr\/index.php\/wp-json\/wp\/v2\/product"}],"about":[{"href":"https:\/\/roveyayinevi.com.tr\/index.php\/wp-json\/wp\/v2\/types\/product"}],"wp:attachment":[{"href":"https:\/\/roveyayinevi.com.tr\/index.php\/wp-json\/wp\/v2\/media?parent=693361"}],"wp:term":[{"taxonomy":"product_brand","embeddable":true,"href":"https:\/\/roveyayinevi.com.tr\/index.php\/wp-json\/wp\/v2\/product_brand?post=693361"},{"taxonomy":"product_cat","embeddable":true,"href":"https:\/\/roveyayinevi.com.tr\/index.php\/wp-json\/wp\/v2\/product_cat?post=693361"},{"taxonomy":"product_tag","embeddable":true,"href":"https:\/\/roveyayinevi.com.tr\/index.php\/wp-json\/wp\/v2\/product_tag?post=693361"}],"curies":[{"name":"wp","href":"https:\/\/api.w.org\/{rel}","templated":true}]}}