{"id":693359,"date":"2025-08-27T14:13:44","date_gmt":"2025-08-27T11:13:44","guid":{"rendered":"https:\/\/roveyayinevi.com.tr\/index.php\/urun\/sanat-egitimi-kuramlari\/"},"modified":"2026-01-29T02:05:53","modified_gmt":"2026-01-28T23:05:53","slug":"sanat-egitimi-kuramlari","status":"publish","type":"product","link":"https:\/\/roveyayinevi.com.tr\/index.php\/urun\/sanat-egitimi-kuramlari\/","title":{"rendered":"Sanat E\u011fitimi Kuramlar\u0131"},"content":{"rendered":"<p>Sanatlar e\u011fitiminde ve sanatlar e\u011fitimbilimi alan\u0131nda, \u00f6\u011fretilecek olan sanat\u0131n kendisi mi, yoksa as\u0131l ama\u00e7 sanatlar yoluyla insan\u0131n e\u011fitilmesi mi sorusunun tart\u0131\u015f\u0131lmas\u0131yla ba\u015flayan bu kitapta, \u00f6nce sanatsal s\u00fcre\u00e7lerde rol oynayan d\u00fc\u015f\u00fcnce bi\u00e7imleri, k\u0131saca &#8220;sanat\u0131n dili&#8221; irdelenmektedir.19. y\u00fczy\u0131ldan ba\u015flayarak, sanatlar e\u011fitimi kuramlar\u0131n\u0131n geli\u015fmesine ve sanatlar e\u011fitimbilimindeki ilerlemelere katk\u0131s\u0131 olan belli ba\u015fl\u0131 d\u00fc\u015f\u00fcnsel ve k\u0131lg\u0131sal yakla\u015f\u0131mlar, daha \u00e7ok Alman k\u00fclt\u00fcr alan\u0131 ile ilintili olarak g\u00f6zden ge\u00e7irilmektedir.Belli sanat dallar\u0131n\u0131n, \u00f6zellikle g\u00f6rsel &#8211; yo\u011frumsal (plastik) sanatlar\u0131n e\u011fitimi kuramlar\u0131n\u0131n ve y\u00f6ntem biliminin ele al\u0131nd\u0131\u011f\u0131 bu incelemede, sanatlar\u0131n e\u011fitimbilimsel \u00f6neminin vurgulanmas\u0131 da ama\u00e7lanmaktad\u0131r. Konunun, \u00f6zellikle alandaki kuramsal \u00e7al\u0131\u015fmalar\u0131n pek az oldu\u011fu \u00fclkemiz a\u00e7\u0131s\u0131ndan ve g\u00fcn\u00fcm\u00fcze olan uzant\u0131lar\u0131 bak\u0131m\u0131ndan \u00f6nemi bulunmaktad\u0131r.Sanat dallar\u0131 \u00f6\u011fretmenleri ve \u00f6\u011freticilerine, tarihsel k\u00fclt\u00fcr de\u011fi\u015fim ve geli\u015fmeleri i\u00e7inde, sanat ve e\u011fitim ili\u015fkilerine, sanat bilimi ve kuramlar\u0131na ilgi duyanlara seslenen bu yap\u0131t, temel bir ba\u015fvuru kitab\u0131d\u0131r. <\/p>\n","protected":false},"excerpt":{"rendered":"<p>Sanatlar e\u011fitiminde ve sanatlar e\u011fitimbilimi alan\u0131nda, \u00f6\u011fretilecek olan sanat\u0131n kendisi mi, yoksa as\u0131l ama\u00e7 sanatlar yoluyla insan\u0131n e\u011fitilmesi mi sorusunun tart\u0131\u015f\u0131lmas\u0131yla ba\u015flayan bu kitapta, \u00f6nce sanatsal<span class=\"excerpt-hellip\"> [\u2026]<\/span><\/p>\n","protected":false},"featured_media":0,"template":"","meta":{"_monsterinsights_skip_tracking":false,"_monsterinsights_sitenote_active":false,"_monsterinsights_sitenote_note":"","_monsterinsights_sitenote_category":0},"product_brand":[],"product_cat":[12312,12304],"product_tag":[],"class_list":{"0":"post-693359","1":"product","2":"type-product","3":"status-publish","5":"product_cat-diger","6":"product_cat-tarih","7":"pa_cilt-ciltsiz","8":"pa_tur-kitap","9":"pa_yayinevi-utopya-yayinevi","10":"pa_yazar-inci-san","12":"first","13":"instock","14":"sale","15":"shipping-taxable","16":"purchasable","17":"product-type-simple"},"_links":{"self":[{"href":"https:\/\/roveyayinevi.com.tr\/index.php\/wp-json\/wp\/v2\/product\/693359","targetHints":{"allow":["GET"]}}],"collection":[{"href":"https:\/\/roveyayinevi.com.tr\/index.php\/wp-json\/wp\/v2\/product"}],"about":[{"href":"https:\/\/roveyayinevi.com.tr\/index.php\/wp-json\/wp\/v2\/types\/product"}],"wp:attachment":[{"href":"https:\/\/roveyayinevi.com.tr\/index.php\/wp-json\/wp\/v2\/media?parent=693359"}],"wp:term":[{"taxonomy":"product_brand","embeddable":true,"href":"https:\/\/roveyayinevi.com.tr\/index.php\/wp-json\/wp\/v2\/product_brand?post=693359"},{"taxonomy":"product_cat","embeddable":true,"href":"https:\/\/roveyayinevi.com.tr\/index.php\/wp-json\/wp\/v2\/product_cat?post=693359"},{"taxonomy":"product_tag","embeddable":true,"href":"https:\/\/roveyayinevi.com.tr\/index.php\/wp-json\/wp\/v2\/product_tag?post=693359"}],"curies":[{"name":"wp","href":"https:\/\/api.w.org\/{rel}","templated":true}]}}