{"id":693349,"date":"2025-08-27T14:13:42","date_gmt":"2025-08-27T11:13:42","guid":{"rendered":"https:\/\/roveyayinevi.com.tr\/index.php\/urun\/gelecekte-bilim-olarak-ortaya-cikabilecek-her-metafizige-prolegomena\/"},"modified":"2026-04-16T02:03:08","modified_gmt":"2026-04-15T23:03:08","slug":"gelecekte-bilim-olarak-ortaya-cikabilecek-her-metafizige-prolegomena","status":"publish","type":"product","link":"https:\/\/roveyayinevi.com.tr\/index.php\/urun\/gelecekte-bilim-olarak-ortaya-cikabilecek-her-metafizige-prolegomena\/","title":{"rendered":"Gelecekte Bilim Olarak Ortaya \u00c7\u0131kabilecek Her Metafizi\u011fe Prolegomena"},"content":{"rendered":"<p>Kant&#8217;in dilinde bilim, &#8216;saf&#8217; ama bilgimizi geni\u015fleten yarg\u0131lardan olu\u015fan \u00e7e\u015fitli bilgi alanlar\u0131; &#8216;bilim olarak metafizik&#8217; ise, do\u011faya ve ahl\u00e2kl\u0131l\u0131\u011fa ili\u015fkin, bu nitelikte bilgilerden olu\u015fan bir sistem anlam\u0131na geliyor.\u0130nsan\u0131n bilme yetisinin s\u0131n\u0131rlar\u0131n\u0131 a\u015fmas\u0131 sonucu ortaya \u00e7\u0131kan eski metafizi\u011fin kuruntular\u0131n\u0131 bir kenara itmek ve &#8220;bilim olarak metafizi\u011fi&#8221; kurabilmek i\u00e7in, ilk \u00f6nce insan\u0131n bilme yetisinin s\u0131n\u0131rlar\u0131n\u0131 \u00e7izmek, &#8220;insan\u0131n bilme yetisi neleri bilebilir?&#8221; sorusunu yan\u0131tlamak gerekiyor. 1883&#8217;te yay\u0131nlanan Gelecekte Bilim Olarak Ortaya \u00c7\u0131kabilecek Her Metafizi\u011fe Prolegomenada Kant, insan\u0131n bilme yetisinin s\u0131n\u0131rlar\u0131n\u0131 \u00e7izmenin ilk denemesini yap\u0131yor. Bilgi Felsefesiyle u\u011fra\u015fan herkesin okumas\u0131nda yarar olan bir kitap. <\/p>\n","protected":false},"excerpt":{"rendered":"<p>Kant&#8217;in dilinde bilim, &#8216;saf&#8217; ama bilgimizi geni\u015fleten yarg\u0131lardan olu\u015fan \u00e7e\u015fitli bilgi alanlar\u0131; &#8216;bilim olarak metafizik&#8217; ise, do\u011faya ve ahl\u00e2kl\u0131l\u0131\u011fa ili\u015fkin, bu nitelikte bilgilerden olu\u015fan bir sistem<span class=\"excerpt-hellip\"> [\u2026]<\/span><\/p>\n","protected":false},"featured_media":0,"template":"","meta":{"_monsterinsights_skip_tracking":false,"_monsterinsights_sitenote_active":false,"_monsterinsights_sitenote_note":"","_monsterinsights_sitenote_category":0},"product_brand":[],"product_cat":[12389,12388],"product_tag":[],"class_list":{"0":"post-693349","1":"product","2":"type-product","3":"status-publish","5":"product_cat-diger-felsefe","6":"product_cat-felsefe","7":"pa_cilt-ciltsiz","8":"pa_tur-kitap","9":"pa_yayinevi-turkiye-felsefe-kurumu","10":"pa_yazar-immanuel-kant","12":"first","13":"instock","14":"sale","15":"shipping-taxable","16":"purchasable","17":"product-type-simple"},"_links":{"self":[{"href":"https:\/\/roveyayinevi.com.tr\/index.php\/wp-json\/wp\/v2\/product\/693349","targetHints":{"allow":["GET"]}}],"collection":[{"href":"https:\/\/roveyayinevi.com.tr\/index.php\/wp-json\/wp\/v2\/product"}],"about":[{"href":"https:\/\/roveyayinevi.com.tr\/index.php\/wp-json\/wp\/v2\/types\/product"}],"wp:attachment":[{"href":"https:\/\/roveyayinevi.com.tr\/index.php\/wp-json\/wp\/v2\/media?parent=693349"}],"wp:term":[{"taxonomy":"product_brand","embeddable":true,"href":"https:\/\/roveyayinevi.com.tr\/index.php\/wp-json\/wp\/v2\/product_brand?post=693349"},{"taxonomy":"product_cat","embeddable":true,"href":"https:\/\/roveyayinevi.com.tr\/index.php\/wp-json\/wp\/v2\/product_cat?post=693349"},{"taxonomy":"product_tag","embeddable":true,"href":"https:\/\/roveyayinevi.com.tr\/index.php\/wp-json\/wp\/v2\/product_tag?post=693349"}],"curies":[{"name":"wp","href":"https:\/\/api.w.org\/{rel}","templated":true}]}}