{"id":693347,"date":"2025-08-27T14:13:42","date_gmt":"2025-08-27T11:13:42","guid":{"rendered":"https:\/\/roveyayinevi.com.tr\/index.php\/urun\/etik-ve-metaetik\/"},"modified":"2026-04-16T02:03:08","modified_gmt":"2026-04-15T23:03:08","slug":"etik-ve-metaetik","status":"publish","type":"product","link":"https:\/\/roveyayinevi.com.tr\/index.php\/urun\/etik-ve-metaetik\/","title":{"rendered":"Etik ve Metaetik"},"content":{"rendered":"<p>Bu kitap, &#8220;bilimsel felsefe&#8221;nin etikte bir yans\u0131mas\u0131 olan ve Anglo-Amerikan felsefe d\u00fcnyas\u0131nda bug\u00fcn etikle en yayg\u0131n u\u011fra\u015fma yolu olan metaetik \u00fczerine, \u00fclkemizde yay\u0131mlanan ilk \u00e7al\u0131\u015fmad\u0131r.Harun Tepe bu \u00e7al\u0131\u015fmas\u0131nda, etik alan\u0131nda metaetik ile kural getiren (normatif) etik yakla\u015f\u0131mlar\u0131n\u0131 benimseyenler aras\u0131ndaki tart\u0131\u015fmay\u0131 serimlemekte, bu tart\u0131\u015fman\u0131n kayna\u011f\u0131na ve sonu\u00e7lar\u0131na \u0131\u015f\u0131k tutmakta, ayr\u0131ca da etikteki bu yakla\u015f\u0131mlar\u0131n \u00f6zg\u00fcn bir de\u011ferlendirmesini yapmaktad\u0131r. <\/p>\n","protected":false},"excerpt":{"rendered":"<p>Bu kitap, &#8220;bilimsel felsefe&#8221;nin etikte bir yans\u0131mas\u0131 olan ve Anglo-Amerikan felsefe d\u00fcnyas\u0131nda bug\u00fcn etikle en yayg\u0131n u\u011fra\u015fma yolu olan metaetik \u00fczerine, \u00fclkemizde yay\u0131mlanan ilk \u00e7al\u0131\u015fmad\u0131r.Harun Tepe<span class=\"excerpt-hellip\"> [\u2026]<\/span><\/p>\n","protected":false},"featured_media":0,"template":"","meta":{"_monsterinsights_skip_tracking":false,"_monsterinsights_sitenote_active":false,"_monsterinsights_sitenote_note":"","_monsterinsights_sitenote_category":0},"product_brand":[],"product_cat":[12389,12388],"product_tag":[],"class_list":{"0":"post-693347","1":"product","2":"type-product","3":"status-publish","5":"product_cat-diger-felsefe","6":"product_cat-felsefe","7":"pa_cilt-ciltsiz","8":"pa_tur-kitap","9":"pa_yayinevi-turkiye-felsefe-kurumu","10":"pa_yazar-harun-tepe","12":"first","13":"instock","14":"sale","15":"shipping-taxable","16":"purchasable","17":"product-type-simple"},"_links":{"self":[{"href":"https:\/\/roveyayinevi.com.tr\/index.php\/wp-json\/wp\/v2\/product\/693347","targetHints":{"allow":["GET"]}}],"collection":[{"href":"https:\/\/roveyayinevi.com.tr\/index.php\/wp-json\/wp\/v2\/product"}],"about":[{"href":"https:\/\/roveyayinevi.com.tr\/index.php\/wp-json\/wp\/v2\/types\/product"}],"wp:attachment":[{"href":"https:\/\/roveyayinevi.com.tr\/index.php\/wp-json\/wp\/v2\/media?parent=693347"}],"wp:term":[{"taxonomy":"product_brand","embeddable":true,"href":"https:\/\/roveyayinevi.com.tr\/index.php\/wp-json\/wp\/v2\/product_brand?post=693347"},{"taxonomy":"product_cat","embeddable":true,"href":"https:\/\/roveyayinevi.com.tr\/index.php\/wp-json\/wp\/v2\/product_cat?post=693347"},{"taxonomy":"product_tag","embeddable":true,"href":"https:\/\/roveyayinevi.com.tr\/index.php\/wp-json\/wp\/v2\/product_tag?post=693347"}],"curies":[{"name":"wp","href":"https:\/\/api.w.org\/{rel}","templated":true}]}}