{"id":693346,"date":"2025-08-27T14:13:42","date_gmt":"2025-08-27T11:13:42","guid":{"rendered":"https:\/\/roveyayinevi.com.tr\/index.php\/urun\/etik-ve-meslek-etikleri\/"},"modified":"2026-04-16T02:03:08","modified_gmt":"2026-04-15T23:03:08","slug":"etik-ve-meslek-etikleri","status":"publish","type":"product","link":"https:\/\/roveyayinevi.com.tr\/index.php\/urun\/etik-ve-meslek-etikleri\/","title":{"rendered":"Etik ve Meslek Etikleri"},"content":{"rendered":"<p>Son y\u0131llarda meslek etiklerinden daha s\u0131k s\u00f6z edilmeye ba\u015fland\u0131. \u00c7e\u015fitli mesleklerde kar\u015f\u0131la\u015f\u0131lan etik sorunlar\u0131n gittik\u00e7e daha fazla fark\u0131na var\u0131lmas\u0131yla birlikte meslek etiklerinin say\u0131s\u0131 da artt\u0131. Etik sorunla\u0131n\u0131 a\u015fmak i\u00e7in her meslek kendi meslek ilkelerini geli\u015ftirmeye \u00e7al\u0131\u015ft\u0131. Sonu\u00e7ta neredeyse meslek say\u0131s\u0131 kadar &#8220;etik&#8221; ortaya \u00e7\u0131kt\u0131.Bu durum akla \u015fu sorular\u0131 getirmekte: &#8220;Bir mesle\u011fin yap\u0131lmas\u0131 s\u0131ras\u0131nda kar\u015f\u0131la\u015f\u0131lan etik sorunlar, g\u00fcnl\u00fck ya\u015famda kar\u015f\u0131la\u015f\u0131lan etik sorunlardan farkl\u0131 m\u0131d\u0131r?&#8221;, &#8220;Yoksa farkl\u0131 mesleklerde, o mesle\u011fe \u00f6zg\u00fc kimi bilgiler de gerektiren, ayn\u0131 t\u00fcrden etik sorunlarla m\u0131 kar\u015f\u0131 kar\u015f\u0131yay\u0131z?&#8221; Kitap, bu ve benzeri sorular\u0131 ele alarak, meslek etiklerine farkl\u0131 bir yakla\u015f\u0131m\u0131n oldu\u011funa dikkati \u00e7ekmektedir. Bu ise \u0130oanna Ku\u00e7uradi, Peter Koslowski, Yaman \u00d6rs, Kriton Curi, Klaus Leiseinger, Vittorio H\u00f6sle, Harun Tepe, Zeynep Davran, Friedrich K\u00fcbler, Hayrettin \u00d6k\u00e7esiz ve M\u00fcmtaz Soysal&#8217;\u0131n yaz\u0131lar\u0131yla yap\u0131lmakta. <\/p>\n","protected":false},"excerpt":{"rendered":"<p>Son y\u0131llarda meslek etiklerinden daha s\u0131k s\u00f6z edilmeye ba\u015fland\u0131. \u00c7e\u015fitli mesleklerde kar\u015f\u0131la\u015f\u0131lan etik sorunlar\u0131n gittik\u00e7e daha fazla fark\u0131na var\u0131lmas\u0131yla birlikte meslek etiklerinin say\u0131s\u0131 da artt\u0131. Etik<span class=\"excerpt-hellip\"> [\u2026]<\/span><\/p>\n","protected":false},"featured_media":0,"template":"","meta":{"_monsterinsights_skip_tracking":false,"_monsterinsights_sitenote_active":false,"_monsterinsights_sitenote_note":"","_monsterinsights_sitenote_category":0},"product_brand":[],"product_cat":[15319,12388],"product_tag":[],"class_list":{"0":"post-693346","1":"product","2":"type-product","3":"status-publish","5":"product_cat-etik","6":"product_cat-felsefe","7":"pa_cilt-ciltsiz","8":"pa_tur-kitap","9":"pa_yayinevi-turkiye-felsefe-kurumu","10":"pa_yazar-harun-tepe","12":"first","13":"instock","14":"sale","15":"shipping-taxable","16":"purchasable","17":"product-type-simple"},"_links":{"self":[{"href":"https:\/\/roveyayinevi.com.tr\/index.php\/wp-json\/wp\/v2\/product\/693346","targetHints":{"allow":["GET"]}}],"collection":[{"href":"https:\/\/roveyayinevi.com.tr\/index.php\/wp-json\/wp\/v2\/product"}],"about":[{"href":"https:\/\/roveyayinevi.com.tr\/index.php\/wp-json\/wp\/v2\/types\/product"}],"wp:attachment":[{"href":"https:\/\/roveyayinevi.com.tr\/index.php\/wp-json\/wp\/v2\/media?parent=693346"}],"wp:term":[{"taxonomy":"product_brand","embeddable":true,"href":"https:\/\/roveyayinevi.com.tr\/index.php\/wp-json\/wp\/v2\/product_brand?post=693346"},{"taxonomy":"product_cat","embeddable":true,"href":"https:\/\/roveyayinevi.com.tr\/index.php\/wp-json\/wp\/v2\/product_cat?post=693346"},{"taxonomy":"product_tag","embeddable":true,"href":"https:\/\/roveyayinevi.com.tr\/index.php\/wp-json\/wp\/v2\/product_tag?post=693346"}],"curies":[{"name":"wp","href":"https:\/\/api.w.org\/{rel}","templated":true}]}}