{"id":693339,"date":"2025-08-27T14:13:40","date_gmt":"2025-08-27T11:13:40","guid":{"rendered":"https:\/\/roveyayinevi.com.tr\/index.php\/urun\/sanat-ve-egitim\/"},"modified":"2026-01-29T02:05:53","modified_gmt":"2026-01-28T23:05:53","slug":"sanat-ve-egitim","status":"publish","type":"product","link":"https:\/\/roveyayinevi.com.tr\/index.php\/urun\/sanat-ve-egitim\/","title":{"rendered":"Sanat ve E\u011fitim"},"content":{"rendered":"<p>Gen\u00e7 okurlar ve \u00f6\u011frenciler, bu kitapta, sanatlara nas\u0131l ve hangi a\u00e7\u0131lardan bak\u0131laca\u011f\u0131n\u0131n, sanat\u0131n al\u0131mlanmas\u0131n\u0131n ve sanatbilimin \u00e7e\u015fitli kuramlar\u0131n\u0131n yan\u0131s\u0131ra; d\u00fcrt\u00fc, iti, g\u00fcd\u00fc, imge, simge, imgelem, \u00fcretici ve yarat\u0131c\u0131 d\u00fc\u015f\u00fcnme, imgesel d\u00fc\u015f\u00fcnme, yak\u0131nsak ve \u0131raksak d\u00fc\u015f\u00fcnme, bilin\u00e7alt\u0131, yarat\u0131c\u0131l\u0131k, g\u00fcncel ve klasik, kuram, ele\u015ftiri vb. kavram ve terimlerle kar\u015f\u0131la\u015facaklard\u0131r. Bunlara pek \u00e7ok ba\u015fka alanda, hatta zaman zaman ba\u015fka ba\u011flamlarda da rastlanmas\u0131 olanakl\u0131d\u0131r. Bu kavramlar \u00fczerinde derince d\u00fc\u015f\u00fcn\u00fcl\u00fcp bunlar i\u00e7selle\u015ftirilebilirse, daha uzun s\u00fcremde, d\u00fc\u015f\u00fcnsel ya\u015famdaki yarar\u0131 da ku\u015fkusuz g\u00f6r\u00fclecektir. \u00c7\u00fcnk\u00fc yaln\u0131z sanatlar\u0131 izler ve al\u0131mlarken de\u011fil, t\u00fcm d\u00fc\u015f\u00fcnsel s\u00fcre\u00e7lerde, do\u011fru kullan\u0131lacak felsefi ve k\u00fclt\u00fcrel bir kavram ve terim da\u011farc\u0131\u011f\u0131na sahip olmak \u00f6nemlidir. Gen\u00e7 okurlar\u0131n yaratma ve yarat\u0131c\u0131l\u0131ktaki psikolojik ve beyinsel s\u00fcre\u00e7leri kendilerinde de ya\u015famalar\u0131, bir ba\u015fka \u00f6nemli konuyu olu\u015fturmaktad\u0131r. Sanat ve k\u00fclt\u00fcre bak\u0131\u015f a\u00e7\u0131lar\u0131 b\u00f6ylece zenginle\u015febilir. Sanat e\u011fitimi alan\u0131nda T\u00fcrkiye&#8217;nin en \u00f6nemli isimlerinden olan Prof. Dr. \u0130nci San&#8217;\u0131n sanat ve e\u011fitim konular\u0131nda insan ufkunu geni\u015fleten de\u011ferli \u00e7al\u0131\u015fmas\u0131. <\/p>\n","protected":false},"excerpt":{"rendered":"<p>Gen\u00e7 okurlar ve \u00f6\u011frenciler, bu kitapta, sanatlara nas\u0131l ve hangi a\u00e7\u0131lardan bak\u0131laca\u011f\u0131n\u0131n, sanat\u0131n al\u0131mlanmas\u0131n\u0131n ve sanatbilimin \u00e7e\u015fitli kuramlar\u0131n\u0131n yan\u0131s\u0131ra; d\u00fcrt\u00fc, iti, g\u00fcd\u00fc, imge, simge, imgelem, \u00fcretici<span class=\"excerpt-hellip\"> [\u2026]<\/span><\/p>\n","protected":false},"featured_media":0,"template":"","meta":{"_monsterinsights_skip_tracking":false,"_monsterinsights_sitenote_active":false,"_monsterinsights_sitenote_note":"","_monsterinsights_sitenote_category":0},"product_brand":[],"product_cat":[13548,12408],"product_tag":[],"class_list":{"0":"post-693339","1":"product","2":"type-product","3":"status-publish","5":"product_cat-kuram","6":"product_cat-sanat","7":"pa_cilt-ciltsiz","8":"pa_tur-kitap","9":"pa_yayinevi-utopya-yayinevi","10":"pa_yazar-inci-san","12":"first","13":"instock","14":"sale","15":"shipping-taxable","16":"purchasable","17":"product-type-simple"},"_links":{"self":[{"href":"https:\/\/roveyayinevi.com.tr\/index.php\/wp-json\/wp\/v2\/product\/693339","targetHints":{"allow":["GET"]}}],"collection":[{"href":"https:\/\/roveyayinevi.com.tr\/index.php\/wp-json\/wp\/v2\/product"}],"about":[{"href":"https:\/\/roveyayinevi.com.tr\/index.php\/wp-json\/wp\/v2\/types\/product"}],"wp:attachment":[{"href":"https:\/\/roveyayinevi.com.tr\/index.php\/wp-json\/wp\/v2\/media?parent=693339"}],"wp:term":[{"taxonomy":"product_brand","embeddable":true,"href":"https:\/\/roveyayinevi.com.tr\/index.php\/wp-json\/wp\/v2\/product_brand?post=693339"},{"taxonomy":"product_cat","embeddable":true,"href":"https:\/\/roveyayinevi.com.tr\/index.php\/wp-json\/wp\/v2\/product_cat?post=693339"},{"taxonomy":"product_tag","embeddable":true,"href":"https:\/\/roveyayinevi.com.tr\/index.php\/wp-json\/wp\/v2\/product_tag?post=693339"}],"curies":[{"name":"wp","href":"https:\/\/api.w.org\/{rel}","templated":true}]}}