{"id":693338,"date":"2025-08-27T14:13:40","date_gmt":"2025-08-27T11:13:40","guid":{"rendered":"https:\/\/roveyayinevi.com.tr\/index.php\/urun\/resmi-ideoloji-devlet-milliyetcilik\/"},"modified":"2026-01-29T02:05:53","modified_gmt":"2026-01-28T23:05:53","slug":"resmi-ideoloji-devlet-milliyetcilik","status":"publish","type":"product","link":"https:\/\/roveyayinevi.com.tr\/index.php\/urun\/resmi-ideoloji-devlet-milliyetcilik\/","title":{"rendered":"Resmi \u0130deoloji, Devlet, Milliyet\u00e7ilik"},"content":{"rendered":"<p>D\u00fcnyan\u0131n bu b\u00f6lgesinde ya\u015fayan halklar \u00e7ok ac\u0131 \u00e7ektiler; h\u00e2l\u00e2 da \u00e7ekiyorlar. Kimlikleri, insanl\u0131k onurlar\u0131, emeklerinin \u00fcr\u00fcnleri, ya\u015fam tarzlar\u0131, k\u00fclt\u00fcrleri, dilleri ve s\u0131k\u00e7a da ya\u015fam haklar\u0131 ink\u00e2r edildi. Gerek gayrim\u00fcslim (Rum, Ermeni, Yahudi, S\u00fcryani)ve M\u00fcsl\u00fcman yerliler (Araplar, K\u00fcrtler), gerekse M\u00fcsl\u00fcman g\u00f6\u00e7menlerin (\u00c7erkesler, G\u00fcrc\u00fcler, Arnavutlar, Pomaklar\u2026) k\u00fclt\u00fcrleri, dilleri ve k\u00fclt\u00fcrleri hoyrat\u00e7a reddedildi. T\u00fcrk-olmayan M\u00fcsl\u00fcman etnik gruplar kaba bir asimilasyona tabi tutulur, dil ve adetleri yasaklan\u0131r, sayg\u0131nl\u0131klar\u0131 ayakalt\u0131nda \u00e7i\u011fnenirken, gayrim\u00fcslimler o denli dahi \u015fansl\u0131 de\u011fildi. Ermeniler katledilip bir soyk\u0131r\u0131mda yok edildi, Rumlar tehcir edildi, Yahudiler ya\u011fmaland\u0131. Bu kitap, s\u00f6z\u00fc edilen ac\u0131lardan s\u00f6z ediyor. Yazar\u0131 T\u00fcrk ulusunun mensuplar\u0131n\u0131n T\u00fcrk tarihinin resm\u00ee versiyonu ile hesapla\u015f\u0131p, onun &#8220;k\u00f6t\u00fc yan\u0131&#8221;yla y\u00fczle\u015fmek zorunda oldu\u011funa, bu ger\u00e7ekle\u015fmezse, k\u00f6t\u00fcl\u00fc\u011f\u00fcn b\u00fcy\u00fcyerek tekrar edece\u011fine inan\u0131yor. Ermeni yazar Hrant Dink&#8217;in ve Uludere&#8217;de 35 K\u00fcrt&#8217;\u00fcn katledildi\u011fi \u00fczere\u2026  Nihayet y\u00fczle\u015fme ve kabul, halk katmanlar\u0131nda i\u00e7kin olan \u0131rk\u00e7\u0131l\u0131\u011f\u0131n \u00fcstesinden gelmenin ve ger\u00e7ek bir &#8220;halklar\u0131n karde\u015fli\u011fi&#8221; havas\u0131 yaratman\u0131n tek yoludur. <\/p>\n","protected":false},"excerpt":{"rendered":"<p>D\u00fcnyan\u0131n bu b\u00f6lgesinde ya\u015fayan halklar \u00e7ok ac\u0131 \u00e7ektiler; h\u00e2l\u00e2 da \u00e7ekiyorlar. Kimlikleri, insanl\u0131k onurlar\u0131, emeklerinin \u00fcr\u00fcnleri, ya\u015fam tarzlar\u0131, k\u00fclt\u00fcrleri, dilleri ve s\u0131k\u00e7a da ya\u015fam haklar\u0131 ink\u00e2r<span class=\"excerpt-hellip\"> [\u2026]<\/span><\/p>\n","protected":false},"featured_media":0,"template":"","meta":{"_monsterinsights_skip_tracking":false,"_monsterinsights_sitenote_active":false,"_monsterinsights_sitenote_note":"","_monsterinsights_sitenote_category":0},"product_brand":[],"product_cat":[12965,12337],"product_tag":[],"class_list":{"0":"post-693338","1":"product","2":"type-product","3":"status-publish","5":"product_cat-genel-politika","6":"product_cat-politika-siyaset","7":"pa_cilt-ciltsiz","8":"pa_tur-kitap","9":"pa_yayinevi-utopya-yayinevi","10":"pa_yazar-temel-demirer","12":"first","13":"instock","14":"sale","15":"shipping-taxable","16":"purchasable","17":"product-type-simple"},"_links":{"self":[{"href":"https:\/\/roveyayinevi.com.tr\/index.php\/wp-json\/wp\/v2\/product\/693338","targetHints":{"allow":["GET"]}}],"collection":[{"href":"https:\/\/roveyayinevi.com.tr\/index.php\/wp-json\/wp\/v2\/product"}],"about":[{"href":"https:\/\/roveyayinevi.com.tr\/index.php\/wp-json\/wp\/v2\/types\/product"}],"wp:attachment":[{"href":"https:\/\/roveyayinevi.com.tr\/index.php\/wp-json\/wp\/v2\/media?parent=693338"}],"wp:term":[{"taxonomy":"product_brand","embeddable":true,"href":"https:\/\/roveyayinevi.com.tr\/index.php\/wp-json\/wp\/v2\/product_brand?post=693338"},{"taxonomy":"product_cat","embeddable":true,"href":"https:\/\/roveyayinevi.com.tr\/index.php\/wp-json\/wp\/v2\/product_cat?post=693338"},{"taxonomy":"product_tag","embeddable":true,"href":"https:\/\/roveyayinevi.com.tr\/index.php\/wp-json\/wp\/v2\/product_tag?post=693338"}],"curies":[{"name":"wp","href":"https:\/\/api.w.org\/{rel}","templated":true}]}}