{"id":693337,"date":"2025-08-27T14:13:40","date_gmt":"2025-08-27T11:13:40","guid":{"rendered":"https:\/\/roveyayinevi.com.tr\/index.php\/urun\/otekilerin-cevresi\/"},"modified":"2026-01-29T02:05:53","modified_gmt":"2026-01-28T23:05:53","slug":"otekilerin-cevresi","status":"publish","type":"product","link":"https:\/\/roveyayinevi.com.tr\/index.php\/urun\/otekilerin-cevresi\/","title":{"rendered":"\u00d6tekilerin \u00c7evresi"},"content":{"rendered":"<p>K\u00fcresel olsun, ulusal olsun, b\u00f6lgesel ya da yerel olsun, insanl\u0131\u011f\u0131n kar\u015f\u0131 kar\u015f\u0131ya bulundu\u011fu toplumsal, ekonomik ve siyasal sorunlar\u0131n \u00e7\u00f6z\u00fcm\u00fcnde, bilin\u00e7 d\u00fczeyi y\u00fcksek bireylerin varl\u0131\u011f\u0131 kadar, \u00f6rg\u00fctl\u00fc davran\u0131\u015f da \u00f6nem ta\u015f\u0131r. Her iki etmen birbirini b\u00fct\u00fcnler. \u00c7evre de\u011ferlerinin korunmas\u0131 ve geli\u015ftirilmesi, b\u00f6yle bir gereksinmeyi bize en \u00e7ok duyumsatan sorumluluk alanlar\u0131ndan biridir. \u00c7\u00fcnk\u00fc, \u00e7evreci ak\u0131mlara ya da d\u00fc\u015f\u00fcn hareketlerine \u00f6nc\u00fcl\u00fck etmek sav\u0131yla sahne alan akt\u00f6rlerden bir\u00e7o\u011funun, ya sa\u011flam bir d\u00fcnya g\u00f6r\u00fc\u015f\u00fcnden ve ideolojik derinlikten yoksun olduklar\u0131, ya da varmak istedikleri as\u0131l ere\u011fin, toplum yarar\u0131ndan \u00e7ok, k\u0131sa erimli, bireysel ilgi alanlar\u0131 oldu\u011fu k\u0131sa s\u00fcrede anla\u015f\u0131lmaktad\u0131r. Bu nedenle, \u00e7evre sorunsal\u0131n\u0131 geni\u015f\u00e7e bir d\u00fc\u015f\u00fcnce y\u00f6r\u00fcngesine oturmaya \u00f6zen g\u00f6steren, insanl\u0131\u011f\u0131 ve ulusmuzu tehdit eden en g\u00fcncel \u00e7evre risklerini bilin\u00e7le irdeleyen, \u00e7\u00f6z\u00fcm yollar\u0131n\u0131 par\u00e7ac\u0131l de\u011fil, b\u00fct\u00fcnc\u00fcl yakla\u015f\u0131mlarda arayan \u00f6zverili \u00e7al\u0131\u015fmalar\u0131n \u00e7o\u011falmas\u0131n\u0131 k\u0131van\u00e7la kar\u015f\u0131l\u0131yoruz. Bu yap\u0131t, bize bu k\u0131vanc\u0131 yeniden ya\u015fatan yeni \u00f6rneklerden biri. \u0130\u00e7inde, \u00e7evre hakk\u0131ndan kalk\u0131nma ve k\u00fcreselle\u015fmeye, Avrupa Birli\u011fi\u2019nden kentle\u015fmeye, kentsel d\u00f6n\u00fc\u015f\u00fcm ve n\u00fckleer satrallere var\u0131ncaya de\u011fin en g\u00fcncel sorunlar belli bir d\u00fcnya g\u00f6r\u00fc\u015f\u00fcne ba\u011fl\u0131l\u0131\u011f\u0131 elden b\u0131rakmadan nesnel ve b\u00fct\u00fcnc\u00fcl bir yakla\u015f\u0131mla irdelemekte ve yal\u0131n bir anlat\u0131mla okuyucuya sunulmaktad\u0131r. &#8211; Prof. Dr. Ru\u015fen Kele\u015f <\/p>\n","protected":false},"excerpt":{"rendered":"<p>K\u00fcresel olsun, ulusal olsun, b\u00f6lgesel ya da yerel olsun, insanl\u0131\u011f\u0131n kar\u015f\u0131 kar\u015f\u0131ya bulundu\u011fu toplumsal, ekonomik ve siyasal sorunlar\u0131n \u00e7\u00f6z\u00fcm\u00fcnde, bilin\u00e7 d\u00fczeyi y\u00fcksek bireylerin varl\u0131\u011f\u0131 kadar, \u00f6rg\u00fctl\u00fc<span class=\"excerpt-hellip\"> [\u2026]<\/span><\/p>\n","protected":false},"featured_media":0,"template":"","meta":{"_monsterinsights_skip_tracking":false,"_monsterinsights_sitenote_active":false,"_monsterinsights_sitenote_note":"","_monsterinsights_sitenote_category":0},"product_brand":[],"product_cat":[12338,12337],"product_tag":[],"class_list":{"0":"post-693337","1":"product","2":"type-product","3":"status-publish","5":"product_cat-dunya-siyaseti-ve-politikasi","6":"product_cat-politika-siyaset","7":"pa_cilt-ciltsiz","8":"pa_tur-kitap","9":"pa_yayinevi-utopya-yayinevi","10":"pa_yazar-ethem-torunoglu","12":"first","13":"instock","14":"sale","15":"shipping-taxable","16":"purchasable","17":"product-type-simple"},"_links":{"self":[{"href":"https:\/\/roveyayinevi.com.tr\/index.php\/wp-json\/wp\/v2\/product\/693337","targetHints":{"allow":["GET"]}}],"collection":[{"href":"https:\/\/roveyayinevi.com.tr\/index.php\/wp-json\/wp\/v2\/product"}],"about":[{"href":"https:\/\/roveyayinevi.com.tr\/index.php\/wp-json\/wp\/v2\/types\/product"}],"wp:attachment":[{"href":"https:\/\/roveyayinevi.com.tr\/index.php\/wp-json\/wp\/v2\/media?parent=693337"}],"wp:term":[{"taxonomy":"product_brand","embeddable":true,"href":"https:\/\/roveyayinevi.com.tr\/index.php\/wp-json\/wp\/v2\/product_brand?post=693337"},{"taxonomy":"product_cat","embeddable":true,"href":"https:\/\/roveyayinevi.com.tr\/index.php\/wp-json\/wp\/v2\/product_cat?post=693337"},{"taxonomy":"product_tag","embeddable":true,"href":"https:\/\/roveyayinevi.com.tr\/index.php\/wp-json\/wp\/v2\/product_tag?post=693337"}],"curies":[{"name":"wp","href":"https:\/\/api.w.org\/{rel}","templated":true}]}}