{"id":693336,"date":"2025-08-27T14:13:40","date_gmt":"2025-08-27T11:13:40","guid":{"rendered":"https:\/\/roveyayinevi.com.tr\/index.php\/urun\/ogrenci-kulupleri-ve-demokrasi-kulturu\/"},"modified":"2026-01-29T02:05:52","modified_gmt":"2026-01-28T23:05:52","slug":"ogrenci-kulupleri-ve-demokrasi-kulturu","status":"publish","type":"product","link":"https:\/\/roveyayinevi.com.tr\/index.php\/urun\/ogrenci-kulupleri-ve-demokrasi-kulturu\/","title":{"rendered":"\u00d6\u011frenci Kul\u00fcpleri ve Demokrasi K\u00fclt\u00fcr\u00fc"},"content":{"rendered":"<p>Bu kitap ilk ve orta dereceli okullardaki \u00f6\u011frenci kul\u00fcpleri ve topluma hizmet \u00e7al\u0131\u015fmalar\u0131yla ilgilidir. Kitap, Hem Kul\u00fcp faaliyetlerinin dayand\u0131\u011f\u0131 kuram, bilgi ve felsefeyi irdelemekte, hem de kul\u00fcplerin i\u015fleyi\u015fi hususundaki a\u00e7\u0131klamalarda bir k\u0131lavuz olma niteli\u011fi ta\u015f\u0131maktad\u0131r. \u00d6\u011fretmenler genellikle y\u00f6netmeli\u011fe bakarak kul\u00fcpleri faal k\u0131lmaya \u00e7al\u0131\u015fmaktad\u0131r. Ancak y\u00f6netmeli\u011fin dayand\u0131\u011f\u0131 yakla\u015f\u0131m bilinmeden bu faaliyetlerden etkili sonu\u00e7 al\u0131namamaktad\u0131r. Bu kitapla bir ya\u015fama bi\u00e7imi olarak demokrasi ve kul\u00fcpler aras\u0131ndaki ili\u015fkide a\u00e7\u0131klanmakta ve konunun &#8216;ni\u00e7in ve nas\u0131l&#8217; sorular\u0131na cevap verilmeye \u00e7al\u0131\u015f\u0131lmaktad\u0131r. Konusunda ilk olma \u00f6zelli\u011fini ta\u015f\u0131yan bu kitap, kul\u00fcp \u00e7al\u0131\u015fmalar\u0131nda g\u00f6revli \u00f6\u011fretmenlere ve \u00f6\u011fretmen adaylar\u0131na \u00f6nerilir. <\/p>\n","protected":false},"excerpt":{"rendered":"<p>Bu kitap ilk ve orta dereceli okullardaki \u00f6\u011frenci kul\u00fcpleri ve topluma hizmet \u00e7al\u0131\u015fmalar\u0131yla ilgilidir. Kitap, Hem Kul\u00fcp faaliyetlerinin dayand\u0131\u011f\u0131 kuram, bilgi ve felsefeyi irdelemekte, hem de<span class=\"excerpt-hellip\"> [\u2026]<\/span><\/p>\n","protected":false},"featured_media":0,"template":"","meta":{"_monsterinsights_skip_tracking":false,"_monsterinsights_sitenote_active":false,"_monsterinsights_sitenote_note":"","_monsterinsights_sitenote_category":0},"product_brand":[],"product_cat":[12312,12304],"product_tag":[],"class_list":{"0":"post-693336","1":"product","2":"type-product","3":"status-publish","5":"product_cat-diger","6":"product_cat-tarih","7":"pa_cilt-ciltsiz","8":"pa_tur-kitap","9":"pa_yayinevi-utopya-yayinevi","10":"pa_yazar-ikram-cinar","12":"first","13":"instock","14":"sale","15":"shipping-taxable","16":"purchasable","17":"product-type-simple"},"_links":{"self":[{"href":"https:\/\/roveyayinevi.com.tr\/index.php\/wp-json\/wp\/v2\/product\/693336","targetHints":{"allow":["GET"]}}],"collection":[{"href":"https:\/\/roveyayinevi.com.tr\/index.php\/wp-json\/wp\/v2\/product"}],"about":[{"href":"https:\/\/roveyayinevi.com.tr\/index.php\/wp-json\/wp\/v2\/types\/product"}],"wp:attachment":[{"href":"https:\/\/roveyayinevi.com.tr\/index.php\/wp-json\/wp\/v2\/media?parent=693336"}],"wp:term":[{"taxonomy":"product_brand","embeddable":true,"href":"https:\/\/roveyayinevi.com.tr\/index.php\/wp-json\/wp\/v2\/product_brand?post=693336"},{"taxonomy":"product_cat","embeddable":true,"href":"https:\/\/roveyayinevi.com.tr\/index.php\/wp-json\/wp\/v2\/product_cat?post=693336"},{"taxonomy":"product_tag","embeddable":true,"href":"https:\/\/roveyayinevi.com.tr\/index.php\/wp-json\/wp\/v2\/product_tag?post=693336"}],"curies":[{"name":"wp","href":"https:\/\/api.w.org\/{rel}","templated":true}]}}