{"id":693334,"date":"2025-08-27T14:13:39","date_gmt":"2025-08-27T11:13:39","guid":{"rendered":"https:\/\/roveyayinevi.com.tr\/index.php\/urun\/medyatuketim-kulturu-ve-yasam-tarzlari\/"},"modified":"2026-01-29T02:05:52","modified_gmt":"2026-01-28T23:05:52","slug":"medyatuketim-kulturu-ve-yasam-tarzlari","status":"publish","type":"product","link":"https:\/\/roveyayinevi.com.tr\/index.php\/urun\/medyatuketim-kulturu-ve-yasam-tarzlari\/","title":{"rendered":"Medya,T\u00fcketim K\u00fclt\u00fcr\u00fc ve Ya\u015fam Tarzlar\u0131"},"content":{"rendered":"<p>Banu Da\u011fta\u015f &#8211; Erdal Da\u011fta\u015f &#8211; T\u00fcketim K\u00fclt\u00fcr\u00fc, Ya\u015fam Tarzlar\u0131, Bo\u015f Zamanlar ve Medya \u00dczerine Bir Literat\u00fcr Taramas\u0131Derya Tellan &#8211; T\u00fcketim Kavram\u0131n\u0131 Anlamland\u0131rmak: Tarihi ve Sosyolojisi\u00c7a\u011fatay Edg\u00fccan \u015eahin &#8211; T\u00fcketim Toplumu: &#8220;M\u00fckemmele Evrilen Politika&#8221;Nil\u00fcfer Korkmaz &#8211; T\u00fcrkiye&#8217;de T\u00fcketim K\u00fclt\u00fcr\u00fc ve Mek\u00e2nsal Ayr\u0131\u015fmaBanu Da\u011fta\u015f &#8211; Devrim Deniz Erol &#8211; Yayg\u0131n Medyan\u0131n Haftasonu Eklerinde T\u00fcketime Dayal\u0131 Ya\u015fam Tarz\u0131 Sunumlar\u0131\u0130lker \u00d6zdemir &#8211; T\u00fcrkiye&#8217;de Pop\u00fcler Kad\u0131n Magazin Dergileri: Yeni Kad\u0131n Kimli\u011fi ve Sunulan Ya\u015fam Tarzlar\u0131Levent Yaylag\u00fcl &#8211; Yar\u0131\u015fma Programlar\u0131, T\u00fcketim K\u00fclt\u00fcr\u00fc ve K\u00fclt\u00fcr EmperyalizmiBurcu Hala\u00e7o\u011flu &#8211; T\u00fcketim K\u00fclt\u00fcr\u00fc, Ya\u015fam Tarzlar\u0131 ve 1990&#8217;l\u0131 Y\u0131llar: Yeni Ku\u015fak T\u00fcrkiye Sinemas\u0131nda &#8220;Marjinal&#8221; KimliklerSerpil Ayg\u00fcl Cengiz &#8211; Duygulan\u0131m Sarkac\u0131n\u0131n Haz ile Aleksitimi Aras\u0131ndaki Sal\u0131n\u0131m\u0131: Reklamlarda Kamusal Y\u00fczG\u00f6ksel Turan &#8211; Ger\u00e7ek(siz)li\u011fimizde Sar\u0131ld\u0131\u011f\u0131m\u0131z Serap: \u0130nternetEmrah \u00d6zdemir &#8211; Ya\u015fam Tarzlar\u0131n\u0131n Sanal Mek\u00e2nlardaki Sunumu: Bir Cazibe Merkezi Olarak &#8220;Siberalem&#8221; \u00d6rne\u011fi <\/p>\n","protected":false},"excerpt":{"rendered":"<p>Banu Da\u011fta\u015f &#8211; Erdal Da\u011fta\u015f &#8211; T\u00fcketim K\u00fclt\u00fcr\u00fc, Ya\u015fam Tarzlar\u0131, Bo\u015f Zamanlar ve Medya \u00dczerine Bir Literat\u00fcr Taramas\u0131Derya Tellan &#8211; T\u00fcketim Kavram\u0131n\u0131 Anlamland\u0131rmak: Tarihi ve Sosyolojisi\u00c7a\u011fatay<span class=\"excerpt-hellip\"> [\u2026]<\/span><\/p>\n","protected":false},"featured_media":0,"template":"","meta":{"_monsterinsights_skip_tracking":false,"_monsterinsights_sitenote_active":false,"_monsterinsights_sitenote_note":"","_monsterinsights_sitenote_category":0},"product_brand":[],"product_cat":[13278,12324],"product_tag":[],"class_list":{"0":"post-693334","1":"product","2":"type-product","3":"status-publish","5":"product_cat-sivil-toplum-kuruluslari","6":"product_cat-sosyoloji","7":"pa_cilt-ciltsiz","8":"pa_tur-kitap","9":"pa_yayinevi-utopya-yayinevi","10":"pa_yazar-derleme","12":"first","13":"instock","14":"sale","15":"shipping-taxable","16":"purchasable","17":"product-type-simple"},"_links":{"self":[{"href":"https:\/\/roveyayinevi.com.tr\/index.php\/wp-json\/wp\/v2\/product\/693334","targetHints":{"allow":["GET"]}}],"collection":[{"href":"https:\/\/roveyayinevi.com.tr\/index.php\/wp-json\/wp\/v2\/product"}],"about":[{"href":"https:\/\/roveyayinevi.com.tr\/index.php\/wp-json\/wp\/v2\/types\/product"}],"wp:attachment":[{"href":"https:\/\/roveyayinevi.com.tr\/index.php\/wp-json\/wp\/v2\/media?parent=693334"}],"wp:term":[{"taxonomy":"product_brand","embeddable":true,"href":"https:\/\/roveyayinevi.com.tr\/index.php\/wp-json\/wp\/v2\/product_brand?post=693334"},{"taxonomy":"product_cat","embeddable":true,"href":"https:\/\/roveyayinevi.com.tr\/index.php\/wp-json\/wp\/v2\/product_cat?post=693334"},{"taxonomy":"product_tag","embeddable":true,"href":"https:\/\/roveyayinevi.com.tr\/index.php\/wp-json\/wp\/v2\/product_tag?post=693334"}],"curies":[{"name":"wp","href":"https:\/\/api.w.org\/{rel}","templated":true}]}}