{"id":693329,"date":"2025-08-27T14:13:38","date_gmt":"2025-08-27T11:13:38","guid":{"rendered":"https:\/\/roveyayinevi.com.tr\/index.php\/urun\/paris-ev-isgalleri\/"},"modified":"2026-01-29T02:05:52","modified_gmt":"2026-01-28T23:05:52","slug":"paris-ev-isgalleri","status":"publish","type":"product","link":"https:\/\/roveyayinevi.com.tr\/index.php\/urun\/paris-ev-isgalleri\/","title":{"rendered":"Paris Ev \u0130\u015fgalleri"},"content":{"rendered":"<p>1981 y\u0131l\u0131n\u0131n son g\u00fcnleri, Paris&#8230; D\u00fcnyan\u0131n en tan\u0131nm\u0131\u015f silahl\u0131 m\u00fccadele \u00f6rg\u00fctlerinden  Do\u011frudan Eylem  (Action Directe) ile bir grup T\u00fcrkiyeli g\u00f6\u00e7men i\u015f\u00e7i, Paris belediyesinin ev politikas\u0131n\u0131 protesto etmek amac\u0131yla \u00fc\u00e7 apartman\u0131 i\u015fgal ettiler. Avrupa\u2019da yay\u0131nlanan T\u00fcrk\u00e7e gazetelerde, Frans\u0131z bas\u0131n televizyonunda geni\u015f yank\u0131 bulan i\u015fgal yakla\u015f\u0131k 8 ay s\u00fcrd\u00fc. Paris Belediye Ba\u015fkan\u0131 \u015fimdiki Fransa Cumhurba\u015fkan\u0131 Jacques Chirac\u2019t\u0131. Frans\u0131z polisiyle \u00e7at\u0131\u015fmak, Paris Belediyesi\u2019yle mahkemelik olmak ve davay\u0131 kazanmak, T\u00fcrkiyelilerin i\u00e7 sorunlar\u0131 ve anarkosendikalist e\u011filimi a\u011f\u0131r basan  Do\u011frudan Eylem le gittik\u00e7e gev\u015feyen ili\u015fkiler&#8230; T\u00fcrkiyelilerin ve Frans\u0131zlar\u0131n tarihinde ilk kez ger\u00e7ekle\u015fen bu olaylar dizisi, i\u00e7eriden tan\u0131kl\u0131kla do\u011frudan anlat\u0131l\u0131yor. <\/p>\n","protected":false},"excerpt":{"rendered":"<p>1981 y\u0131l\u0131n\u0131n son g\u00fcnleri, Paris&#8230; D\u00fcnyan\u0131n en tan\u0131nm\u0131\u015f silahl\u0131 m\u00fccadele \u00f6rg\u00fctlerinden Do\u011frudan Eylem (Action Directe) ile bir grup T\u00fcrkiyeli g\u00f6\u00e7men i\u015f\u00e7i, Paris belediyesinin ev politikas\u0131n\u0131 protesto<span class=\"excerpt-hellip\"> [\u2026]<\/span><\/p>\n","protected":false},"featured_media":0,"template":"","meta":{"_monsterinsights_skip_tracking":false,"_monsterinsights_sitenote_active":false,"_monsterinsights_sitenote_note":"","_monsterinsights_sitenote_category":0},"product_brand":[],"product_cat":[12337,14543],"product_tag":[],"class_list":{"0":"post-693329","1":"product","2":"type-product","3":"status-publish","5":"product_cat-politika-siyaset","6":"product_cat-turkiye-siyaseti-ve-politikasi","7":"pa_cilt-ciltsiz","8":"pa_tur-kitap","9":"pa_yayinevi-utopya-yayinevi","10":"pa_yazar-engin-erkiner","12":"first","13":"instock","14":"sale","15":"shipping-taxable","16":"purchasable","17":"product-type-simple"},"_links":{"self":[{"href":"https:\/\/roveyayinevi.com.tr\/index.php\/wp-json\/wp\/v2\/product\/693329","targetHints":{"allow":["GET"]}}],"collection":[{"href":"https:\/\/roveyayinevi.com.tr\/index.php\/wp-json\/wp\/v2\/product"}],"about":[{"href":"https:\/\/roveyayinevi.com.tr\/index.php\/wp-json\/wp\/v2\/types\/product"}],"wp:attachment":[{"href":"https:\/\/roveyayinevi.com.tr\/index.php\/wp-json\/wp\/v2\/media?parent=693329"}],"wp:term":[{"taxonomy":"product_brand","embeddable":true,"href":"https:\/\/roveyayinevi.com.tr\/index.php\/wp-json\/wp\/v2\/product_brand?post=693329"},{"taxonomy":"product_cat","embeddable":true,"href":"https:\/\/roveyayinevi.com.tr\/index.php\/wp-json\/wp\/v2\/product_cat?post=693329"},{"taxonomy":"product_tag","embeddable":true,"href":"https:\/\/roveyayinevi.com.tr\/index.php\/wp-json\/wp\/v2\/product_tag?post=693329"}],"curies":[{"name":"wp","href":"https:\/\/api.w.org\/{rel}","templated":true}]}}