{"id":693327,"date":"2025-08-27T14:13:38","date_gmt":"2025-08-27T11:13:38","guid":{"rendered":"https:\/\/roveyayinevi.com.tr\/index.php\/urun\/nasil-bir-insan-nasil-bir-ogretim\/"},"modified":"2026-01-29T02:05:52","modified_gmt":"2026-01-28T23:05:52","slug":"nasil-bir-insan-nasil-bir-ogretim","status":"publish","type":"product","link":"https:\/\/roveyayinevi.com.tr\/index.php\/urun\/nasil-bir-insan-nasil-bir-ogretim\/","title":{"rendered":"Nas\u0131l Bir \u0130nsan? Nas\u0131l Bir \u00d6\u011fretim"},"content":{"rendered":"<p>Bu kitapta, e\u011fitimimizle ilgili problemlerin do\u011fu\u015f ve geli\u015fme evreleri ele al\u0131nm\u0131\u015f, \u00f6\u011fretim sistemimizdeki olumsuzluklar ortaya konularak; tamamen birbirinden kopuk, geli\u015fig\u00fczel y\u0131\u011fmaca bilgiler ve sorgusuz belletilen otoritelerle zihinlerin \u00f6zg\u00fcrle\u015fmesinin olanaks\u0131z oldu\u011fu ileri s\u00fcr\u00fclm\u00fc\u015f; ve geleneksel \u00f6\u011fretim sistemimize alternatif \u00f6\u011fretim y\u00f6ntemleri \u00f6nerilmi\u015ftir. \u00c7al\u0131\u015fmada, projeksiyon tutulan \u00f6\u011fretim kademeleri ilk ve orta\u00f6\u011fretim olmakla birlikte, saptanan problemlerin y\u00fcksek \u00f6\u011fretime de yabanci olmayip, bu problemlere getirilen \u00f6nerilerden y\u00fcksek\u00f6\u011fretimde de faydalan\u0131laca\u011f\u0131n\u0131 d\u00fc\u015f\u00fcnmekteyiz. Tek y\u00f6ne bakt\u0131ran, renksiz, rutin, heyecans\u0131z, geleneksel kal\u0131plarla yap\u0131lan \u00f6\u011fretim, zihinleri tutsakla\u015ft\u0131r\u0131rken; \u00e7ok y\u00f6nl\u00fc, yarat\u0131c\u0131, sorgulay\u0131c\u0131 d\u00fc\u015f\u00fcnmeye y\u00f6nlendiren bir e\u011fitim ise, problem \u00e7\u00f6zd\u00fcren renkli, d\u00fc\u015f\u00fcnme ufku a\u00e7\u0131k bir \u00f6\u011fretim olup, hem toplumsal hem de evrensel sorumluluklar\u0131n\u0131n bilincinde, bencille\u015fmeden bireyselle\u015fen bireyler yeti\u015ftirmeyi hedefler. Bu \u00e7al\u0131\u015fman\u0131n, \u00f6ncelikle e\u011fitim felsefesi alan\u0131yla ilgili olmakla birlikte, temel ald\u0131\u011f\u0131 ba\u015fl\u0131klar, i\u00e7erdi\u011fi kavramlar ve savundu\u011fu tezlerin; felsefe, psikoloji, sosyoloji, e\u011fitim, e\u011fitim sosyolojisi, sosyal psikoloji gibi kom\u015fu dallara, e\u011fitimcilere, ayr\u0131ca e\u011fitim olgusu ve sorunlar\u0131na duyarl\u0131 herkese yararl\u0131 olabilece\u011fi inanc\u0131nday\u0131z. <\/p>\n","protected":false},"excerpt":{"rendered":"<p>Bu kitapta, e\u011fitimimizle ilgili problemlerin do\u011fu\u015f ve geli\u015fme evreleri ele al\u0131nm\u0131\u015f, \u00f6\u011fretim sistemimizdeki olumsuzluklar ortaya konularak; tamamen birbirinden kopuk, geli\u015fig\u00fczel y\u0131\u011fmaca bilgiler ve sorgusuz belletilen otoritelerle<span class=\"excerpt-hellip\"> [\u2026]<\/span><\/p>\n","protected":false},"featured_media":0,"template":"","meta":{"_monsterinsights_skip_tracking":false,"_monsterinsights_sitenote_active":false,"_monsterinsights_sitenote_note":"","_monsterinsights_sitenote_category":0},"product_brand":[],"product_cat":[12835,12324],"product_tag":[],"class_list":{"0":"post-693327","1":"product","2":"type-product","3":"status-publish","5":"product_cat-genel-sosyoloji","6":"product_cat-sosyoloji","7":"pa_cilt-ciltsiz","8":"pa_tur-kitap","9":"pa_yayinevi-utopya-yayinevi","10":"pa_yazar-nesrin-kale","12":"first","13":"instock","14":"sale","15":"shipping-taxable","16":"purchasable","17":"product-type-simple"},"_links":{"self":[{"href":"https:\/\/roveyayinevi.com.tr\/index.php\/wp-json\/wp\/v2\/product\/693327","targetHints":{"allow":["GET"]}}],"collection":[{"href":"https:\/\/roveyayinevi.com.tr\/index.php\/wp-json\/wp\/v2\/product"}],"about":[{"href":"https:\/\/roveyayinevi.com.tr\/index.php\/wp-json\/wp\/v2\/types\/product"}],"wp:attachment":[{"href":"https:\/\/roveyayinevi.com.tr\/index.php\/wp-json\/wp\/v2\/media?parent=693327"}],"wp:term":[{"taxonomy":"product_brand","embeddable":true,"href":"https:\/\/roveyayinevi.com.tr\/index.php\/wp-json\/wp\/v2\/product_brand?post=693327"},{"taxonomy":"product_cat","embeddable":true,"href":"https:\/\/roveyayinevi.com.tr\/index.php\/wp-json\/wp\/v2\/product_cat?post=693327"},{"taxonomy":"product_tag","embeddable":true,"href":"https:\/\/roveyayinevi.com.tr\/index.php\/wp-json\/wp\/v2\/product_tag?post=693327"}],"curies":[{"name":"wp","href":"https:\/\/api.w.org\/{rel}","templated":true}]}}