{"id":693325,"date":"2025-08-27T14:13:38","date_gmt":"2025-08-27T11:13:38","guid":{"rendered":"https:\/\/roveyayinevi.com.tr\/index.php\/urun\/medya-kulturleri\/"},"modified":"2026-01-29T02:05:52","modified_gmt":"2026-01-28T23:05:52","slug":"medya-kulturleri","status":"publish","type":"product","link":"https:\/\/roveyayinevi.com.tr\/index.php\/urun\/medya-kulturleri\/","title":{"rendered":"Medya K\u00fclt\u00fcrleri"},"content":{"rendered":"<p>Medya k\u00fclt\u00fcrlerinin bug\u00fcn ta\u015f\u0131d\u0131\u011f\u0131 anlam nedir? Bir\u00e7o\u011fumuzun kabul edece\u011fi gibi, k\u00fcresel kitle ileti\u015fim bi\u00e7imlerinin ortaya \u00e7\u0131kmas\u0131, g\u00fcndelik hayat\u0131n deneyimsel i\u00e7eri\u011fini yeniden \u015fekillendirdi. Ancak di\u011fer ara\u015ft\u0131rma alanlar\u0131yla k\u0131yasland\u0131\u011f\u0131nda, ileti\u015fim alan\u0131 ne kadar \u00f6nem ta\u015f\u0131maktad\u0131r? Kitle ileti\u015fim \u00e7al\u0131\u015fmalar\u0131 ile toplumsal prati\u011fin di\u011fer boyutlar\u0131 aras\u0131ndaki ili\u015fki nedir? Farkl\u0131 ileti\u015fim ara\u00e7lar\u0131 zaman ve mek\u00e2n ili\u015fkilerini nas\u0131l yeniden bi\u00e7imlendirdi? Medya k\u00fclt\u00fcrleri g\u00fcn\u00fcm\u00fcz\u00fcn egemen toplumsal ili\u015fkilerini yeniden olumlamakta m\u0131d\u0131r? Elektronik ileti\u015fim \u015fimdilerde ne t\u00fcr kimlikleri te\u015fvik etmektedir? Bu sorunlar \u00fczerine d\u00fc\u015f\u00fcn\u00fcrken haberdar olmam\u0131z gereken anahtar d\u00fc\u015f\u00fcn\u00fcrler kimlerdir? Yazar, bu \u00e7al\u0131\u015fmada birtak\u0131m cevaplar\u0131n alabilece\u011fi bi\u00e7imleri genel hatlar\u0131yla g\u00f6sterirken, bu t\u00fcr sorulara ili\u015fkin ortak kavray\u0131\u015fa katk\u0131 sunmay\u0131 umuyor. <\/p>\n","protected":false},"excerpt":{"rendered":"<p>Medya k\u00fclt\u00fcrlerinin bug\u00fcn ta\u015f\u0131d\u0131\u011f\u0131 anlam nedir? Bir\u00e7o\u011fumuzun kabul edece\u011fi gibi, k\u00fcresel kitle ileti\u015fim bi\u00e7imlerinin ortaya \u00e7\u0131kmas\u0131, g\u00fcndelik hayat\u0131n deneyimsel i\u00e7eri\u011fini yeniden \u015fekillendirdi. Ancak di\u011fer ara\u015ft\u0131rma alanlar\u0131yla<span class=\"excerpt-hellip\"> [\u2026]<\/span><\/p>\n","protected":false},"featured_media":0,"template":"","meta":{"_monsterinsights_skip_tracking":false,"_monsterinsights_sitenote_active":false,"_monsterinsights_sitenote_note":"","_monsterinsights_sitenote_category":0},"product_brand":[],"product_cat":[15983,13488],"product_tag":[],"class_list":{"0":"post-693325","1":"product","2":"type-product","3":"status-publish","5":"product_cat-iletisim-ve-medya","6":"product_cat-toplum-ve-insan","7":"pa_cilt-ciltsiz","8":"pa_tur-kitap","9":"pa_yayinevi-utopya-yayinevi","10":"pa_yazar-nick-stevenson","12":"first","13":"instock","14":"sale","15":"shipping-taxable","16":"purchasable","17":"product-type-simple"},"_links":{"self":[{"href":"https:\/\/roveyayinevi.com.tr\/index.php\/wp-json\/wp\/v2\/product\/693325","targetHints":{"allow":["GET"]}}],"collection":[{"href":"https:\/\/roveyayinevi.com.tr\/index.php\/wp-json\/wp\/v2\/product"}],"about":[{"href":"https:\/\/roveyayinevi.com.tr\/index.php\/wp-json\/wp\/v2\/types\/product"}],"wp:attachment":[{"href":"https:\/\/roveyayinevi.com.tr\/index.php\/wp-json\/wp\/v2\/media?parent=693325"}],"wp:term":[{"taxonomy":"product_brand","embeddable":true,"href":"https:\/\/roveyayinevi.com.tr\/index.php\/wp-json\/wp\/v2\/product_brand?post=693325"},{"taxonomy":"product_cat","embeddable":true,"href":"https:\/\/roveyayinevi.com.tr\/index.php\/wp-json\/wp\/v2\/product_cat?post=693325"},{"taxonomy":"product_tag","embeddable":true,"href":"https:\/\/roveyayinevi.com.tr\/index.php\/wp-json\/wp\/v2\/product_tag?post=693325"}],"curies":[{"name":"wp","href":"https:\/\/api.w.org\/{rel}","templated":true}]}}