{"id":693321,"date":"2025-08-27T14:13:37","date_gmt":"2025-08-27T11:13:37","guid":{"rendered":"https:\/\/roveyayinevi.com.tr\/index.php\/urun\/secim-kazandiran-kampanyalar\/"},"modified":"2026-04-12T02:03:41","modified_gmt":"2026-04-11T23:03:41","slug":"secim-kazandiran-kampanyalar","status":"publish","type":"product","link":"https:\/\/roveyayinevi.com.tr\/index.php\/urun\/secim-kazandiran-kampanyalar\/","title":{"rendered":"Se\u00e7im Kazand\u0131ran Kampanyalar"},"content":{"rendered":"<p>Siyasi ileti\u015fim uzman\u0131 Necati \u00d6zkan bu kitab\u0131nda,siyaset sahnesinin g\u00fcn \u0131\u015f\u0131\u011f\u0131na pek \u00e7\u0131kmam\u0131\u015f bir b\u00f6l\u00fcm\u00fcne \u00e7eviriyor spotlar\u0131.Sahneye yans\u0131yan \u0131\u015f\u0131kta,siyasal hayat\u0131 ve akt\u00f6rleri hi\u00e7 g\u00f6rmedi\u011fimiz y\u00f6nleriyle g\u00f6r\u00fcyor ve tan\u0131yoruz.Bu \u00e7ok y\u00f6nl\u00fc ve \u00e7ok i\u015flevli kitapta : <\/p>\n","protected":false},"excerpt":{"rendered":"<p>Siyasi ileti\u015fim uzman\u0131 Necati \u00d6zkan bu kitab\u0131nda,siyaset sahnesinin g\u00fcn \u0131\u015f\u0131\u011f\u0131na pek \u00e7\u0131kmam\u0131\u015f bir b\u00f6l\u00fcm\u00fcne \u00e7eviriyor spotlar\u0131.Sahneye yans\u0131yan \u0131\u015f\u0131kta,siyasal hayat\u0131 ve akt\u00f6rleri hi\u00e7 g\u00f6rmedi\u011fimiz y\u00f6nleriyle g\u00f6r\u00fcyor ve<span class=\"excerpt-hellip\"> [\u2026]<\/span><\/p>\n","protected":false},"featured_media":0,"template":"","meta":{"_monsterinsights_skip_tracking":false,"_monsterinsights_sitenote_active":false,"_monsterinsights_sitenote_note":"","_monsterinsights_sitenote_category":0},"product_brand":[],"product_cat":[16058,12337],"product_tag":[],"class_list":{"0":"post-693321","1":"product","2":"type-product","3":"status-publish","5":"product_cat-kurumlar-orgutler","6":"product_cat-politika-siyaset","7":"pa_tur-kitap","8":"pa_yayinevi-mediacat-kitaplari","9":"pa_yazar-necati-ozkan","11":"first","12":"instock","13":"sale","14":"shipping-taxable","15":"purchasable","16":"product-type-simple"},"_links":{"self":[{"href":"https:\/\/roveyayinevi.com.tr\/index.php\/wp-json\/wp\/v2\/product\/693321","targetHints":{"allow":["GET"]}}],"collection":[{"href":"https:\/\/roveyayinevi.com.tr\/index.php\/wp-json\/wp\/v2\/product"}],"about":[{"href":"https:\/\/roveyayinevi.com.tr\/index.php\/wp-json\/wp\/v2\/types\/product"}],"wp:attachment":[{"href":"https:\/\/roveyayinevi.com.tr\/index.php\/wp-json\/wp\/v2\/media?parent=693321"}],"wp:term":[{"taxonomy":"product_brand","embeddable":true,"href":"https:\/\/roveyayinevi.com.tr\/index.php\/wp-json\/wp\/v2\/product_brand?post=693321"},{"taxonomy":"product_cat","embeddable":true,"href":"https:\/\/roveyayinevi.com.tr\/index.php\/wp-json\/wp\/v2\/product_cat?post=693321"},{"taxonomy":"product_tag","embeddable":true,"href":"https:\/\/roveyayinevi.com.tr\/index.php\/wp-json\/wp\/v2\/product_tag?post=693321"}],"curies":[{"name":"wp","href":"https:\/\/api.w.org\/{rel}","templated":true}]}}