{"id":693320,"date":"2025-08-27T14:13:37","date_gmt":"2025-08-27T11:13:37","guid":{"rendered":"https:\/\/roveyayinevi.com.tr\/index.php\/urun\/satisin-10-altin-kurali\/"},"modified":"2026-04-16T02:03:08","modified_gmt":"2026-04-15T23:03:08","slug":"satisin-10-altin-kurali","status":"publish","type":"product","link":"https:\/\/roveyayinevi.com.tr\/index.php\/urun\/satisin-10-altin-kurali\/","title":{"rendered":"Sat\u0131\u015f\u0131n 10 Alt\u0131n Kural\u0131"},"content":{"rendered":"<p>\u0130nsan do\u011fu\u015ftan sat\u0131\u015f\u00e7\u0131 m\u0131d\u0131r? Ya da sonradan al\u0131nan e\u011fitimlerle sat\u0131\u015f\u00e7\u0131 olmak m\u00fcmk\u00fcn m\u00fcd\u00fcr? Bu sorular\u0131n cevaplar\u0131na y\u00fczde y\u00fcz kan\u0131tlanm\u0131\u015f bir sonu\u00e7 hen\u00fcz verilmemi\u015ftir. <\/p>\n","protected":false},"excerpt":{"rendered":"<p>\u0130nsan do\u011fu\u015ftan sat\u0131\u015f\u00e7\u0131 m\u0131d\u0131r? Ya da sonradan al\u0131nan e\u011fitimlerle sat\u0131\u015f\u00e7\u0131 olmak m\u00fcmk\u00fcn m\u00fcd\u00fcr? Bu sorular\u0131n cevaplar\u0131na y\u00fczde y\u00fcz kan\u0131tlanm\u0131\u015f bir sonu\u00e7 hen\u00fcz verilmemi\u015ftir.<\/p>\n","protected":false},"featured_media":0,"template":"","meta":{"_monsterinsights_skip_tracking":false,"_monsterinsights_sitenote_active":false,"_monsterinsights_sitenote_note":"","_monsterinsights_sitenote_category":0},"product_brand":[],"product_cat":[13043,14381],"product_tag":[],"class_list":{"0":"post-693320","1":"product","2":"type-product","3":"status-publish","5":"product_cat-ekonomi","6":"product_cat-isletme-muhasebe-maliye","7":"pa_cilt-ciltsiz","8":"pa_tur-kitap","9":"pa_yayinevi-mediacat-kitaplari","10":"pa_yazar-a-taner-ozdes","12":"first","13":"instock","14":"sale","15":"shipping-taxable","16":"purchasable","17":"product-type-simple"},"_links":{"self":[{"href":"https:\/\/roveyayinevi.com.tr\/index.php\/wp-json\/wp\/v2\/product\/693320","targetHints":{"allow":["GET"]}}],"collection":[{"href":"https:\/\/roveyayinevi.com.tr\/index.php\/wp-json\/wp\/v2\/product"}],"about":[{"href":"https:\/\/roveyayinevi.com.tr\/index.php\/wp-json\/wp\/v2\/types\/product"}],"wp:attachment":[{"href":"https:\/\/roveyayinevi.com.tr\/index.php\/wp-json\/wp\/v2\/media?parent=693320"}],"wp:term":[{"taxonomy":"product_brand","embeddable":true,"href":"https:\/\/roveyayinevi.com.tr\/index.php\/wp-json\/wp\/v2\/product_brand?post=693320"},{"taxonomy":"product_cat","embeddable":true,"href":"https:\/\/roveyayinevi.com.tr\/index.php\/wp-json\/wp\/v2\/product_cat?post=693320"},{"taxonomy":"product_tag","embeddable":true,"href":"https:\/\/roveyayinevi.com.tr\/index.php\/wp-json\/wp\/v2\/product_tag?post=693320"}],"curies":[{"name":"wp","href":"https:\/\/api.w.org\/{rel}","templated":true}]}}