{"id":693319,"date":"2025-08-27T14:13:36","date_gmt":"2025-08-27T11:13:36","guid":{"rendered":"https:\/\/roveyayinevi.com.tr\/index.php\/urun\/reklam-yazarinin-elkitabi\/"},"modified":"2026-04-16T02:03:08","modified_gmt":"2026-04-15T23:03:08","slug":"reklam-yazarinin-elkitabi","status":"publish","type":"product","link":"https:\/\/roveyayinevi.com.tr\/index.php\/urun\/reklam-yazarinin-elkitabi\/","title":{"rendered":"Reklam Yazar\u0131n\u0131n Elkitab\u0131"},"content":{"rendered":"<p>\u0130yi metin reklam\u0131n kalbidir. Amerika\u2019n\u0131n en iyi metin yazarlar\u0131ndan biri olan Joseph Sugarman, bu kitapta bas\u0131l\u0131 reklam deneyimlerini payla\u015f\u0131yor ve t\u00fcm mecralarda i\u015finize yarayacak metin yazma t\u00fcyolar\u0131 veriyor. Haz\u0131rl\u0131k a\u015famas\u0131ndan \u00fcr\u00fcn ve pazar ara\u015ft\u0131rmas\u0131na, fikirleri ka\u011f\u0131da ge\u00e7irmekten d\u00fczeltme a\u015famas\u0131na kadar her ad\u0131mda yol g\u00f6steriyor. Kendi metinlerinden pek \u00e7ok \u00f6rnek veriyor. Sugarman ABD reklam d\u00fcnyas\u0131nda metin yazma konusunda bir efsane. Metinleri milyonlar\u0131 harekete ge\u00e7irmeyi ba\u015far\u0131yor. ABD\u2019de, Avrupa\u2019da, Asya\u2019da ve Avustralya\u2019da metin yazma konusunda seminerler veriyor. Bu kitab\u0131yla ise Sugarman\u2019\u0131n taktikleri evde, ofiste elinizin alt\u0131nda\u2026. <\/p>\n","protected":false},"excerpt":{"rendered":"<p>\u0130yi metin reklam\u0131n kalbidir. Amerika\u2019n\u0131n en iyi metin yazarlar\u0131ndan biri olan Joseph Sugarman, bu kitapta bas\u0131l\u0131 reklam deneyimlerini payla\u015f\u0131yor ve t\u00fcm mecralarda i\u015finize yarayacak metin yazma<span class=\"excerpt-hellip\"> [\u2026]<\/span><\/p>\n","protected":false},"featured_media":0,"template":"","meta":{"_monsterinsights_skip_tracking":false,"_monsterinsights_sitenote_active":false,"_monsterinsights_sitenote_note":"","_monsterinsights_sitenote_category":0},"product_brand":[],"product_cat":[13043,17492],"product_tag":[],"class_list":{"0":"post-693319","1":"product","2":"type-product","3":"status-publish","5":"product_cat-ekonomi","6":"product_cat-pazarlama-satis-reklam","7":"pa_cilt-ciltsiz","8":"pa_tur-kitap","9":"pa_yayinevi-mediacat-kitaplari","10":"pa_yazar-joseph-sugarman","12":"first","13":"instock","14":"sale","15":"shipping-taxable","16":"purchasable","17":"product-type-simple"},"_links":{"self":[{"href":"https:\/\/roveyayinevi.com.tr\/index.php\/wp-json\/wp\/v2\/product\/693319","targetHints":{"allow":["GET"]}}],"collection":[{"href":"https:\/\/roveyayinevi.com.tr\/index.php\/wp-json\/wp\/v2\/product"}],"about":[{"href":"https:\/\/roveyayinevi.com.tr\/index.php\/wp-json\/wp\/v2\/types\/product"}],"wp:attachment":[{"href":"https:\/\/roveyayinevi.com.tr\/index.php\/wp-json\/wp\/v2\/media?parent=693319"}],"wp:term":[{"taxonomy":"product_brand","embeddable":true,"href":"https:\/\/roveyayinevi.com.tr\/index.php\/wp-json\/wp\/v2\/product_brand?post=693319"},{"taxonomy":"product_cat","embeddable":true,"href":"https:\/\/roveyayinevi.com.tr\/index.php\/wp-json\/wp\/v2\/product_cat?post=693319"},{"taxonomy":"product_tag","embeddable":true,"href":"https:\/\/roveyayinevi.com.tr\/index.php\/wp-json\/wp\/v2\/product_tag?post=693319"}],"curies":[{"name":"wp","href":"https:\/\/api.w.org\/{rel}","templated":true}]}}