{"id":693313,"date":"2025-08-27T14:13:35","date_gmt":"2025-08-27T11:13:35","guid":{"rendered":"https:\/\/roveyayinevi.com.tr\/index.php\/urun\/satisin-kutsal-kitabi-satis-basarisi-icin-395-kural\/"},"modified":"2026-04-16T02:03:07","modified_gmt":"2026-04-15T23:03:07","slug":"satisin-kutsal-kitabi-satis-basarisi-icin-395-kural","status":"publish","type":"product","link":"https:\/\/roveyayinevi.com.tr\/index.php\/urun\/satisin-kutsal-kitabi-satis-basarisi-icin-395-kural\/","title":{"rendered":"Sat\u0131\u015f\u0131n Kutsal Kitab\u0131 Sat\u0131\u015f Ba\u015far\u0131s\u0131 \u0130\u00e7in 39,5 Kural"},"content":{"rendered":"<p>\u201cSat\u0131\u015f ve m\u00fc\u015fteri sadakati i\u00e7in okulda \u00f6\u011frenilmeyen taktikler.\u2019\u201930 y\u0131ll\u0131k Sat\u0131\u015f tecr\u00fcbesine sahip olan Jeffrey Gitomer, son on y\u0131ll\u0131k d\u00f6nemde y\u0131lda 120 seminer vermi\u015f ve Sertifikal\u0131 Profesyonel Konu\u015fmac\u0131 olarak \u00f6d\u00fcllendirilmi\u015f. New York Times En \u00c7ok Sat\u0131lan Kitaplar Listesi&#8217;nde yer alan &#8216;Sat\u0131\u015f\u0131n Kutsal Kitab\u0131&#8217;, &#8216;M\u00fc\u015fteri Tatmini De\u011fersizdir \u2013 M\u00fc\u015fteri Sadakati Paha Bi\u00e7ilmezdir&#8217;, &#8216;Patterson Sat\u0131\u015f Prensipleri&#8217; ve &#8216;Sat\u0131\u015f\u0131n K\u00fc\u00e7\u00fck K\u0131rm\u0131z\u0131 Kitab\u0131&#8217; adl\u0131 kitaplar\u0131n yazar\u0131 olan Jeffrey Gitomer&#8217;in &#8216;Sat\u0131\u015f\u0131n Kutsal Kitab\u0131&#8217; adl\u0131 eseri MediaCat taraf\u0131ndan T\u00fcrk\u00e7e&#8217;ye kazand\u0131r\u0131lm\u0131\u015f durumda.<\/p>\n","protected":false},"excerpt":{"rendered":"<p>\u201cSat\u0131\u015f ve m\u00fc\u015fteri sadakati i\u00e7in okulda \u00f6\u011frenilmeyen taktikler.\u2019\u201930 y\u0131ll\u0131k Sat\u0131\u015f tecr\u00fcbesine sahip olan Jeffrey Gitomer, son on y\u0131ll\u0131k d\u00f6nemde y\u0131lda 120 seminer vermi\u015f ve Sertifikal\u0131 Profesyonel<span class=\"excerpt-hellip\"> [\u2026]<\/span><\/p>\n","protected":false},"featured_media":0,"template":"","meta":{"_monsterinsights_skip_tracking":false,"_monsterinsights_sitenote_active":false,"_monsterinsights_sitenote_note":"","_monsterinsights_sitenote_category":0},"product_brand":[],"product_cat":[13043,14381],"product_tag":[],"class_list":{"0":"post-693313","1":"product","2":"type-product","3":"status-publish","5":"product_cat-ekonomi","6":"product_cat-isletme-muhasebe-maliye","7":"pa_cilt-ciltsiz","8":"pa_tur-kitap","9":"pa_yayinevi-mediacat-kitaplari","10":"pa_yazar-jeffrey-gitomer","12":"first","13":"instock","14":"sale","15":"shipping-taxable","16":"purchasable","17":"product-type-simple"},"_links":{"self":[{"href":"https:\/\/roveyayinevi.com.tr\/index.php\/wp-json\/wp\/v2\/product\/693313","targetHints":{"allow":["GET"]}}],"collection":[{"href":"https:\/\/roveyayinevi.com.tr\/index.php\/wp-json\/wp\/v2\/product"}],"about":[{"href":"https:\/\/roveyayinevi.com.tr\/index.php\/wp-json\/wp\/v2\/types\/product"}],"wp:attachment":[{"href":"https:\/\/roveyayinevi.com.tr\/index.php\/wp-json\/wp\/v2\/media?parent=693313"}],"wp:term":[{"taxonomy":"product_brand","embeddable":true,"href":"https:\/\/roveyayinevi.com.tr\/index.php\/wp-json\/wp\/v2\/product_brand?post=693313"},{"taxonomy":"product_cat","embeddable":true,"href":"https:\/\/roveyayinevi.com.tr\/index.php\/wp-json\/wp\/v2\/product_cat?post=693313"},{"taxonomy":"product_tag","embeddable":true,"href":"https:\/\/roveyayinevi.com.tr\/index.php\/wp-json\/wp\/v2\/product_tag?post=693313"}],"curies":[{"name":"wp","href":"https:\/\/api.w.org\/{rel}","templated":true}]}}