{"id":693282,"date":"2025-08-27T14:13:29","date_gmt":"2025-08-27T11:13:29","guid":{"rendered":"https:\/\/roveyayinevi.com.tr\/index.php\/urun\/butun-oyuncaklar-benim\/"},"modified":"2026-04-16T02:03:07","modified_gmt":"2026-04-15T23:03:07","slug":"butun-oyuncaklar-benim","status":"publish","type":"product","link":"https:\/\/roveyayinevi.com.tr\/index.php\/urun\/butun-oyuncaklar-benim\/","title":{"rendered":"B\u00fct\u00fcn Oyuncaklar Benim"},"content":{"rendered":"<p>Oyuncaklar\u0131n\u0131 kimse ile payla\u015fmayan, \u00fcstelik arkada\u015flar\u0131n\u0131n oyuncaklar\u0131n\u0131 izinsiz olarak al\u0131p evine getiren bir \u00e7ocuk varm\u0131\u015f. Ama g\u00f6r\u00fcrlerse korkusuyla bu oyuncaklarla rahat rahat oynayamaz, onlar\u0131 bir \u00e7ekmecede saklarm\u0131\u015f. Bir gece evlerini \u00e7ok \u00f6zleyen oyuncaklar odan\u0131n i\u00e7ine s\u00fcz\u00fclen ay\u0131\u015f\u0131\u011f\u0131na t\u0131rman\u0131p ka\u00e7m\u0131\u015flar. Evlerine ula\u015fabilecekler mi dersiniz? <\/p>\n","protected":false},"excerpt":{"rendered":"<p>Oyuncaklar\u0131n\u0131 kimse ile payla\u015fmayan, \u00fcstelik arkada\u015flar\u0131n\u0131n oyuncaklar\u0131n\u0131 izinsiz olarak al\u0131p evine getiren bir \u00e7ocuk varm\u0131\u015f. Ama g\u00f6r\u00fcrlerse korkusuyla bu oyuncaklarla rahat rahat oynayamaz, onlar\u0131 bir \u00e7ekmecede<span class=\"excerpt-hellip\"> [\u2026]<\/span><\/p>\n","protected":false},"featured_media":0,"template":"","meta":{"_monsterinsights_skip_tracking":false,"_monsterinsights_sitenote_active":false,"_monsterinsights_sitenote_note":"","_monsterinsights_sitenote_category":0},"product_brand":[],"product_cat":[12274,12523],"product_tag":[],"class_list":{"0":"post-693282","1":"product","2":"type-product","3":"status-publish","5":"product_cat-cocuk-ve-genclik-kitaplari","6":"product_cat-masallar","7":"pa_tur-kitap","8":"pa_yayinevi-ucanbalik-yayincilik","9":"pa_yazar-aytul-akal","11":"first","12":"instock","13":"sale","14":"shipping-taxable","15":"purchasable","16":"product-type-simple"},"_links":{"self":[{"href":"https:\/\/roveyayinevi.com.tr\/index.php\/wp-json\/wp\/v2\/product\/693282","targetHints":{"allow":["GET"]}}],"collection":[{"href":"https:\/\/roveyayinevi.com.tr\/index.php\/wp-json\/wp\/v2\/product"}],"about":[{"href":"https:\/\/roveyayinevi.com.tr\/index.php\/wp-json\/wp\/v2\/types\/product"}],"wp:attachment":[{"href":"https:\/\/roveyayinevi.com.tr\/index.php\/wp-json\/wp\/v2\/media?parent=693282"}],"wp:term":[{"taxonomy":"product_brand","embeddable":true,"href":"https:\/\/roveyayinevi.com.tr\/index.php\/wp-json\/wp\/v2\/product_brand?post=693282"},{"taxonomy":"product_cat","embeddable":true,"href":"https:\/\/roveyayinevi.com.tr\/index.php\/wp-json\/wp\/v2\/product_cat?post=693282"},{"taxonomy":"product_tag","embeddable":true,"href":"https:\/\/roveyayinevi.com.tr\/index.php\/wp-json\/wp\/v2\/product_tag?post=693282"}],"curies":[{"name":"wp","href":"https:\/\/api.w.org\/{rel}","templated":true}]}}