{"id":693279,"date":"2025-08-27T14:13:28","date_gmt":"2025-08-27T11:13:28","guid":{"rendered":"https:\/\/roveyayinevi.com.tr\/index.php\/urun\/babamin-sihirli-kuresi\/"},"modified":"2026-04-16T02:03:07","modified_gmt":"2026-04-15T23:03:07","slug":"babamin-sihirli-kuresi","status":"publish","type":"product","link":"https:\/\/roveyayinevi.com.tr\/index.php\/urun\/babamin-sihirli-kuresi\/","title":{"rendered":"Babam\u0131n Sihirli K\u00fcresi"},"content":{"rendered":"<p>Akal\u2019\u0131n dilinin ve ilgin\u00e7 kurgular\u0131n\u0131n tutkunlar\u0131, Babam Duymas\u0131n ve Benim Babam Sihirbaz\u2019dan sonra, Babam\u0131n Sihirli K\u00fcresi ile e\u011flenceli bir okuma ser\u00fcvenine haz\u0131r m\u0131? \u00dc\u00e7\u00fcnc\u00fc s\u0131n\u0131f \u00f6\u011frencisinin s\u0131n\u0131fta ya\u015fad\u0131klar\u0131n\u0131 konu alan \u00fc\u00e7 \u00f6yk\u00fc var kitapta. Bir dakika&#8230; \u00d6\u011fretmenin s\u0131n\u0131fta i\u015fledi\u011fi konulara bak\u0131l\u0131rsa, \u00fc\u00e7 de\u011fil de, d\u00f6rd\u00fcnc\u00fc s\u0131n\u0131f olmas\u0131n? Yoksa be\u015finci s\u0131n\u0131f m\u0131? Geceyi Sevmeyen \u00c7ocuk (1991) ile ba\u015flad\u0131\u011f\u0131 edebiyat yolculu\u011funda, \u00e7ocuklar i\u00e7in masal, \u015fiir, roman, oyunlar yazarak 100\u2019\u00fcn \u00fcst\u00fcnde kal\u0131c\u0131 eser veren Akal, bu kez dildeki ustal\u0131\u011f\u0131n\u0131, e\u011flenceli konular\u0131n sat\u0131r aralar\u0131nda \u00e7e\u015fitli sosyal sorunlara da de\u011finen \u00f6yk\u00fcleri i\u00e7in kullan\u0131yor. <\/p>\n","protected":false},"excerpt":{"rendered":"<p>Akal\u2019\u0131n dilinin ve ilgin\u00e7 kurgular\u0131n\u0131n tutkunlar\u0131, Babam Duymas\u0131n ve Benim Babam Sihirbaz\u2019dan sonra, Babam\u0131n Sihirli K\u00fcresi ile e\u011flenceli bir okuma ser\u00fcvenine haz\u0131r m\u0131? \u00dc\u00e7\u00fcnc\u00fc s\u0131n\u0131f \u00f6\u011frencisinin<span class=\"excerpt-hellip\"> [\u2026]<\/span><\/p>\n","protected":false},"featured_media":0,"template":"","meta":{"_monsterinsights_skip_tracking":false,"_monsterinsights_sitenote_active":false,"_monsterinsights_sitenote_note":"","_monsterinsights_sitenote_category":0},"product_brand":[],"product_cat":[12274,12284],"product_tag":[],"class_list":{"0":"post-693279","1":"product","2":"type-product","3":"status-publish","5":"product_cat-cocuk-ve-genclik-kitaplari","6":"product_cat-hikayeler","7":"pa_tur-kitap","8":"pa_yayinevi-ucanbalik-yayincilik","9":"pa_yazar-aytul-akal","11":"first","12":"instock","13":"sale","14":"shipping-taxable","15":"purchasable","16":"product-type-simple"},"_links":{"self":[{"href":"https:\/\/roveyayinevi.com.tr\/index.php\/wp-json\/wp\/v2\/product\/693279","targetHints":{"allow":["GET"]}}],"collection":[{"href":"https:\/\/roveyayinevi.com.tr\/index.php\/wp-json\/wp\/v2\/product"}],"about":[{"href":"https:\/\/roveyayinevi.com.tr\/index.php\/wp-json\/wp\/v2\/types\/product"}],"wp:attachment":[{"href":"https:\/\/roveyayinevi.com.tr\/index.php\/wp-json\/wp\/v2\/media?parent=693279"}],"wp:term":[{"taxonomy":"product_brand","embeddable":true,"href":"https:\/\/roveyayinevi.com.tr\/index.php\/wp-json\/wp\/v2\/product_brand?post=693279"},{"taxonomy":"product_cat","embeddable":true,"href":"https:\/\/roveyayinevi.com.tr\/index.php\/wp-json\/wp\/v2\/product_cat?post=693279"},{"taxonomy":"product_tag","embeddable":true,"href":"https:\/\/roveyayinevi.com.tr\/index.php\/wp-json\/wp\/v2\/product_tag?post=693279"}],"curies":[{"name":"wp","href":"https:\/\/api.w.org\/{rel}","templated":true}]}}