{"id":693277,"date":"2025-08-27T14:13:28","date_gmt":"2025-08-27T11:13:28","guid":{"rendered":"https:\/\/roveyayinevi.com.tr\/index.php\/urun\/abd-saldirganligi-irak-ve-otesi\/"},"modified":"2026-01-29T02:05:51","modified_gmt":"2026-01-28T23:05:51","slug":"abd-saldirganligi-irak-ve-otesi","status":"publish","type":"product","link":"https:\/\/roveyayinevi.com.tr\/index.php\/urun\/abd-saldirganligi-irak-ve-otesi\/","title":{"rendered":"ABD Sald\u0131rganl\u0131\u011f\u0131: Irak ve \u00d6tesi"},"content":{"rendered":"<p>ABD\u2019nin 11 Eyl\u00fcl sald\u0131r\u0131s\u0131ndan sonra hayata ge\u00e7irmeye soyundu\u011fu \u2018\u2018D\u00fcnya \u0130mparatorlu\u011fu \u2018\u2018 distopyas\u0131n\u0131n analiz edildi\u011fi bu yap\u0131tta, Bat\u0131l\u0131, T\u00fcrkiye\u2019li ve Ortado\u011fulu kalemler, ABD\u2019nin Irak sald\u0131r\u0131s\u0131n\u0131 ve \u2018\u2018\u00f6tesini\u2019\u2019 tart\u0131\u015f\u0131yorlar. \u0130mparator\u2019un \u2018\u2018Irak hamlesi\u2019\u2019nin krizdeki ABD ekonomisini militarize ederek ve Ortado\u011fu enerji kaynaklar\u0131 \u00fczerinde tam bir denetim sa\u011flayarak yeniden b\u00fcy\u00fctmeyi hedefledi\u011fini saptayan yazarlar, ABD\u2019nin sald\u0131rgan eylemi i\u00e7in \u00f6ne s\u00fcrd\u00fc\u011f\u00fc gerek\u00e7elerin (Irak\u2019\u0131n kitle imha silahlar\u0131na sahip oldu\u011fu, uluslar aras\u0131 \u2018\u2018ter\u00f6r\u2019\u2019\u00fc destekledi\u011fi vb.) temelsizli\u011fini g\u00f6zler \u00f6n\u00fcne seriyor; Irak\u2019taki talan ve vah\u015fetten t\u00fcyler \u00fcrpertici ya\u015fam kesitleri sunuyorlar. ABD\u2019nin Irak\u2019\u0131n ard\u0131ndan \u0130ran ve Suriye\u2019ye y\u00f6nelen tehditlerini de irdeleyen yazarlar, ABD\u2019nin Irak \u00e7\u0131kmaz\u0131n\u0131n boyutlar\u0131n\u0131 sergiliyorlar. <\/p>\n","protected":false},"excerpt":{"rendered":"<p>ABD\u2019nin 11 Eyl\u00fcl sald\u0131r\u0131s\u0131ndan sonra hayata ge\u00e7irmeye soyundu\u011fu \u2018\u2018D\u00fcnya \u0130mparatorlu\u011fu \u2018\u2018 distopyas\u0131n\u0131n analiz edildi\u011fi bu yap\u0131tta, Bat\u0131l\u0131, T\u00fcrkiye\u2019li ve Ortado\u011fulu kalemler, ABD\u2019nin Irak sald\u0131r\u0131s\u0131n\u0131 ve \u2018\u2018\u00f6tesini\u2019\u2019<span class=\"excerpt-hellip\"> [\u2026]<\/span><\/p>\n","protected":false},"featured_media":0,"template":"","meta":{"_monsterinsights_skip_tracking":false,"_monsterinsights_sitenote_active":false,"_monsterinsights_sitenote_note":"","_monsterinsights_sitenote_category":0},"product_brand":[],"product_cat":[12338,12337],"product_tag":[],"class_list":{"0":"post-693277","1":"product","2":"type-product","3":"status-publish","5":"product_cat-dunya-siyaseti-ve-politikasi","6":"product_cat-politika-siyaset","7":"pa_cilt-ciltsiz","8":"pa_tur-kitap","9":"pa_yayinevi-utopya-yayinevi","10":"pa_yazar-kolektif","12":"first","13":"instock","14":"sale","15":"shipping-taxable","16":"purchasable","17":"product-type-simple"},"_links":{"self":[{"href":"https:\/\/roveyayinevi.com.tr\/index.php\/wp-json\/wp\/v2\/product\/693277","targetHints":{"allow":["GET"]}}],"collection":[{"href":"https:\/\/roveyayinevi.com.tr\/index.php\/wp-json\/wp\/v2\/product"}],"about":[{"href":"https:\/\/roveyayinevi.com.tr\/index.php\/wp-json\/wp\/v2\/types\/product"}],"wp:attachment":[{"href":"https:\/\/roveyayinevi.com.tr\/index.php\/wp-json\/wp\/v2\/media?parent=693277"}],"wp:term":[{"taxonomy":"product_brand","embeddable":true,"href":"https:\/\/roveyayinevi.com.tr\/index.php\/wp-json\/wp\/v2\/product_brand?post=693277"},{"taxonomy":"product_cat","embeddable":true,"href":"https:\/\/roveyayinevi.com.tr\/index.php\/wp-json\/wp\/v2\/product_cat?post=693277"},{"taxonomy":"product_tag","embeddable":true,"href":"https:\/\/roveyayinevi.com.tr\/index.php\/wp-json\/wp\/v2\/product_tag?post=693277"}],"curies":[{"name":"wp","href":"https:\/\/api.w.org\/{rel}","templated":true}]}}