{"id":693276,"date":"2025-08-27T14:13:28","date_gmt":"2025-08-27T11:13:28","guid":{"rendered":"https:\/\/roveyayinevi.com.tr\/index.php\/urun\/soylenecek-yalan-kalmadi-insan-haksizliklari\/"},"modified":"2026-01-29T02:05:51","modified_gmt":"2026-01-28T23:05:51","slug":"soylenecek-yalan-kalmadi-insan-haksizliklari","status":"publish","type":"product","link":"https:\/\/roveyayinevi.com.tr\/index.php\/urun\/soylenecek-yalan-kalmadi-insan-haksizliklari\/","title":{"rendered":"S\u00f6ylenecek Yalan Kalmad\u0131! \u0130nsan &#8220;Hak(S\u0131zl\u0131k)lar\u0131&#8221;"},"content":{"rendered":"<p>Yerk\u00fcremizde de topraklar\u0131m\u0131zda da insan  hak(s\u0131zl\u0131k)lar\u0131 ndan s\u00f6z etmek; e\u011fer m\u00fcesses -kapitalist-  nizam a ve  ola\u011fan  dediklerine bir itiraz, ele\u015ftiri, kar\u015f\u0131 \u00e7\u0131k\u0131\u015f, en \u00e7ok da isyan de\u011fil ise, kocaman bir yan\u0131lsama veya bir yaland\u0131r&#8230; \u00c7\u00fcnk\u00fc m\u00fcesses -kapitalist-  nizamlar \u0131n insan  hak(s\u0131zl\u0131k)lar\u0131  bab\u0131nda  s\u00f6ylenecek yalanlar\u0131 kalmam\u0131\u015ft\u0131r ! Kolay m\u0131? Bush\u2019un Irak\u2019a  demokrasi  ve  insan hak(s\u0131zl\u0131k)lar\u0131  g\u00f6t\u00fcrd\u00fc\u011f\u00fcn\u00fc hayk\u0131rd\u0131\u011f\u0131 bir d\u00fcnyada (k\u00fcreselle\u015fme  ve) burjuvazi a\u00e7\u0131s\u0131ndan  hak(s\u0131zl\u0131k)  geneliyle bir sald\u0131r\u0131, talan ve ya\u011fmad\u0131r! Hay\u0131r; hi\u00e7bir \u015feyi abartt\u0131\u011f\u0131m\u0131z yok; topyek\u00fbn bir y\u0131k\u0131c\u0131l\u0131\u011fa tahvil olmu\u015f olan s\u00fcrd\u00fcr\u00fclemez kapitalizm ko\u015fullar\u0131nda  insanl\u0131k durumu  bir mahk\u00fbmiyete d\u00f6n\u00fc\u015fm\u00fc\u015ft\u00fcr! Ama  \u00f6teki(le\u015ftirilen)ler in omuz omuza yolunu a\u00e7aca\u011f\u0131, \u015f\u00f6venist  lin\u00e7 iklimi nin yerle yeksan edilece\u011fi g\u00fcnler de gelecek: Kapitalizmin  s\u0131radan k\u00f6t\u00fcl\u00fckler inden,  \u00e7\u00fcr\u00fcme ve cinnet kareleri nden,  \u00e7\u0131lg\u0131n milliyet\u00e7ilik inden mutlaka hesap sorulacak&#8230; Ancak yeri gelmi\u015fken \u015fimdiden a\u00e7\u0131klamadan ge\u00e7meyelim:  Sorulacak olan hesap ta kesinlikle insan haklar\u0131 ihl\u00e2li olmayacakt\u0131r! Bu, hak ihl\u00e2linin ne demek oldu\u011funu Filistin ask\u0131s\u0131ndan F-Tipi h\u00fccrelere dek ya\u015fayarak \u00f6\u011frenenlerin, TCK 301 ma\u011fdurlar\u0131n\u0131n, yani Hrant Dink\u2019in veya Ap\u00e9 Musa\u2019n\u0131n karde\u015flerinin s\u00f6z\u00fcd\u00fcr&#8230; O s\u00f6zler ki, i\u015fkencede kan kusmak pahas\u0131na bir ad\u0131m geri atmayan Dr. Hikmet K\u0131v\u0131lc\u0131ml\u0131\u2019lar\u0131n, ser verip s\u0131r vermeyen \u0130brahim Kaypakkaya\u2019lar\u0131n, bir 6 May\u0131s sabah\u0131ndaki Deniz Gezmi\u015f\u2019in, K\u0131z\u0131ldere\u2019de kur\u015funlanan(lar)dan Mahir \u00c7ayan\u2019\u0131n ve daha nicelerinin  ate\u015fle s\u0131nanm\u0131\u015f l\u0131\u011f\u0131na, a\u015fka ve hayata dair tutkular\u0131na m\u00fcndemi\u00e7tir&#8230; \u0130\u015f bu nedenledir ki biz hep  Dersimiz Tarih: Kald\u0131\u011f\u0131m\u0131z Yeri Unutmay\u0131n  deriz&#8230; Bunun i\u00e7indir az\u0131nl\u0131klar ve milli mant\u0131k(s\u0131zl\u0131\u011f)\u0131n yaratt\u0131\u011f\u0131 Ermeni felaketi (soyk\u0131r\u0131m\u0131) konusundaki hassasiyetimiz&#8230; Bunun i\u00e7indir  evet, evet, hepimiz Ermeniyiz, hepimiz K\u00fcrd\u00fcz!  diye hayk\u0131r\u0131\u015f\u0131m\u0131z&#8230; Dileriz ki bu kitap, \u00f6zg\u00fcrl\u00fck i\u00e7in d\u00f6v\u00fc\u015fenlerin yolda\u015f\u0131 olur. Ve umar\u0131z, bir daha kaleme al\u0131nmas\u0131n\u0131 gerektirmeyecek ko\u015fullar\u0131n bi\u00e7imleni\u015fine katk\u0131da bulunur&#8230; <\/p>\n","protected":false},"excerpt":{"rendered":"<p>Yerk\u00fcremizde de topraklar\u0131m\u0131zda da insan hak(s\u0131zl\u0131k)lar\u0131 ndan s\u00f6z etmek; e\u011fer m\u00fcesses -kapitalist- nizam a ve ola\u011fan dediklerine bir itiraz, ele\u015ftiri, kar\u015f\u0131 \u00e7\u0131k\u0131\u015f, en \u00e7ok da isyan<span class=\"excerpt-hellip\"> [\u2026]<\/span><\/p>\n","protected":false},"featured_media":0,"template":"","meta":{"_monsterinsights_skip_tracking":false,"_monsterinsights_sitenote_active":false,"_monsterinsights_sitenote_note":"","_monsterinsights_sitenote_category":0},"product_brand":[],"product_cat":[12965,12337],"product_tag":[],"class_list":{"0":"post-693276","1":"product","2":"type-product","3":"status-publish","5":"product_cat-genel-politika","6":"product_cat-politika-siyaset","7":"pa_cilt-ciltsiz","8":"pa_tur-kitap","9":"pa_yayinevi-utopya-yayinevi","10":"pa_yazar-sibel-ozbudun","12":"first","13":"instock","14":"sale","15":"shipping-taxable","16":"purchasable","17":"product-type-simple"},"_links":{"self":[{"href":"https:\/\/roveyayinevi.com.tr\/index.php\/wp-json\/wp\/v2\/product\/693276","targetHints":{"allow":["GET"]}}],"collection":[{"href":"https:\/\/roveyayinevi.com.tr\/index.php\/wp-json\/wp\/v2\/product"}],"about":[{"href":"https:\/\/roveyayinevi.com.tr\/index.php\/wp-json\/wp\/v2\/types\/product"}],"wp:attachment":[{"href":"https:\/\/roveyayinevi.com.tr\/index.php\/wp-json\/wp\/v2\/media?parent=693276"}],"wp:term":[{"taxonomy":"product_brand","embeddable":true,"href":"https:\/\/roveyayinevi.com.tr\/index.php\/wp-json\/wp\/v2\/product_brand?post=693276"},{"taxonomy":"product_cat","embeddable":true,"href":"https:\/\/roveyayinevi.com.tr\/index.php\/wp-json\/wp\/v2\/product_cat?post=693276"},{"taxonomy":"product_tag","embeddable":true,"href":"https:\/\/roveyayinevi.com.tr\/index.php\/wp-json\/wp\/v2\/product_tag?post=693276"}],"curies":[{"name":"wp","href":"https:\/\/api.w.org\/{rel}","templated":true}]}}