{"id":693275,"date":"2025-08-27T14:13:27","date_gmt":"2025-08-27T11:13:27","guid":{"rendered":"https:\/\/roveyayinevi.com.tr\/index.php\/urun\/hayir-evetten-once-gelir-hukuksuzluk-yazilari\/"},"modified":"2026-01-29T02:05:51","modified_gmt":"2026-01-28T23:05:51","slug":"hayir-evetten-once-gelir-hukuksuzluk-yazilari","status":"publish","type":"product","link":"https:\/\/roveyayinevi.com.tr\/index.php\/urun\/hayir-evetten-once-gelir-hukuksuzluk-yazilari\/","title":{"rendered":"Hay\u0131r, Evet\u2019ten \u00d6nce Gelir! Hukuk(Suzluk) Yaz\u0131lar\u0131"},"content":{"rendered":"<p>\u00c7aresiz kald\u0131\u011f\u0131m zamanlarda gider, bir ta\u015f ustas\u0131 bulur, onu seyrederim. Adam belki y\u00fcz kere vurur ta\u015fa. Ama de\u011fil k\u0131rmak, k\u00fc\u00e7\u00fcc\u00fck bir \u00e7atlak bile olu\u015fturamaz. Sonra birden, y\u00fcz birincide ta\u015f ikiye ayr\u0131l\u0131verir. \u0130\u015fte o zaman anlar\u0131m ki; ta\u015f\u0131 ikiye b\u00f6len o son vuru\u015f de\u011fil, ondan \u00f6ncekilerdir,  diyen Jacob Riis\u2019in s\u00f6z\u00fcn\u00fc an\u0131msayarak; asla ku\u015fku duymad\u0131k: Bu hik\u00e2yenin sonu -mutlaka- tatl\u0131ya ba\u011flanacakt\u0131&#8230; Yani bizde sonrakiler bizim gibi yarg\u0131lanmayacaklard\u0131! Onlar, bizim ma\u011fduru oldu\u011fumuz  hak(s\u0131zl\u0131k) ve hukuk(suzluk) a maruz kalmayacaklard\u0131&#8230; Hatta bu konuda yazd\u0131klar\u0131m\u0131z\u0131, yani mahkeme savunmalar\u0131m\u0131z okuyanlar,  Bunlar da m\u0131 ya\u015fanm\u0131\u015ft\u0131?  diye soracaklar \u015fa\u015fk\u0131n \u015fa\u015fk\u0131n&#8230; Hatta mahkemelerin \u00e7o\u011fu i\u015fsizlikten kapanacakt\u0131&#8230; Mahkemeler kar\u015f\u0131s\u0131nda yarg\u0131lan\u0131rken biz hep bu hayalleri kurduk,  kelep\u00e7emin demiri seni pulluk yapaca\u011f\u0131m  diyerek&#8230; Gelmesi ka\u00e7\u0131n\u0131lmaz olan gelecekteki ger\u00e7e\u011fi m\u00fcjdeleyen hayallerimiz, \u00fctopyalar\u0131m\u0131z;  bizden biri olan Ahbarik Hrant \u0131n,  g\u00fcnah ke\u00e7ileri  ilan edilenlerin,  devletin duvarlar\u0131  ard\u0131na kapat\u0131lanlar\u0131n, s\u00fcrg\u00fcne g\u00f6nderilenlerin, kur\u015funlananlar\u0131n, yani has\u0131l\u0131 suda bal\u0131k, havada ku\u015f, toprakta kar\u0131nca kadar \u00e7ok olan onlar\u0131n insan(lar)\u0131m\u0131z\u0131n ele avuca s\u0131\u011fmaz \u00e7ocuksu sevda ve a\u015fklar\u0131yla beslendi&#8230; Bize d\u00fc\u015fense mahkemeden zindana -onlardan \u00f6\u011frendi\u011fimiz gibi- a\u015fktan ve hayattan vazge\u00e7meden, bizi insan k\u0131lan \u015feylere ihanet etmemek oldu&#8230; <\/p>\n","protected":false},"excerpt":{"rendered":"<p>\u00c7aresiz kald\u0131\u011f\u0131m zamanlarda gider, bir ta\u015f ustas\u0131 bulur, onu seyrederim. Adam belki y\u00fcz kere vurur ta\u015fa. Ama de\u011fil k\u0131rmak, k\u00fc\u00e7\u00fcc\u00fck bir \u00e7atlak bile olu\u015fturamaz. Sonra birden,<span class=\"excerpt-hellip\"> [\u2026]<\/span><\/p>\n","protected":false},"featured_media":0,"template":"","meta":{"_monsterinsights_skip_tracking":false,"_monsterinsights_sitenote_active":false,"_monsterinsights_sitenote_note":"","_monsterinsights_sitenote_category":0},"product_brand":[],"product_cat":[15350,17602],"product_tag":[],"class_list":{"0":"post-693275","1":"product","2":"type-product","3":"status-publish","5":"product_cat-hukuk","6":"product_cat-hukuk-uzerine","7":"pa_cilt-ciltsiz","8":"pa_tur-kitap","9":"pa_yayinevi-utopya-yayinevi","10":"pa_yazar-sibel-ozbudun","12":"first","13":"instock","14":"sale","15":"shipping-taxable","16":"purchasable","17":"product-type-simple"},"_links":{"self":[{"href":"https:\/\/roveyayinevi.com.tr\/index.php\/wp-json\/wp\/v2\/product\/693275","targetHints":{"allow":["GET"]}}],"collection":[{"href":"https:\/\/roveyayinevi.com.tr\/index.php\/wp-json\/wp\/v2\/product"}],"about":[{"href":"https:\/\/roveyayinevi.com.tr\/index.php\/wp-json\/wp\/v2\/types\/product"}],"wp:attachment":[{"href":"https:\/\/roveyayinevi.com.tr\/index.php\/wp-json\/wp\/v2\/media?parent=693275"}],"wp:term":[{"taxonomy":"product_brand","embeddable":true,"href":"https:\/\/roveyayinevi.com.tr\/index.php\/wp-json\/wp\/v2\/product_brand?post=693275"},{"taxonomy":"product_cat","embeddable":true,"href":"https:\/\/roveyayinevi.com.tr\/index.php\/wp-json\/wp\/v2\/product_cat?post=693275"},{"taxonomy":"product_tag","embeddable":true,"href":"https:\/\/roveyayinevi.com.tr\/index.php\/wp-json\/wp\/v2\/product_tag?post=693275"}],"curies":[{"name":"wp","href":"https:\/\/api.w.org\/{rel}","templated":true}]}}