{"id":693274,"date":"2025-08-27T14:13:27","date_gmt":"2025-08-27T11:13:27","guid":{"rendered":"https:\/\/roveyayinevi.com.tr\/index.php\/urun\/kis-ustasi\/"},"modified":"2026-04-16T02:03:07","modified_gmt":"2026-04-15T23:03:07","slug":"kis-ustasi","status":"publish","type":"product","link":"https:\/\/roveyayinevi.com.tr\/index.php\/urun\/kis-ustasi\/","title":{"rendered":"K\u0131\u015f Ustas\u0131"},"content":{"rendered":"<p>Tiffany S\u0131z\u0131 yanl\u0131\u015f bir ad\u0131m att\u0131, tek bir k\u00fc\u00e7\u00fck hata yapt\u0131&#8230; Ve \u015fimdi k\u0131\u015f\u0131n ruhu ona \u00e2\u015f\u0131k. Ona buzda\u011flar\u0131 arma\u011fan ediyor, \u00e7\u0131\u011f y\u0131\u011f\u0131nlar\u0131 ile a\u015fk\u0131n\u0131 dile getiriyor ve onu kar taneleri ile y\u0131k\u0131yordu. On \u00fc\u00e7 ya\u015f i\u00e7in a\u011f\u0131r bir konuydu bu, ama biraz da&#8230; haval\u0131yd\u0131. Ve e\u011fer Tiffany K\u0131\u015f Ustas\u0131n\u0131 vazge\u00e7iremezse bahar bir daha asla gelmeyecekti&#8230; Ve Tiffany istese de istemese de K\u00fc\u00e7\u00fck \u00d6zg\u00fcr Adamlar ona yard\u0131m edecekti. Hepsi ustaca tan\u0131t\u0131lm\u0131\u015f karakter; Tifanny\u2019yi kazanmak i\u00e7in t\u00fcm d\u00fcnyay\u0131 karla kaplam\u0131\u015f olan K\u0131\u015f Ustas\u0131 bile okuyucular\u0131n sempatisini kazanmay\u0131 ba\u015far\u0131yor. Sade ve zekice kullan\u0131lm\u0131\u015f mizah, serinin bu kitab\u0131na b\u00fcy\u00fck bir e\u011flence kat\u0131yor. -School Library Journal- Zekice tasarlanm\u0131\u015f komik diyaloglar ve hayal g\u00fcc\u00fcn\u00fcn zirvesi. -The Times- <\/p>\n","protected":false},"excerpt":{"rendered":"<p>Tiffany S\u0131z\u0131 yanl\u0131\u015f bir ad\u0131m att\u0131, tek bir k\u00fc\u00e7\u00fck hata yapt\u0131&#8230; Ve \u015fimdi k\u0131\u015f\u0131n ruhu ona \u00e2\u015f\u0131k. Ona buzda\u011flar\u0131 arma\u011fan ediyor, \u00e7\u0131\u011f y\u0131\u011f\u0131nlar\u0131 ile a\u015fk\u0131n\u0131 dile<span class=\"excerpt-hellip\"> [\u2026]<\/span><\/p>\n","protected":false},"featured_media":0,"template":"","meta":{"_monsterinsights_skip_tracking":false,"_monsterinsights_sitenote_active":false,"_monsterinsights_sitenote_note":"","_monsterinsights_sitenote_category":0},"product_brand":[],"product_cat":[12291,12711],"product_tag":[],"class_list":{"0":"post-693274","1":"product","2":"type-product","3":"status-publish","5":"product_cat-edebiyat","6":"product_cat-roman-oyku","7":"pa_tur-kitap","8":"pa_yayinevi-tudem-yayinlari","9":"pa_yazar-terry-pratchett","11":"first","12":"instock","13":"sale","14":"shipping-taxable","15":"purchasable","16":"product-type-simple"},"_links":{"self":[{"href":"https:\/\/roveyayinevi.com.tr\/index.php\/wp-json\/wp\/v2\/product\/693274","targetHints":{"allow":["GET"]}}],"collection":[{"href":"https:\/\/roveyayinevi.com.tr\/index.php\/wp-json\/wp\/v2\/product"}],"about":[{"href":"https:\/\/roveyayinevi.com.tr\/index.php\/wp-json\/wp\/v2\/types\/product"}],"wp:attachment":[{"href":"https:\/\/roveyayinevi.com.tr\/index.php\/wp-json\/wp\/v2\/media?parent=693274"}],"wp:term":[{"taxonomy":"product_brand","embeddable":true,"href":"https:\/\/roveyayinevi.com.tr\/index.php\/wp-json\/wp\/v2\/product_brand?post=693274"},{"taxonomy":"product_cat","embeddable":true,"href":"https:\/\/roveyayinevi.com.tr\/index.php\/wp-json\/wp\/v2\/product_cat?post=693274"},{"taxonomy":"product_tag","embeddable":true,"href":"https:\/\/roveyayinevi.com.tr\/index.php\/wp-json\/wp\/v2\/product_tag?post=693274"}],"curies":[{"name":"wp","href":"https:\/\/api.w.org\/{rel}","templated":true}]}}