{"id":693268,"date":"2025-08-27T14:13:26","date_gmt":"2025-08-27T11:13:26","guid":{"rendered":"https:\/\/roveyayinevi.com.tr\/index.php\/urun\/kirt-kirt-kagit\/"},"modified":"2026-04-16T02:03:06","modified_gmt":"2026-04-15T23:03:06","slug":"kirt-kirt-kagit","status":"publish","type":"product","link":"https:\/\/roveyayinevi.com.tr\/index.php\/urun\/kirt-kirt-kagit\/","title":{"rendered":"K\u0131rt K\u0131rt Ka\u011f\u0131t"},"content":{"rendered":"<p>\ufffcTan\u0131t\u0131m Metni<\/p>\n","protected":false},"excerpt":{"rendered":"<p>\ufffcTan\u0131t\u0131m Metni<\/p>\n","protected":false},"featured_media":0,"template":"","meta":{"_monsterinsights_skip_tracking":false,"_monsterinsights_sitenote_active":false,"_monsterinsights_sitenote_note":"","_monsterinsights_sitenote_category":0},"product_brand":[],"product_cat":[12831,12324],"product_tag":[],"class_list":{"0":"post-693268","1":"product","2":"type-product","3":"status-publish","5":"product_cat-aile-ve-cocuk","6":"product_cat-sosyoloji","7":"pa_tur-kitap","8":"pa_yayinevi-timas-cocuk","9":"pa_yazar-kolektif","11":"first","12":"instock","13":"sale","14":"shipping-taxable","15":"purchasable","16":"product-type-simple"},"_links":{"self":[{"href":"https:\/\/roveyayinevi.com.tr\/index.php\/wp-json\/wp\/v2\/product\/693268","targetHints":{"allow":["GET"]}}],"collection":[{"href":"https:\/\/roveyayinevi.com.tr\/index.php\/wp-json\/wp\/v2\/product"}],"about":[{"href":"https:\/\/roveyayinevi.com.tr\/index.php\/wp-json\/wp\/v2\/types\/product"}],"wp:attachment":[{"href":"https:\/\/roveyayinevi.com.tr\/index.php\/wp-json\/wp\/v2\/media?parent=693268"}],"wp:term":[{"taxonomy":"product_brand","embeddable":true,"href":"https:\/\/roveyayinevi.com.tr\/index.php\/wp-json\/wp\/v2\/product_brand?post=693268"},{"taxonomy":"product_cat","embeddable":true,"href":"https:\/\/roveyayinevi.com.tr\/index.php\/wp-json\/wp\/v2\/product_cat?post=693268"},{"taxonomy":"product_tag","embeddable":true,"href":"https:\/\/roveyayinevi.com.tr\/index.php\/wp-json\/wp\/v2\/product_tag?post=693268"}],"curies":[{"name":"wp","href":"https:\/\/api.w.org\/{rel}","templated":true}]}}