{"id":693266,"date":"2025-08-27T14:13:25","date_gmt":"2025-08-27T11:13:25","guid":{"rendered":"https:\/\/roveyayinevi.com.tr\/index.php\/urun\/ilk-ogretmenim-peygamberim\/"},"modified":"2026-04-16T02:03:06","modified_gmt":"2026-04-15T23:03:06","slug":"ilk-ogretmenim-peygamberim","status":"publish","type":"product","link":"https:\/\/roveyayinevi.com.tr\/index.php\/urun\/ilk-ogretmenim-peygamberim\/","title":{"rendered":"\u0130lk \u00d6\u011fretmenim Peygamberim"},"content":{"rendered":"<p>\ufffcEsin, Tekin ve Metin&#8230; Sevgili Peygamberimiz Hz. Muhammed&#8217;in (sav) g\u00fczel davran\u0131\u015flar\u0131n\u0131 uygulamaya \u00e7al\u0131\u015fan \u00fc\u00e7 arkada\u015f&#8230; Bunun i\u00e7in bir kul\u00fcp bile kurdular! &#8220;G\u00fczel Davrananlar Kul\u00fcb\u00fc&#8221; \u00fcyeleri olarak oyuncak\u00e7\u0131 Hasan Bey&#8217;in yard\u0131m\u0131yla Peygamberimizin s\u00fcnnetlerini \u00f6\u011freniyor ve arkada\u015flar\u0131na \u00f6\u011fretiyorlar.&#8221;\u0130lk \u00d6\u011fretmenim Peygamberim&#8221; kitab\u0131yla \u00e7ocuklar, bize hakikat konusunda \u0131\u015f\u0131k olan Peygamberimizin g\u00fczel davran\u0131\u015flar\u0131n\u0131 \u00f6\u011frenecek, onun davran\u0131\u015flar\u0131n\u0131n rehberli\u011finde daha iyi bir insan olmaya do\u011fru ad\u0131m atm\u0131\u015f olacaklar. Keyifli hik\u00e2yeleri minikler ebeveynlerinden dinleyebilir, alt\u0131 ya\u015f \u00fcst\u00fc \u00e7ocuklar ise rahatl\u0131kla okuyabilir, sanat etkinliklerini uygulayabilirler.<\/p>\n","protected":false},"excerpt":{"rendered":"<p>\ufffcEsin, Tekin ve Metin&#8230; Sevgili Peygamberimiz Hz. Muhammed&#8217;in (sav) g\u00fczel davran\u0131\u015flar\u0131n\u0131 uygulamaya \u00e7al\u0131\u015fan \u00fc\u00e7 arkada\u015f&#8230; Bunun i\u00e7in bir kul\u00fcp bile kurdular! &#8220;G\u00fczel Davrananlar Kul\u00fcb\u00fc&#8221; \u00fcyeleri olarak<span class=\"excerpt-hellip\"> [\u2026]<\/span><\/p>\n","protected":false},"featured_media":0,"template":"","meta":{"_monsterinsights_skip_tracking":false,"_monsterinsights_sitenote_active":false,"_monsterinsights_sitenote_note":"","_monsterinsights_sitenote_category":0},"product_brand":[],"product_cat":[12274,18802],"product_tag":[],"class_list":{"0":"post-693266","1":"product","2":"type-product","3":"status-publish","5":"product_cat-cocuk-ve-genclik-kitaplari","6":"product_cat-din-egitimi","7":"pa_cilt-ciltsiz","8":"pa_tur-kitap","9":"pa_yayinevi-timas-cocuk","10":"pa_yazar-nur-kutlu","12":"first","13":"instock","14":"sale","15":"shipping-taxable","16":"purchasable","17":"product-type-simple"},"_links":{"self":[{"href":"https:\/\/roveyayinevi.com.tr\/index.php\/wp-json\/wp\/v2\/product\/693266","targetHints":{"allow":["GET"]}}],"collection":[{"href":"https:\/\/roveyayinevi.com.tr\/index.php\/wp-json\/wp\/v2\/product"}],"about":[{"href":"https:\/\/roveyayinevi.com.tr\/index.php\/wp-json\/wp\/v2\/types\/product"}],"wp:attachment":[{"href":"https:\/\/roveyayinevi.com.tr\/index.php\/wp-json\/wp\/v2\/media?parent=693266"}],"wp:term":[{"taxonomy":"product_brand","embeddable":true,"href":"https:\/\/roveyayinevi.com.tr\/index.php\/wp-json\/wp\/v2\/product_brand?post=693266"},{"taxonomy":"product_cat","embeddable":true,"href":"https:\/\/roveyayinevi.com.tr\/index.php\/wp-json\/wp\/v2\/product_cat?post=693266"},{"taxonomy":"product_tag","embeddable":true,"href":"https:\/\/roveyayinevi.com.tr\/index.php\/wp-json\/wp\/v2\/product_tag?post=693266"}],"curies":[{"name":"wp","href":"https:\/\/api.w.org\/{rel}","templated":true}]}}