{"id":693258,"date":"2025-08-27T14:13:24","date_gmt":"2025-08-27T11:13:24","guid":{"rendered":"https:\/\/roveyayinevi.com.tr\/index.php\/urun\/kucuk-cadi-yesil\/"},"modified":"2026-04-16T02:03:06","modified_gmt":"2026-04-15T23:03:06","slug":"kucuk-cadi-yesil","status":"publish","type":"product","link":"https:\/\/roveyayinevi.com.tr\/index.php\/urun\/kucuk-cadi-yesil\/","title":{"rendered":"K\u00fc\u00e7\u00fck Cad\u0131 Ye\u015fil"},"content":{"rendered":"<p>Cad\u0131l\u0131k da neymi\u015f! Cad\u0131l\u0131k zor zanaat. \u0130\u015fin yoksa y\u0131llara meydan okuyarak s\u00fcrekli \u00e7al\u0131\u015f, kapal\u0131 kap\u0131lar ard\u0131nda, envai \u00e7e\u015fit tuhaf nesneyi bir araya getirerek garip garip b\u00fcy\u00fcler yap, \u00fcst\u00fcne bir de hem kimli\u011fini hem de ola\u011fand\u0131\u015f\u0131 g\u00fc\u00e7lerini etrafa belli etmeyeceksin diye \u00e7abala dur. Bu s\u0131rad\u0131\u015f\u0131 meslek, ilk ba\u015fta kula\u011fa cazip geliyor olsa da, zamanla s\u0131k\u0131c\u0131 bir h\u00e2le geldi\u011fi kesin. Nitekim kitab\u0131m\u0131z\u0131n kahraman\u0131 Ye\u015fil, daha yolun ba\u015f\u0131ndayken pes etmi\u015f durumda. Ye\u015fil, on bir ya\u015f\u0131nda k\u00fc\u00e7\u00fck bir \u00f6\u011frenci. Cad\u0131l\u0131k yetenekleri hen\u00fcz tam olarak a\u00e7\u0131\u011fa \u00e7\u0131kmam\u0131\u015f bir cad\u0131. Gelecekte bir g\u00fcn annesi ve anneannesi gibi bir cad\u0131ya d\u00f6n\u00fc\u015fece\u011fini biliyor olsa da, bir se\u00e7im \u015fans\u0131 olsa, normal biri olmay\u0131 tercih edece\u011fi kesin. Tabiri caizse cad\u0131 olmay\u0131 hi\u00e7 ama hi\u00e7 istemiyor. Bunun i\u00e7in de direnmeye haz\u0131r bir \u015fekilde her daim tetikte bekliyor. Asl\u0131nda Ye\u015fil\u2019in b\u00fcy\u00fcy\u00fcnce cad\u0131 olmaktan \u00e7ok daha renkli d\u00fc\u015fleri var: Mesela evlenmek gibi&#8230; Evet, evlenmek! Her zaman yoklu\u011funu hissetti\u011fi babas\u0131 gibi bir adamla mutlu bir yuva kurmak&#8230; Ye\u015fil\u2019in annesi Ursule, k\u0131z\u0131n\u0131n normal biri gibi davranmas\u0131ndan ve cad\u0131l\u0131k hakk\u0131ndaki olumsuz d\u00fc\u015f\u00fcncelerinden bir hayli s\u0131k\u0131nt\u0131l\u0131. Ona do\u011fru yolu g\u00f6sterebilmek i\u00e7inse her yolu denemeye haz\u0131r. Nas\u0131l bir karar almas\u0131 gerekti\u011fini tam olarak kestiremedi\u011fi bir tart\u0131\u015fman\u0131n sonras\u0131nda, annesi Anastabotte\u2019den yard\u0131m istiyor. Y\u0131llar\u0131n usta cad\u0131s\u0131 olan Ye\u015fil\u2019in anneannesi ise k\u0131z\u0131n\u0131n bu iste\u011fini memnuniyetle kabul ediyor. Y\u0131llar \u00f6nce asi k\u0131z\u0131n\u0131 dize getiren biri, yak\u0131\u015f\u0131kl\u0131 bir e\u015f hayali ile yan\u0131p tutu\u015fan k\u00fc\u00e7\u00fck bir k\u0131z\u0131 haydi haydi yola getirir diye d\u00fc\u015f\u00fcn\u00fcyor. Ama i\u015fler ne Ursule ne de Anastabotte\u2019nin umdu\u011fu gibi ilerlemiyor. Ye\u015fil\u2019in s\u0131n\u0131f arkada\u015f\u0131 Soufi\u2019nin  yak\u0131n  arkada\u015fl\u0131\u011f\u0131, Ye\u015fil\u2019i belki de hi\u00e7 olmak istemedi\u011fi bir yola do\u011fru s\u00fcr\u00fckl\u00fcyor. \u00dcstl\u00fcne \u00fcstl\u00fck tam da anneannesinden ald\u0131\u011f\u0131 cesaretle, y\u0131llar \u00f6nce ortadan yok olan babas\u0131 G\u00e9rard\u2019\u0131n izini s\u00fcrmeyi akl\u0131na koymu\u015fken&#8230; K\u00fc\u00e7\u00fck Cad\u0131 Ye\u015fil, hem k\u0131zlar\u0131n hem de erkeklerin b\u00fcy\u00fck keyif alarak okuyacaklar\u0131 bir kitap. Cad\u0131l\u0131k k\u0131zlara g\u00f6re diyerek kitab\u0131 okumay\u0131 reddeden erkekler yan\u0131l\u0131rlar. Size soruyoruz: \u0130leride bir g\u00fcn tan\u0131\u015faca\u011f\u0131n\u0131z sevimli bir k\u0131z\u0131n cad\u0131 olmayaca\u011f\u0131 ne malum? Frans\u0131z yazar Marie Desplechin de bu olas\u0131l\u0131\u011f\u0131 g\u00f6z ard\u0131 etmemi\u015f olacak ki, her okuyan\u0131n kendinden bir \u015feyler bulaca\u011f\u0131 i\u00e7ten, samimi bir romana imza atm\u0131\u015f. 21. y\u00fczy\u0131lda cad\u0131 da neymi\u015f dedi\u011finizi duyar gibiyiz. Hi\u00e7 olur mu! Bir yerlerde kar\u015f\u0131n\u0131za uzun sapl\u0131 bir \u00e7al\u0131 s\u00fcp\u00fcrgesi \u00e7\u0131karsa mutlaka \u015f\u00f6yle bir etraf\u0131n\u0131za bak\u0131n\u0131n. Belki de s\u00fcp\u00fcrgenin sahibi yak\u0131nlarda bir yerdedir. Kim bilir belki ileride yollar\u0131n\u0131z aniden kesi\u015fiverir. Belli olur mu hi\u00e7?.. K\u00fc\u00e7\u00fck Cad\u0131 Ye\u015fil, cad\u0131l\u0131k \u00fczerine al\u0131\u015f\u0131lm\u0131\u015f\u0131n d\u0131\u015f\u0131nda marjinal bir resim \u00e7iziyor gen\u00e7 okurlar\u0131n\u0131n zihninde. Bu e\u011flenceli aray\u0131\u015f \u00f6yk\u00fcs\u00fcn\u00fcn sat\u0131r aralar\u0131nda i\u015flenen ilk a\u015fk, kimlik aray\u0131\u015f\u0131, anne-baba sevgisi, yaln\u0131zl\u0131k ve farkl\u0131l\u0131k gibi temalar, okurlar\u0131n kitab\u0131n kahramanlar\u0131 ile empati kurmalar\u0131na ve kendi i\u00e7lerinde i\u00e7sel bir yolculu\u011fa \u00e7\u0131kmalar\u0131na \u00f6nayak oluyor. <\/p>\n","protected":false},"excerpt":{"rendered":"<p>Cad\u0131l\u0131k da neymi\u015f! Cad\u0131l\u0131k zor zanaat. \u0130\u015fin yoksa y\u0131llara meydan okuyarak s\u00fcrekli \u00e7al\u0131\u015f, kapal\u0131 kap\u0131lar ard\u0131nda, envai \u00e7e\u015fit tuhaf nesneyi bir araya getirerek garip garip b\u00fcy\u00fcler<span class=\"excerpt-hellip\"> [\u2026]<\/span><\/p>\n","protected":false},"featured_media":0,"template":"","meta":{"_monsterinsights_skip_tracking":false,"_monsterinsights_sitenote_active":false,"_monsterinsights_sitenote_note":"","_monsterinsights_sitenote_category":0},"product_brand":[],"product_cat":[12291,12711],"product_tag":[],"class_list":{"0":"post-693258","1":"product","2":"type-product","3":"status-publish","5":"product_cat-edebiyat","6":"product_cat-roman-oyku","7":"pa_tur-kitap","8":"pa_yayinevi-tudem-yayinlari","9":"pa_yazar-marie-desplechin","11":"first","12":"instock","13":"sale","14":"shipping-taxable","15":"purchasable","16":"product-type-simple"},"_links":{"self":[{"href":"https:\/\/roveyayinevi.com.tr\/index.php\/wp-json\/wp\/v2\/product\/693258","targetHints":{"allow":["GET"]}}],"collection":[{"href":"https:\/\/roveyayinevi.com.tr\/index.php\/wp-json\/wp\/v2\/product"}],"about":[{"href":"https:\/\/roveyayinevi.com.tr\/index.php\/wp-json\/wp\/v2\/types\/product"}],"wp:attachment":[{"href":"https:\/\/roveyayinevi.com.tr\/index.php\/wp-json\/wp\/v2\/media?parent=693258"}],"wp:term":[{"taxonomy":"product_brand","embeddable":true,"href":"https:\/\/roveyayinevi.com.tr\/index.php\/wp-json\/wp\/v2\/product_brand?post=693258"},{"taxonomy":"product_cat","embeddable":true,"href":"https:\/\/roveyayinevi.com.tr\/index.php\/wp-json\/wp\/v2\/product_cat?post=693258"},{"taxonomy":"product_tag","embeddable":true,"href":"https:\/\/roveyayinevi.com.tr\/index.php\/wp-json\/wp\/v2\/product_tag?post=693258"}],"curies":[{"name":"wp","href":"https:\/\/api.w.org\/{rel}","templated":true}]}}