{"id":693252,"date":"2025-08-27T14:13:22","date_gmt":"2025-08-27T11:13:22","guid":{"rendered":"https:\/\/roveyayinevi.com.tr\/index.php\/urun\/kapilandin-kobaylari\/"},"modified":"2026-04-16T02:03:06","modified_gmt":"2026-04-15T23:03:06","slug":"kapilandin-kobaylari","status":"publish","type":"product","link":"https:\/\/roveyayinevi.com.tr\/index.php\/urun\/kapilandin-kobaylari\/","title":{"rendered":"Kapiland\u2019\u0131n Kobaylar\u0131"},"content":{"rendered":"<p>Gen\u00e7lerde giderek artan \u015fiddet e\u011filimine \u00f6nlem olarak geli\u015ftirilen bir \u015furup: anti-row. Evet, art\u0131k \u015fiddet e\u011filimi g\u00f6r\u00fclm\u00fcyordu \u00e7\u00fcnk\u00fc gen\u00e7ler sadece t\u00fcketmeyi, daha \u00e7ok yemeyi, at\u0131\u015ft\u0131rmay\u0131 d\u00fc\u015f\u00fcn\u00fcyorlard\u0131. Anti-row \u015furubu ve Gdo\u2019lu g\u0131dalar, toplumsal \u015fiddeti yok etmi\u015fti; ama Kapiland\u2019\u0131n, insan sa\u011fl\u0131\u011f\u0131na y\u00f6nelen ticari \u015fiddetini ba\u015flatm\u0131\u015ft\u0131. Neydi \u015eu Gdo? \ufffcTan\u0131t\u0131m Metni<\/p>\n","protected":false},"excerpt":{"rendered":"<p>Gen\u00e7lerde giderek artan \u015fiddet e\u011filimine \u00f6nlem olarak geli\u015ftirilen bir \u015furup: anti-row. Evet, art\u0131k \u015fiddet e\u011filimi g\u00f6r\u00fclm\u00fcyordu \u00e7\u00fcnk\u00fc gen\u00e7ler sadece t\u00fcketmeyi, daha \u00e7ok yemeyi, at\u0131\u015ft\u0131rmay\u0131 d\u00fc\u015f\u00fcn\u00fcyorlard\u0131. Anti-row<span class=\"excerpt-hellip\"> [\u2026]<\/span><\/p>\n","protected":false},"featured_media":0,"template":"","meta":{"_monsterinsights_skip_tracking":false,"_monsterinsights_sitenote_active":false,"_monsterinsights_sitenote_note":"","_monsterinsights_sitenote_category":0},"product_brand":[],"product_cat":[12275,12274],"product_tag":[],"class_list":{"0":"post-693252","1":"product","2":"type-product","3":"status-publish","5":"product_cat-6-12-yas-kitaplari","6":"product_cat-cocuk-ve-genclik-kitaplari","7":"pa_cilt-ciltsiz","8":"pa_tur-kitap","9":"pa_yayinevi-tudem-yayinlari","10":"pa_yazar-miyase-sertbarut","12":"first","13":"instock","14":"sale","15":"shipping-taxable","16":"purchasable","17":"product-type-simple"},"_links":{"self":[{"href":"https:\/\/roveyayinevi.com.tr\/index.php\/wp-json\/wp\/v2\/product\/693252","targetHints":{"allow":["GET"]}}],"collection":[{"href":"https:\/\/roveyayinevi.com.tr\/index.php\/wp-json\/wp\/v2\/product"}],"about":[{"href":"https:\/\/roveyayinevi.com.tr\/index.php\/wp-json\/wp\/v2\/types\/product"}],"wp:attachment":[{"href":"https:\/\/roveyayinevi.com.tr\/index.php\/wp-json\/wp\/v2\/media?parent=693252"}],"wp:term":[{"taxonomy":"product_brand","embeddable":true,"href":"https:\/\/roveyayinevi.com.tr\/index.php\/wp-json\/wp\/v2\/product_brand?post=693252"},{"taxonomy":"product_cat","embeddable":true,"href":"https:\/\/roveyayinevi.com.tr\/index.php\/wp-json\/wp\/v2\/product_cat?post=693252"},{"taxonomy":"product_tag","embeddable":true,"href":"https:\/\/roveyayinevi.com.tr\/index.php\/wp-json\/wp\/v2\/product_tag?post=693252"}],"curies":[{"name":"wp","href":"https:\/\/api.w.org\/{rel}","templated":true}]}}