{"id":693245,"date":"2025-08-27T14:13:21","date_gmt":"2025-08-27T11:13:21","guid":{"rendered":"https:\/\/roveyayinevi.com.tr\/index.php\/urun\/kitabimin-kuran-oldugunu-biliyorum\/"},"modified":"2026-04-16T02:03:05","modified_gmt":"2026-04-15T23:03:05","slug":"kitabimin-kuran-oldugunu-biliyorum","status":"publish","type":"product","link":"https:\/\/roveyayinevi.com.tr\/index.php\/urun\/kitabimin-kuran-oldugunu-biliyorum\/","title":{"rendered":"Kitab\u0131m\u0131n Kur\u2019an Oldu\u011funu Biliyorum"},"content":{"rendered":"<p>&#8220;Cennet nerede? Beni kim yaratt\u0131? Neden dua ediyoruz?&#8221; gibi miniklerden gelen zorlu sorulara nas\u0131l cevap vermeliyiz,  onlara bu sorular\u0131n \u0131\u015f\u0131\u011f\u0131nda  dinimizin esaslar\u0131n\u0131 nas\u0131l anlatmal\u0131y\u0131z? &#8220;Dinimi \u00d6\u011freniyorum&#8221; serisi \u00e7ocuklar\u0131m\u0131za bu sorular\u0131n cevab\u0131n\u0131 en do\u011fru \u015fekilde verilebilmesi i\u00e7in haz\u0131rland\u0131&#8230; Dini de\u011ferler ile ilgili merak ettiklerinin cevaplar\u0131n\u0131 do\u011fru alan \u00e7ocuklar, hayatlar\u0131n\u0131n geri kalan\u0131nda sa\u011flam bir bak\u0131\u015f a\u00e7\u0131s\u0131 ve anlam d\u00fcnyas\u0131na sahip olacaklard\u0131r. \u00c7ocuklar\u0131n keyifle okuyup &#8220;Dinimi \u00d6\u011freniyorum&#8221; diyecekleri bu \u00f6yk\u00fcler, ayn\u0131 zamanda  ebeveyn ve e\u011fitimciler i\u00e7in de yol g\u00f6sterici nitelikte&#8230; <\/p>\n","protected":false},"excerpt":{"rendered":"<p>&#8220;Cennet nerede? Beni kim yaratt\u0131? Neden dua ediyoruz?&#8221; gibi miniklerden gelen zorlu sorulara nas\u0131l cevap vermeliyiz, onlara bu sorular\u0131n \u0131\u015f\u0131\u011f\u0131nda dinimizin esaslar\u0131n\u0131 nas\u0131l anlatmal\u0131y\u0131z? &#8220;Dinimi \u00d6\u011freniyorum&#8221;<span class=\"excerpt-hellip\"> [\u2026]<\/span><\/p>\n","protected":false},"featured_media":0,"template":"","meta":{"_monsterinsights_skip_tracking":false,"_monsterinsights_sitenote_active":false,"_monsterinsights_sitenote_note":"","_monsterinsights_sitenote_category":0},"product_brand":[],"product_cat":[12274,18802],"product_tag":[],"class_list":{"0":"post-693245","1":"product","2":"type-product","3":"status-publish","5":"product_cat-cocuk-ve-genclik-kitaplari","6":"product_cat-din-egitimi","7":"pa_cilt-ciltsiz","8":"pa_tur-kitap","9":"pa_yayinevi-timas-cocuk","10":"pa_yazar-omer-baldik","12":"first","13":"instock","14":"sale","15":"shipping-taxable","16":"purchasable","17":"product-type-simple"},"_links":{"self":[{"href":"https:\/\/roveyayinevi.com.tr\/index.php\/wp-json\/wp\/v2\/product\/693245","targetHints":{"allow":["GET"]}}],"collection":[{"href":"https:\/\/roveyayinevi.com.tr\/index.php\/wp-json\/wp\/v2\/product"}],"about":[{"href":"https:\/\/roveyayinevi.com.tr\/index.php\/wp-json\/wp\/v2\/types\/product"}],"wp:attachment":[{"href":"https:\/\/roveyayinevi.com.tr\/index.php\/wp-json\/wp\/v2\/media?parent=693245"}],"wp:term":[{"taxonomy":"product_brand","embeddable":true,"href":"https:\/\/roveyayinevi.com.tr\/index.php\/wp-json\/wp\/v2\/product_brand?post=693245"},{"taxonomy":"product_cat","embeddable":true,"href":"https:\/\/roveyayinevi.com.tr\/index.php\/wp-json\/wp\/v2\/product_cat?post=693245"},{"taxonomy":"product_tag","embeddable":true,"href":"https:\/\/roveyayinevi.com.tr\/index.php\/wp-json\/wp\/v2\/product_tag?post=693245"}],"curies":[{"name":"wp","href":"https:\/\/api.w.org\/{rel}","templated":true}]}}